{"id":1711,"date":"2014-07-11T11:26:03","date_gmt":"2014-07-11T15:26:03","guid":{"rendered":"http:\/\/www.runottawa.ca\/about-run-ottawa\/organization\/sponsorship-advertising-opportunities\/"},"modified":"2024-11-19T08:50:07","modified_gmt":"2024-11-19T13:50:07","slug":"sponsorship-advertising-opportunities","status":"publish","type":"page","link":"https:\/\/www.runottawa.ca\/fr\/torw\/information\/commanditaires\/sponsorship-advertising-opportunities\/","title":{"rendered":"Possibilit\u00e9s De Commandite Et De Publicit\u00e9"},"content":{"rendered":"<p><strong>Occasions de commandite\u00a0<\/strong><\/p>\n<p>Le programme de partenariat d&rsquo;entreprises de la Fin de semaine des courses Tamarack d&rsquo;Ottawa et du Marathon d&rsquo;Ottawa Banque Scotia pr\u00e9sente aux entreprises des occasions de participer \u00e0 un niveau qui refl\u00e8te les objectifs et le budget qui leur sont propres. \u00a0La Fin de semaine des courses Tamarack d&rsquo;Ottawa travaillera avec vous \u00e0 l&rsquo;adaptation de votre participation et vous montrera comment vous pouvez tirer enti\u00e8rement partie des occasions de marketing qui s&rsquo;offrent \u00e0 vous gr\u00e2ce \u00e0 ce programme. \u00a0Pour explorer les occasions de marketing possibles, pri\u00e8re de communiquer avec<\/p>\n<div>\n<div style=\"font-family: Verdana, sans-serif; font-size: 12px;\"><strong>John Halvorsen<\/strong><\/div>\n<div style=\"font-family: Verdana, sans-serif; font-size: 12px;\"><strong>Directeur des courses et pr\u00e9sident<\/strong><\/div>\n<div style=\"font-family: Verdana, sans-serif; font-size: 12px;\"><strong>Fin de semaine des courses d\u2019Ottawa<\/strong><\/div>\n<div style=\"font-family: Verdana, sans-serif; font-size: 12px;\">T\u00e9l : 613-234-2221<\/div>\n<div style=\"font-family: Verdana, sans-serif; font-size: 12px;\">Fax : 613-234-5880<\/div>\n<div style=\"font-family: Verdana, sans-serif; font-size: 12px;\">Courriel :\u00a0<a href=\"mailto:halvorsen@runottawa.ca\">halvorsen@runottawa.ca <\/a><\/div>\n<\/div>\n<h3><\/h3>\n<div><strong style=\"font-family: Helvetica, Arial, sans-serif; font-size: 17px;\">SOMMAIRE DES OCCASIONS DE COMMANDITE ET DE PUBLICIT\u00c9<\/strong><\/div>\n<p><strong style=\"font-family: Helvetica, Arial, sans-serif; font-size: 17px;\">Commandites en titre<\/strong><\/p>\n<p>Les occasions de commandites en titre vous permettent de poss\u00e9der des activit\u00e9s cl\u00e9s de la Fin de semaine des courses Tamarack d&rsquo;Ottawa comme, par exemple, une course, une activit\u00e9 (expo, etc.) ou une aire physique du site (le vestiaire, la tente VIP, etc.). \u00a0Cette occasion est id\u00e9ale pour toute entreprise qui veut s&rsquo;associer \u00e0 un auditoire de course sp\u00e9cifique et, en m\u00eame temps, b\u00e9n\u00e9ficier des occasions de visibilit\u00e9 d&rsquo;ensemble associ\u00e9es \u00e0 l&rsquo;activit\u00e9 commandit\u00e9e ainsi qu&rsquo;aux activit\u00e9s de marketing durant toute l&rsquo;ann\u00e9e. \u00a0La commandite \u00e0 ce niveau est g\u00e9n\u00e9ralement exclusive pour l&rsquo;activit\u00e9 toute enti\u00e8re par cat\u00e9gorie d&rsquo;industrie.<\/p>\n<p><strong>Fournisseur officiel et \u00e9chantillonnage<\/strong><\/p>\n<p>Cette occasion est id\u00e9ale pour toute entreprise qui veut faire reconna\u00eetre sa marque comme \u00ab Fournisseur officiel \u00bb de l&rsquo;une des activit\u00e9s de la plus importante fin de semaine de course du Canada et recevoir toute une gamme de visibilit\u00e9 li\u00e9e \u00e0 l&rsquo;activit\u00e9 et tout l&rsquo;ann\u00e9e et des occasions de marketing align\u00e9es \u00e0 la valeur offerte aux coureurs. \u00a0\u00c0 ce niveau, la commandite est typiquement exclusive pour l&rsquo;activit\u00e9 toute enti\u00e8re, par cat\u00e9gorie d&rsquo;industrie.<\/p>\n<p><strong style=\"font-family: Helvetica, Arial, sans-serif; font-size: 17px;\">Expo des courses<\/strong><\/p>\n<p>L&rsquo;expo des courses est un endroit fantastique o\u00f9 rencontrer des coureurs de tous les coins du Canada et pour offrir vos produits et\/ou services. \u00a0Pri\u00e8re de consulter la section EXPOSANTS.<\/p>\n<p><strong>Le sac de course virtuel<\/strong><\/p>\n<p>Cette ann\u00e9e, la Fin de semaine des courses Tamarack d&rsquo;Ottawa aura un Sac de course virtuel. \u00a0Il sera livr\u00e9 \u00e9lectroniquement \u00e0 tous les participants et on y trouvera des spots publicitaires et des coupons pour promouvoir votre pr\u00e9sence \u00e0 l&rsquo;expo des courses, \u00e0 votre restaurant local, etc. \u00a0Pri\u00e8re de contacter <a href=\"mailto:questions@runottawa.ca\">questions@runottawa.ca <\/a> \u00a0pour avoir plus de d\u00e9tails.<\/p>\n<h3><strong>Guide des activit\u00e9s<\/strong><\/h3>\n<p>Chaque ann\u00e9e la Fin de semaine des courses Tamarack d&rsquo;Ottawa produit un guide des activit\u00e9s rempli d&rsquo;information et de pages de publicit\u00e9. \u00a0Ce guide est distribut\u00e9 \u00e0 tous les coureurs et aux spectateurs. \u00a0Pri\u00e8re de contacter\u00a0<a href=\"mailto:questions@runottawa.ca\">questions@runottawa.ca <\/a>\u00a0pour avoir plus de d\u00e9tails.<\/p>\n<div><\/div>\n","protected":false},"excerpt":{"rendered":"<p>Occasions de commandite\u00a0 Le programme de partenariat d&rsquo;entreprises de la Fin de semaine des courses Tamarack d&rsquo;Ottawa et du Marathon d&rsquo;Ottawa Banque Scotia pr\u00e9sente aux entreprises des occasions de participer \u00e0 un niveau qui refl\u00e8te les objectifs et le budget qui leur sont propres. \u00a0La Fin de semaine des courses [&hellip;]<\/p>\n","protected":false},"author":33,"featured_media":0,"parent":2876,"menu_order":498,"comment_status":"closed","ping_status":"open","template":"","meta":{"_acf_changed":false,"footnotes":""},"class_list":["post-1711","page","type-page","status-publish","hentry"],"acf":[],"yoast_head":"<!-- This site is optimized with the Yoast SEO plugin v27.5 - https:\/\/yoast.com\/product\/yoast-seo-wordpress\/ -->\n<title>Possibilit\u00e9s De Commandite Et De Publicit\u00e9 - Run Ottawa<\/title>\n<meta name=\"robots\" content=\"index, follow, max-snippet:-1, max-image-preview:large, max-video-preview:-1\" \/>\n<link rel=\"canonical\" href=\"https:\/\/www.runottawa.ca\/fr\/torw\/information\/commanditaires\/sponsorship-advertising-opportunities\/\" \/>\n<meta name=\"twitter:label1\" content=\"Dur\u00e9e de lecture estim\u00e9e\" \/>\n\t<meta name=\"twitter:data1\" content=\"2 minutes\" \/>\n<script type=\"application\/ld+json\" class=\"yoast-schema-graph\">{\"@context\":\"https:\\\/\\\/schema.org\",\"@graph\":[{\"@type\":\"WebPage\",\"@id\":\"https:\\\/\\\/www.runottawa.ca\\\/fr\\\/torw\\\/information\\\/commanditaires\\\/sponsorship-advertising-opportunities\\\/\",\"url\":\"https:\\\/\\\/www.runottawa.ca\\\/fr\\\/torw\\\/information\\\/commanditaires\\\/sponsorship-advertising-opportunities\\\/\",\"name\":\"Possibilit\u00e9s De Commandite Et De Publicit\u00e9 - Run Ottawa\",\"isPartOf\":{\"@id\":\"https:\\\/\\\/www.runottawa.ca\\\/fr\\\/#website\"},\"datePublished\":\"2014-07-11T15:26:03+00:00\",\"dateModified\":\"2024-11-19T13:50:07+00:00\",\"breadcrumb\":{\"@id\":\"https:\\\/\\\/www.runottawa.ca\\\/fr\\\/torw\\\/information\\\/commanditaires\\\/sponsorship-advertising-opportunities\\\/#breadcrumb\"},\"inLanguage\":\"fr-FR\",\"potentialAction\":[{\"@type\":\"ReadAction\",\"target\":[\"https:\\\/\\\/www.runottawa.ca\\\/fr\\\/torw\\\/information\\\/commanditaires\\\/sponsorship-advertising-opportunities\\\/\"]}]},{\"@type\":\"BreadcrumbList\",\"@id\":\"https:\\\/\\\/www.runottawa.ca\\\/fr\\\/torw\\\/information\\\/commanditaires\\\/sponsorship-advertising-opportunities\\\/#breadcrumb\",\"itemListElement\":[{\"@type\":\"ListItem\",\"position\":1,\"name\":\"Home\",\"item\":\"https:\\\/\\\/www.runottawa.ca\\\/fr\\\/\"},{\"@type\":\"ListItem\",\"position\":2,\"name\":\"Fin de semaine des courses Tamarack d\u2019Ottawa\",\"item\":\"https:\\\/\\\/www.runottawa.ca\\\/fr\\\/\"},{\"@type\":\"ListItem\",\"position\":3,\"name\":\"Information\",\"item\":\"https:\\\/\\\/www.runottawa.ca\\\/fr\\\/torw\\\/information\\\/\"},{\"@type\":\"ListItem\",\"position\":4,\"name\":\"Commanditaires\",\"item\":\"https:\\\/\\\/www.runottawa.ca\\\/fr\\\/torw\\\/information\\\/commanditaires\\\/\"},{\"@type\":\"ListItem\",\"position\":5,\"name\":\"Possibilit\u00e9s De Commandite Et De Publicit\u00e9\"}]},{\"@type\":\"WebSite\",\"@id\":\"https:\\\/\\\/www.runottawa.ca\\\/fr\\\/#website\",\"url\":\"https:\\\/\\\/www.runottawa.ca\\\/fr\\\/\",\"name\":\"Run Ottawa\",\"description\":\"\",\"potentialAction\":[{\"@type\":\"SearchAction\",\"target\":{\"@type\":\"EntryPoint\",\"urlTemplate\":\"https:\\\/\\\/www.runottawa.ca\\\/fr\\\/?s={search_term_string}\"},\"query-input\":{\"@type\":\"PropertyValueSpecification\",\"valueRequired\":true,\"valueName\":\"search_term_string\"}}],\"inLanguage\":\"fr-FR\"}]}<\/script>\n<!-- \/ Yoast SEO plugin. -->","yoast_head_json":{"title":"Possibilit\u00e9s De Commandite Et De Publicit\u00e9 - Run Ottawa","robots":{"index":"index","follow":"follow","max-snippet":"max-snippet:-1","max-image-preview":"max-image-preview:large","max-video-preview":"max-video-preview:-1"},"canonical":"https:\/\/www.runottawa.ca\/fr\/torw\/information\/commanditaires\/sponsorship-advertising-opportunities\/","twitter_misc":{"Dur\u00e9e de lecture estim\u00e9e":"2 minutes"},"schema":{"@context":"https:\/\/schema.org","@graph":[{"@type":"WebPage","@id":"https:\/\/www.runottawa.ca\/fr\/torw\/information\/commanditaires\/sponsorship-advertising-opportunities\/","url":"https:\/\/www.runottawa.ca\/fr\/torw\/information\/commanditaires\/sponsorship-advertising-opportunities\/","name":"Possibilit\u00e9s De Commandite Et De Publicit\u00e9 - Run Ottawa","isPartOf":{"@id":"https:\/\/www.runottawa.ca\/fr\/#website"},"datePublished":"2014-07-11T15:26:03+00:00","dateModified":"2024-11-19T13:50:07+00:00","breadcrumb":{"@id":"https:\/\/www.runottawa.ca\/fr\/torw\/information\/commanditaires\/sponsorship-advertising-opportunities\/#breadcrumb"},"inLanguage":"fr-FR","potentialAction":[{"@type":"ReadAction","target":["https:\/\/www.runottawa.ca\/fr\/torw\/information\/commanditaires\/sponsorship-advertising-opportunities\/"]}]},{"@type":"BreadcrumbList","@id":"https:\/\/www.runottawa.ca\/fr\/torw\/information\/commanditaires\/sponsorship-advertising-opportunities\/#breadcrumb","itemListElement":[{"@type":"ListItem","position":1,"name":"Home","item":"https:\/\/www.runottawa.ca\/fr\/"},{"@type":"ListItem","position":2,"name":"Fin de semaine des courses Tamarack d\u2019Ottawa","item":"https:\/\/www.runottawa.ca\/fr\/"},{"@type":"ListItem","position":3,"name":"Information","item":"https:\/\/www.runottawa.ca\/fr\/torw\/information\/"},{"@type":"ListItem","position":4,"name":"Commanditaires","item":"https:\/\/www.runottawa.ca\/fr\/torw\/information\/commanditaires\/"},{"@type":"ListItem","position":5,"name":"Possibilit\u00e9s De Commandite Et De Publicit\u00e9"}]},{"@type":"WebSite","@id":"https:\/\/www.runottawa.ca\/fr\/#website","url":"https:\/\/www.runottawa.ca\/fr\/","name":"Run Ottawa","description":"","potentialAction":[{"@type":"SearchAction","target":{"@type":"EntryPoint","urlTemplate":"https:\/\/www.runottawa.ca\/fr\/?s={search_term_string}"},"query-input":{"@type":"PropertyValueSpecification","valueRequired":true,"valueName":"search_term_string"}}],"inLanguage":"fr-FR"}]}},"_links":{"self":[{"href":"https:\/\/www.runottawa.ca\/fr\/wp-json\/wp\/v2\/pages\/1711","targetHints":{"allow":["GET"]}}],"collection":[{"href":"https:\/\/www.runottawa.ca\/fr\/wp-json\/wp\/v2\/pages"}],"about":[{"href":"https:\/\/www.runottawa.ca\/fr\/wp-json\/wp\/v2\/types\/page"}],"author":[{"embeddable":true,"href":"https:\/\/www.runottawa.ca\/fr\/wp-json\/wp\/v2\/users\/33"}],"replies":[{"embeddable":true,"href":"https:\/\/www.runottawa.ca\/fr\/wp-json\/wp\/v2\/comments?post=1711"}],"version-history":[{"count":8,"href":"https:\/\/www.runottawa.ca\/fr\/wp-json\/wp\/v2\/pages\/1711\/revisions"}],"predecessor-version":[{"id":40254,"href":"https:\/\/www.runottawa.ca\/fr\/wp-json\/wp\/v2\/pages\/1711\/revisions\/40254"}],"up":[{"embeddable":true,"href":"https:\/\/www.runottawa.ca\/fr\/wp-json\/wp\/v2\/pages\/2876"}],"wp:attachment":[{"href":"https:\/\/www.runottawa.ca\/fr\/wp-json\/wp\/v2\/media?parent=1711"}],"curies":[{"name":"wp","href":"https:\/\/api.w.org\/{rel}","templated":true}]}}