{"id":1704,"date":"2014-07-11T11:14:33","date_gmt":"2014-07-11T15:14:33","guid":{"rendered":"http:\/\/www.runottawa.ca\/whats-new\/media-centre\/accreditation-2\/"},"modified":"2024-02-13T09:12:05","modified_gmt":"2024-02-13T14:12:05","slug":"accreditation","status":"publish","type":"page","link":"https:\/\/www.runottawa.ca\/fr\/torw\/medias\/centre-des-medias\/accreditation\/","title":{"rendered":"Accr\u00e9ditation"},"content":{"rendered":"<p>Tous les m\u00e9dias qui d\u00e9sirent avoir acc\u00e8s aux zones r\u00e9serv\u00e9es pendant la Fin de semaine des courses Tamarack d\u2019Ottawa, doivent recevoir des titres d\u2019accr\u00e9ditation.\u00a0 Pour ce faire, remplissez <a href=\"https:\/\/www.runottawa.ca\/fr\/formulaire-daccreditation\">le formulaire d\u2019accr\u00e9ditation<\/a>. Ceci vous donnera acc\u00e8s :<\/p>\n<ul>\n<li>\u00e0 la salle des medias (situ\u00e9e dans l\u2019h\u00f4tel de ville; acc\u00e8s au wifi; la salle est sous surveillance)<\/li>\n<li>\u00e0 la ligne d\u2019arriv\u00e9e<\/li>\n<\/ul>\n<p>L\u2019aire m\u00e9dicale est une zone restreinte. Aucun acc\u00e8s n\u2019est permis aux m\u00e9dias dans cette <span style=\"text-decoration: underline;\"><strong>zone. <\/strong><\/span><\/p>\n<p>Les m\u00e9dias qui pr\u00e9voient d\u00e9p\u00eacher une grande \u00e9quipe sont pri\u00e9s de nous fournir:<\/p>\n<ul>\n<li>les coordonn\u00e9es d\u2019une personne contact avec la salle de presse pour les demandes de renseignements,<\/li>\n<li>une liste compl\u00e8te (la plus exacte possible) de ceux qui couvriront l\u2019activit\u00e9 sur place et<\/li>\n<li>le nombre total de laissez-passer demand\u00e9s pour les cadreurs, photographes et reporters.<\/li>\n<\/ul>\n<p><em>Veuillez noter que Courez Ottawa ne remboursera pas les frais de d\u00e9placement et n\u2019h\u00e9bergera pas le personnel des m\u00e9dias qui feront la couverture de la Fin de semaine des courses Tamarack d\u2019Ottawa.<\/em><\/p>\n<h3><strong>Ligne de d\u00e9part et d\u2019arriv\u00e9e<\/strong><\/h3>\n<ul>\n<li>Seuls les photographes et les cam\u00e9ramen munis de l\u2019accr\u00e9ditation voulue auront acc\u00e8s \u00e0 l\u2019int\u00e9rieur des barricades \u00e0 la ligne de d\u00e9part et d\u2019arriv\u00e9e.<\/li>\n<li>On demandera aux journalists et autre personnel de soutient d\u2019observer les d\u00e9parts et arriv\u00e9es depuis une plateforme dans l\u2019aire des m\u00e9dias situ\u00e9e \u00e0 l\u2019ext\u00e9rieur des barricades.<\/li>\n<li>Les vainqueurs et tous les coureurs d\u2019\u00e9lite se rendront \u00e0 l\u2019aire des m\u00e9dias imm\u00e9diatement apr\u00e8s la course pour se livrer \u00e0 des entrevues de type m\u00eal\u00e9e de presse ou de type individuel avec les m\u00e9dias.<\/li>\n<\/ul>\n<p>Une personne des relations avec les m\u00e9dias sera disponible pour vous aider \u00e0 identifier les gagnants et pour vous assurer d\u2019avoir votre entrevue.<\/p>\n<h3><strong>V\u00e9hicules de t\u00eate<\/strong><\/h3>\n<ul>\n<li>Les journalistes, photographes et cam\u00e9ramen munis de l\u2019accr\u00e9ditation voulue ont acc\u00e8s aux v\u00e9hicules m\u00e9diatiques qui devancent les coureurs d\u2019\u00e9lite sur le parcours du 10K et le marathon.<\/li>\n<li>Soyez \u00e0 la ligne de d\u00e9part 30 minutes avant l\u2019heure de d\u00e9part (18 h pour le 10K et 6 h 30 pour le marathon).<\/li>\n<li>10K\u00a0\u2013 Le v\u00e9hicule des m\u00e9dias partira avec les femmes, environ 4 minutes avant les hommes.<\/li>\n<\/ul>\n<h3><em><strong>Les lettres d&rsquo;invitation pour les demandes de visa ne seront propos\u00e9es que jusqu&rsquo;au 16 f\u00e9vrier 2024. Nous vous remercions de votre compr\u00e9hension.<\/strong><\/em><\/h3>\n","protected":false},"excerpt":{"rendered":"<p>Tous les m\u00e9dias qui d\u00e9sirent avoir acc\u00e8s aux zones r\u00e9serv\u00e9es pendant la Fin de semaine des courses Tamarack d\u2019Ottawa, doivent recevoir des titres d\u2019accr\u00e9ditation.\u00a0 Pour ce faire, remplissez le formulaire d\u2019accr\u00e9ditation. Ceci vous donnera acc\u00e8s : \u00e0 la salle des medias (situ\u00e9e dans l\u2019h\u00f4tel de ville; acc\u00e8s au wifi; la [&hellip;]<\/p>\n","protected":false},"author":33,"featured_media":0,"parent":1687,"menu_order":185,"comment_status":"closed","ping_status":"open","template":"template-page.php","meta":{"_acf_changed":false,"footnotes":""},"class_list":["post-1704","page","type-page","status-publish","hentry"],"acf":[],"yoast_head":"<!-- This site is optimized with the Yoast SEO plugin v27.4 - https:\/\/yoast.com\/product\/yoast-seo-wordpress\/ -->\n<title>Accr\u00e9ditation - Run Ottawa<\/title>\n<meta name=\"robots\" content=\"index, follow, max-snippet:-1, max-image-preview:large, max-video-preview:-1\" \/>\n<link rel=\"canonical\" href=\"https:\/\/www.runottawa.ca\/fr\/torw\/medias\/centre-des-medias\/accreditation\/\" \/>\n<meta name=\"twitter:label1\" content=\"Dur\u00e9e de lecture estim\u00e9e\" \/>\n\t<meta name=\"twitter:data1\" content=\"2 minutes\" \/>\n<script type=\"application\/ld+json\" class=\"yoast-schema-graph\">{\"@context\":\"https:\\\/\\\/schema.org\",\"@graph\":[{\"@type\":\"WebPage\",\"@id\":\"https:\\\/\\\/www.runottawa.ca\\\/fr\\\/torw\\\/medias\\\/centre-des-medias\\\/accreditation\\\/\",\"url\":\"https:\\\/\\\/www.runottawa.ca\\\/fr\\\/torw\\\/medias\\\/centre-des-medias\\\/accreditation\\\/\",\"name\":\"Accr\u00e9ditation - Run Ottawa\",\"isPartOf\":{\"@id\":\"https:\\\/\\\/www.runottawa.ca\\\/fr\\\/#website\"},\"datePublished\":\"2014-07-11T15:14:33+00:00\",\"dateModified\":\"2024-02-13T14:12:05+00:00\",\"breadcrumb\":{\"@id\":\"https:\\\/\\\/www.runottawa.ca\\\/fr\\\/torw\\\/medias\\\/centre-des-medias\\\/accreditation\\\/#breadcrumb\"},\"inLanguage\":\"fr-FR\",\"potentialAction\":[{\"@type\":\"ReadAction\",\"target\":[\"https:\\\/\\\/www.runottawa.ca\\\/fr\\\/torw\\\/medias\\\/centre-des-medias\\\/accreditation\\\/\"]}]},{\"@type\":\"BreadcrumbList\",\"@id\":\"https:\\\/\\\/www.runottawa.ca\\\/fr\\\/torw\\\/medias\\\/centre-des-medias\\\/accreditation\\\/#breadcrumb\",\"itemListElement\":[{\"@type\":\"ListItem\",\"position\":1,\"name\":\"Home\",\"item\":\"https:\\\/\\\/www.runottawa.ca\\\/fr\\\/\"},{\"@type\":\"ListItem\",\"position\":2,\"name\":\"Fin de semaine des courses Tamarack d\u2019Ottawa\",\"item\":\"https:\\\/\\\/www.runottawa.ca\\\/fr\\\/\"},{\"@type\":\"ListItem\",\"position\":3,\"name\":\"M\u00e9dias\",\"item\":\"https:\\\/\\\/www.runottawa.ca\\\/fr\\\/torw\\\/medias\\\/\"},{\"@type\":\"ListItem\",\"position\":4,\"name\":\"Centre des m\u00e9dias\",\"item\":\"https:\\\/\\\/www.runottawa.ca\\\/fr\\\/torw\\\/medias\\\/centre-des-medias\\\/\"},{\"@type\":\"ListItem\",\"position\":5,\"name\":\"Accr\u00e9ditation\"}]},{\"@type\":\"WebSite\",\"@id\":\"https:\\\/\\\/www.runottawa.ca\\\/fr\\\/#website\",\"url\":\"https:\\\/\\\/www.runottawa.ca\\\/fr\\\/\",\"name\":\"Run Ottawa\",\"description\":\"\",\"potentialAction\":[{\"@type\":\"SearchAction\",\"target\":{\"@type\":\"EntryPoint\",\"urlTemplate\":\"https:\\\/\\\/www.runottawa.ca\\\/fr\\\/?s={search_term_string}\"},\"query-input\":{\"@type\":\"PropertyValueSpecification\",\"valueRequired\":true,\"valueName\":\"search_term_string\"}}],\"inLanguage\":\"fr-FR\"}]}<\/script>\n<!-- \/ Yoast SEO plugin. -->","yoast_head_json":{"title":"Accr\u00e9ditation - Run Ottawa","robots":{"index":"index","follow":"follow","max-snippet":"max-snippet:-1","max-image-preview":"max-image-preview:large","max-video-preview":"max-video-preview:-1"},"canonical":"https:\/\/www.runottawa.ca\/fr\/torw\/medias\/centre-des-medias\/accreditation\/","twitter_misc":{"Dur\u00e9e de lecture estim\u00e9e":"2 minutes"},"schema":{"@context":"https:\/\/schema.org","@graph":[{"@type":"WebPage","@id":"https:\/\/www.runottawa.ca\/fr\/torw\/medias\/centre-des-medias\/accreditation\/","url":"https:\/\/www.runottawa.ca\/fr\/torw\/medias\/centre-des-medias\/accreditation\/","name":"Accr\u00e9ditation - Run Ottawa","isPartOf":{"@id":"https:\/\/www.runottawa.ca\/fr\/#website"},"datePublished":"2014-07-11T15:14:33+00:00","dateModified":"2024-02-13T14:12:05+00:00","breadcrumb":{"@id":"https:\/\/www.runottawa.ca\/fr\/torw\/medias\/centre-des-medias\/accreditation\/#breadcrumb"},"inLanguage":"fr-FR","potentialAction":[{"@type":"ReadAction","target":["https:\/\/www.runottawa.ca\/fr\/torw\/medias\/centre-des-medias\/accreditation\/"]}]},{"@type":"BreadcrumbList","@id":"https:\/\/www.runottawa.ca\/fr\/torw\/medias\/centre-des-medias\/accreditation\/#breadcrumb","itemListElement":[{"@type":"ListItem","position":1,"name":"Home","item":"https:\/\/www.runottawa.ca\/fr\/"},{"@type":"ListItem","position":2,"name":"Fin de semaine des courses Tamarack d\u2019Ottawa","item":"https:\/\/www.runottawa.ca\/fr\/"},{"@type":"ListItem","position":3,"name":"M\u00e9dias","item":"https:\/\/www.runottawa.ca\/fr\/torw\/medias\/"},{"@type":"ListItem","position":4,"name":"Centre des m\u00e9dias","item":"https:\/\/www.runottawa.ca\/fr\/torw\/medias\/centre-des-medias\/"},{"@type":"ListItem","position":5,"name":"Accr\u00e9ditation"}]},{"@type":"WebSite","@id":"https:\/\/www.runottawa.ca\/fr\/#website","url":"https:\/\/www.runottawa.ca\/fr\/","name":"Run Ottawa","description":"","potentialAction":[{"@type":"SearchAction","target":{"@type":"EntryPoint","urlTemplate":"https:\/\/www.runottawa.ca\/fr\/?s={search_term_string}"},"query-input":{"@type":"PropertyValueSpecification","valueRequired":true,"valueName":"search_term_string"}}],"inLanguage":"fr-FR"}]}},"_links":{"self":[{"href":"https:\/\/www.runottawa.ca\/fr\/wp-json\/wp\/v2\/pages\/1704","targetHints":{"allow":["GET"]}}],"collection":[{"href":"https:\/\/www.runottawa.ca\/fr\/wp-json\/wp\/v2\/pages"}],"about":[{"href":"https:\/\/www.runottawa.ca\/fr\/wp-json\/wp\/v2\/types\/page"}],"author":[{"embeddable":true,"href":"https:\/\/www.runottawa.ca\/fr\/wp-json\/wp\/v2\/users\/33"}],"replies":[{"embeddable":true,"href":"https:\/\/www.runottawa.ca\/fr\/wp-json\/wp\/v2\/comments?post=1704"}],"version-history":[{"count":11,"href":"https:\/\/www.runottawa.ca\/fr\/wp-json\/wp\/v2\/pages\/1704\/revisions"}],"predecessor-version":[{"id":37985,"href":"https:\/\/www.runottawa.ca\/fr\/wp-json\/wp\/v2\/pages\/1704\/revisions\/37985"}],"up":[{"embeddable":true,"href":"https:\/\/www.runottawa.ca\/fr\/wp-json\/wp\/v2\/pages\/1687"}],"wp:attachment":[{"href":"https:\/\/www.runottawa.ca\/fr\/wp-json\/wp\/v2\/media?parent=1704"}],"curies":[{"name":"wp","href":"https:\/\/api.w.org\/{rel}","templated":true}]}}