{"id":1687,"date":"2014-03-11T10:44:31","date_gmt":"2014-03-11T14:44:31","guid":{"rendered":"http:\/\/www.runottawa.ca\/whats-new\/media-centre\/"},"modified":"2026-02-12T12:12:51","modified_gmt":"2026-02-12T17:12:51","slug":"centre-des-medias","status":"publish","type":"page","link":"https:\/\/www.runottawa.ca\/fr\/torw\/medias\/centre-des-medias\/","title":{"rendered":"Centre des m\u00e9dias"},"content":{"rendered":"<p>La Fin de semaine des courses Tamarack d\u2019Ottawa compte une course label d\u2019Elite World Athletics : <strong>le Marathon\u00a0 International d\u2019Ottawa Tamarack Homes<\/strong>\u00a0et <strong>les Championnats canadiens du 10km<\/strong>.<\/p>\n<ul>\n<li><a href=\"https:\/\/www.runottawa.ca\/fr\/nouvelles-et-information\/centre-des-medias\/horaire-des-medias\/\">Horaire des\u00a0m\u00e9dias<\/a><\/li>\n<li><a href=\"https:\/\/www.runottawa.ca\/fr\/news\/avis-aux-medias\/\">Communiqu\u00e9s de presse<\/a><\/li>\n<li><a href=\"https:\/\/www.runottawa.ca\/fr\/news\/nouvelles-elites\/\">Nouvelles des elites<\/a><\/li>\n<li><a href=\"https:\/\/www.runottawa.ca\/fr\/nouvelles-et-information\/centre-des-medias\/courses-en-chiffres\/\">Faits et chiffres<\/a><\/li>\n<li><a href=\"https:\/\/www.runottawa.ca\/fr\/formulaire-daccreditation\/\">Accr\u00e9ditation<\/a><\/li>\n<\/ul>\n<p><strong>Contacts avec les m\u00e9dias\u00a0<\/strong><\/p>\n<p><strong>Lisa Georges<\/strong><a href=\"mailto:media@runottawa.ca\"><br \/>\n<\/a>Directrice du marketing<br \/>\n<a href=\"mailto:Lisa.Georges@runottawa.ca\">Lisa.Georges@runottawa.ca<\/a><br \/>\n(613) 234-2221<\/p>\n<p><strong>Centre des m\u00e9dias de la fin de semaine<\/strong><\/p>\n<p>H\u00f4tel de ville d\u2019Ottawa<br \/>\n110 ouest, avenue Laurier<br \/>\nOttawa (Ontario) K1P 1J1<br \/>\n1er \u00e9tage \u2013 Salle Richmond<\/p>\n<p>T\u00e9l\u00e9phone\u00a0: 613-234-2221<br \/>\nFax\u00a0: 613-234-5880<\/p>\n","protected":false},"excerpt":{"rendered":"<p>La Fin de semaine des courses Tamarack d\u2019Ottawa compte une course label d\u2019Elite World Athletics : le Marathon\u00a0 International d\u2019Ottawa Tamarack Homes\u00a0et les Championnats canadiens du 10km. Horaire des\u00a0m\u00e9dias Communiqu\u00e9s de presse Nouvelles des elites Faits et chiffres Accr\u00e9ditation Contacts avec les m\u00e9dias\u00a0 Lisa Georges Directrice du marketing Lisa.Georges@runottawa.ca (613) [&hellip;]<\/p>\n","protected":false},"author":10,"featured_media":0,"parent":13605,"menu_order":354,"comment_status":"closed","ping_status":"open","template":"template-page.php","meta":{"_acf_changed":false,"footnotes":""},"class_list":["post-1687","page","type-page","status-publish","hentry"],"acf":[],"yoast_head":"<!-- This site is optimized with the Yoast SEO plugin v27.4 - https:\/\/yoast.com\/product\/yoast-seo-wordpress\/ -->\n<title>Centre des m\u00e9dias - Run Ottawa<\/title>\n<meta name=\"robots\" content=\"index, follow, max-snippet:-1, max-image-preview:large, max-video-preview:-1\" \/>\n<link rel=\"canonical\" href=\"https:\/\/www.runottawa.ca\/fr\/torw\/medias\/centre-des-medias\/\" \/>\n<meta name=\"twitter:label1\" content=\"Dur\u00e9e de lecture estim\u00e9e\" \/>\n\t<meta name=\"twitter:data1\" content=\"1 minute\" \/>\n<script type=\"application\/ld+json\" class=\"yoast-schema-graph\">{\"@context\":\"https:\\\/\\\/schema.org\",\"@graph\":[{\"@type\":\"WebPage\",\"@id\":\"https:\\\/\\\/www.runottawa.ca\\\/fr\\\/torw\\\/medias\\\/centre-des-medias\\\/\",\"url\":\"https:\\\/\\\/www.runottawa.ca\\\/fr\\\/torw\\\/medias\\\/centre-des-medias\\\/\",\"name\":\"Centre des m\u00e9dias - Run Ottawa\",\"isPartOf\":{\"@id\":\"https:\\\/\\\/www.runottawa.ca\\\/fr\\\/#website\"},\"datePublished\":\"2014-03-11T14:44:31+00:00\",\"dateModified\":\"2026-02-12T17:12:51+00:00\",\"breadcrumb\":{\"@id\":\"https:\\\/\\\/www.runottawa.ca\\\/fr\\\/torw\\\/medias\\\/centre-des-medias\\\/#breadcrumb\"},\"inLanguage\":\"fr-FR\",\"potentialAction\":[{\"@type\":\"ReadAction\",\"target\":[\"https:\\\/\\\/www.runottawa.ca\\\/fr\\\/torw\\\/medias\\\/centre-des-medias\\\/\"]}]},{\"@type\":\"BreadcrumbList\",\"@id\":\"https:\\\/\\\/www.runottawa.ca\\\/fr\\\/torw\\\/medias\\\/centre-des-medias\\\/#breadcrumb\",\"itemListElement\":[{\"@type\":\"ListItem\",\"position\":1,\"name\":\"Home\",\"item\":\"https:\\\/\\\/www.runottawa.ca\\\/fr\\\/\"},{\"@type\":\"ListItem\",\"position\":2,\"name\":\"Fin de semaine des courses Tamarack d\u2019Ottawa\",\"item\":\"https:\\\/\\\/www.runottawa.ca\\\/fr\\\/\"},{\"@type\":\"ListItem\",\"position\":3,\"name\":\"M\u00e9dias\",\"item\":\"https:\\\/\\\/www.runottawa.ca\\\/fr\\\/torw\\\/medias\\\/\"},{\"@type\":\"ListItem\",\"position\":4,\"name\":\"Centre des m\u00e9dias\"}]},{\"@type\":\"WebSite\",\"@id\":\"https:\\\/\\\/www.runottawa.ca\\\/fr\\\/#website\",\"url\":\"https:\\\/\\\/www.runottawa.ca\\\/fr\\\/\",\"name\":\"Run Ottawa\",\"description\":\"\",\"potentialAction\":[{\"@type\":\"SearchAction\",\"target\":{\"@type\":\"EntryPoint\",\"urlTemplate\":\"https:\\\/\\\/www.runottawa.ca\\\/fr\\\/?s={search_term_string}\"},\"query-input\":{\"@type\":\"PropertyValueSpecification\",\"valueRequired\":true,\"valueName\":\"search_term_string\"}}],\"inLanguage\":\"fr-FR\"}]}<\/script>\n<!-- \/ Yoast SEO plugin. -->","yoast_head_json":{"title":"Centre des m\u00e9dias - Run Ottawa","robots":{"index":"index","follow":"follow","max-snippet":"max-snippet:-1","max-image-preview":"max-image-preview:large","max-video-preview":"max-video-preview:-1"},"canonical":"https:\/\/www.runottawa.ca\/fr\/torw\/medias\/centre-des-medias\/","twitter_misc":{"Dur\u00e9e de lecture estim\u00e9e":"1 minute"},"schema":{"@context":"https:\/\/schema.org","@graph":[{"@type":"WebPage","@id":"https:\/\/www.runottawa.ca\/fr\/torw\/medias\/centre-des-medias\/","url":"https:\/\/www.runottawa.ca\/fr\/torw\/medias\/centre-des-medias\/","name":"Centre des m\u00e9dias - Run Ottawa","isPartOf":{"@id":"https:\/\/www.runottawa.ca\/fr\/#website"},"datePublished":"2014-03-11T14:44:31+00:00","dateModified":"2026-02-12T17:12:51+00:00","breadcrumb":{"@id":"https:\/\/www.runottawa.ca\/fr\/torw\/medias\/centre-des-medias\/#breadcrumb"},"inLanguage":"fr-FR","potentialAction":[{"@type":"ReadAction","target":["https:\/\/www.runottawa.ca\/fr\/torw\/medias\/centre-des-medias\/"]}]},{"@type":"BreadcrumbList","@id":"https:\/\/www.runottawa.ca\/fr\/torw\/medias\/centre-des-medias\/#breadcrumb","itemListElement":[{"@type":"ListItem","position":1,"name":"Home","item":"https:\/\/www.runottawa.ca\/fr\/"},{"@type":"ListItem","position":2,"name":"Fin de semaine des courses Tamarack d\u2019Ottawa","item":"https:\/\/www.runottawa.ca\/fr\/"},{"@type":"ListItem","position":3,"name":"M\u00e9dias","item":"https:\/\/www.runottawa.ca\/fr\/torw\/medias\/"},{"@type":"ListItem","position":4,"name":"Centre des m\u00e9dias"}]},{"@type":"WebSite","@id":"https:\/\/www.runottawa.ca\/fr\/#website","url":"https:\/\/www.runottawa.ca\/fr\/","name":"Run Ottawa","description":"","potentialAction":[{"@type":"SearchAction","target":{"@type":"EntryPoint","urlTemplate":"https:\/\/www.runottawa.ca\/fr\/?s={search_term_string}"},"query-input":{"@type":"PropertyValueSpecification","valueRequired":true,"valueName":"search_term_string"}}],"inLanguage":"fr-FR"}]}},"_links":{"self":[{"href":"https:\/\/www.runottawa.ca\/fr\/wp-json\/wp\/v2\/pages\/1687","targetHints":{"allow":["GET"]}}],"collection":[{"href":"https:\/\/www.runottawa.ca\/fr\/wp-json\/wp\/v2\/pages"}],"about":[{"href":"https:\/\/www.runottawa.ca\/fr\/wp-json\/wp\/v2\/types\/page"}],"author":[{"embeddable":true,"href":"https:\/\/www.runottawa.ca\/fr\/wp-json\/wp\/v2\/users\/10"}],"replies":[{"embeddable":true,"href":"https:\/\/www.runottawa.ca\/fr\/wp-json\/wp\/v2\/comments?post=1687"}],"version-history":[{"count":12,"href":"https:\/\/www.runottawa.ca\/fr\/wp-json\/wp\/v2\/pages\/1687\/revisions"}],"predecessor-version":[{"id":44222,"href":"https:\/\/www.runottawa.ca\/fr\/wp-json\/wp\/v2\/pages\/1687\/revisions\/44222"}],"up":[{"embeddable":true,"href":"https:\/\/www.runottawa.ca\/fr\/wp-json\/wp\/v2\/pages\/13605"}],"wp:attachment":[{"href":"https:\/\/www.runottawa.ca\/fr\/wp-json\/wp\/v2\/media?parent=1687"}],"curies":[{"name":"wp","href":"https:\/\/api.w.org\/{rel}","templated":true}]}}