{"id":1674,"date":"2014-07-11T10:43:09","date_gmt":"2014-07-11T14:43:09","guid":{"rendered":"http:\/\/www.runottawa.ca\/les-courses\/tamarack-ottawa-race-weekend\/weekend-information\/results-2\/"},"modified":"2015-05-24T12:27:47","modified_gmt":"2015-05-24T16:27:47","slug":"results","status":"publish","type":"page","link":"https:\/\/www.runottawa.ca\/fr\/torw\/les-courses\/results\/","title":{"rendered":"R\u00e9sultats"},"content":{"rendered":"<p class=\"freeform\"><strong><a href=\"http:\/\/www.sportstats.ca\/display-results.xhtml?raceid=26031\" target=\"_blank\">Cliquez ici pour les r\u00e9sultats 2015<\/a><\/strong><\/p>\n<p class=\"freeform\">Les r\u00e9sultats en ligne sont interrogeables et comprennent les r\u00e9sultats pour tous les finissants, les gagnants de prix et les statistiques de courses comme le nombre total de finissants et les finissants par groupe d\u2019\u00e2ge et par sexe.\u00a0 Les photos de course sont g\u00e9n\u00e9ralement affich\u00e9es quelques jours apr\u00e8s la course.\u00a0 On peut utilier des fonctions de recherche pour obtenir des listes de r\u00e9sultats de plusieurs fa\u00e7ons, y compris l\u2019ordre d\u2019arriv\u00e9e (tous, hommes ou femmes), par nom, par num\u00e9ro de participant, par groupe d\u2019\u00e2ge et par pays.\u00a0 Les r\u00e9sultats peuvent \u00eatre affich\u00e9s en groupes de 10, 100 ou tous.<\/p>\n<ul>\n<li><strong>Temps du pistolet (Gun Time)\u00a0:<\/strong> Le temps \u00e9coul\u00e9 \u00e0 partir du d\u00e9but de la course (le coup de fusil) jusqu\u2019au moment o\u00f9 vous franchissez le fil d\u2019arriv\u00e9e d\u2019apr\u00e8s les normes de l\u2019IAAF, d\u2019Athl\u00e9tisme Canada, de USATF, d\u2019AIMS et d\u2019International Awards.<strong>\u00a0 <\/strong><\/li>\n<li><strong>Temps de micropuce\u00a0 (Chip Time)\u00a0:<\/strong> Le temps \u00e9coul\u00e9 \u00e0 partir du moment o\u00f9 le coureur traverse les tapis de d\u00e9part, \u00e0 la ligne de d\u00e9part, jusqu\u2019au moment o\u00f9 il traverse les tapis d\u2019arriv\u00e9e.<\/li>\n<li><strong>Temps d\u2019allure\u00a0(Pace Time)\u00a0:<\/strong> L\u2019ordinateur enregistre votre temps de course, puis il d\u00e9termine quelle est votre cadence par kilom\u00e8tre pour la distance parcourue.<\/li>\n<li><strong>Le classement selon le sexe (Gender PLC)\u00a0:<\/strong> Le rang o\u00f9 vous vous classez dans la course, sur la base de votre sexe.<\/li>\n<li><strong>Le classement selon l\u2019\u00e2ge (Cat PLC)\u00a0: <\/strong>Le rang, parmi tous les finissants, selon le sexe d\u2019un participant et sa cat\u00e9gorie d\u2019\u00e2ge.<\/li>\n<\/ul>\n<p>&nbsp;<\/p>\n<h2><strong>Cat\u00e9gories de r\u00e9sultats<\/strong><\/h2>\n<p class=\"freeform\">Voici les d\u00e9finitions des cat\u00e9gories de listes de r\u00e9sultats de la Fin de semaine des courses d\u2019Ottawa\u00a0:<\/p>\n<ul>\n<li><strong>Classement selon le sexe\u00a0:<\/strong> Le rang selon le sexe d\u2019un participant (homme ou femme)..<\/li>\n<li><strong>Classement selon l\u2019\u00e2ge\u00a0:<\/strong> Le rang \u00e0 l\u2019int\u00e9rieur du groupe du participant selon le sexe et l\u2019\u00e2ge\u00a0:<\/li>\n<\/ul>\n<table border=\"0\" cellpadding=\"0\">\n<tbody>\n<tr>\n<td>\n<h3><strong>Cat\u00e9gories d\u2019\u00e2ge, 5K<\/strong><\/h3>\n<\/td>\n<td>\n<h3><strong>Cat\u00e9gories d\u2019\u00e2ge, Marathon \/Demi-marathon\/10k<\/strong><\/h3>\n<\/td>\n<\/tr>\n<tr>\n<td>8 ans et moins<\/td>\n<td>19 ans et moins<\/td>\n<\/tr>\n<tr>\n<td>9 &#8211; 10<\/td>\n<td>20 &#8211; 24<\/td>\n<\/tr>\n<tr>\n<td>11 &#8211; 13<\/td>\n<td>25 &#8211; 29<\/td>\n<\/tr>\n<tr>\n<td>14 &#8211; 16<\/td>\n<td>30 &#8211; 34<\/td>\n<\/tr>\n<tr>\n<td>17 &#8211; 19<\/td>\n<td>35 &#8211; 39<\/td>\n<\/tr>\n<tr>\n<td><\/td>\n<td>40 &#8211; 44<\/td>\n<\/tr>\n<tr>\n<td><\/td>\n<td>45 &#8211; 49<\/td>\n<\/tr>\n<tr>\n<td><\/td>\n<td>50 &#8211; 54<\/td>\n<\/tr>\n<tr>\n<td><\/td>\n<td>55 &#8211; 59<\/td>\n<\/tr>\n<tr>\n<td><\/td>\n<td>60 &#8211; 64<\/td>\n<\/tr>\n<tr>\n<td><\/td>\n<td>65 &#8211; 69<\/td>\n<\/tr>\n<tr>\n<td><\/td>\n<td>70 &#8211; 74<\/td>\n<\/tr>\n<tr>\n<td><\/td>\n<td>75 &#8211; 79<\/td>\n<\/tr>\n<tr>\n<td><\/td>\n<td>80 +<\/td>\n<\/tr>\n<\/tbody>\n<\/table>\n<h2 class=\"freeform\"><\/h2>\n<p><a href=\"http:\/\/www.sportstats.ca\/searchResults.xhtml?eventname=ottawa+race+weekend\">R\u00e9sultats 2014<\/a><\/p>\n<p><a href=\"http:\/\/www.sportstats.ca\/searchResults.xhtml?eventname=ottawa+race+weekend\">R\u00e9sultats 2013<\/a><\/p>\n","protected":false},"excerpt":{"rendered":"<p>Cliquez ici pour les r\u00e9sultats 2015 Les r\u00e9sultats en ligne sont interrogeables et comprennent les r\u00e9sultats pour tous les finissants, les gagnants de prix et les statistiques de courses comme le nombre total de finissants et les finissants par groupe d\u2019\u00e2ge et par sexe.\u00a0 Les photos de course sont g\u00e9n\u00e9ralement [&hellip;]<\/p>\n","protected":false},"author":33,"featured_media":0,"parent":751,"menu_order":442,"comment_status":"closed","ping_status":"open","template":"template-race-weekend.php","meta":{"_acf_changed":false,"footnotes":""},"class_list":["post-1674","page","type-page","status-publish","hentry"],"acf":[],"yoast_head":"<!-- This site is optimized with the Yoast SEO plugin v27.4 - https:\/\/yoast.com\/product\/yoast-seo-wordpress\/ -->\n<title>R\u00e9sultats - Run Ottawa<\/title>\n<meta name=\"robots\" content=\"index, follow, max-snippet:-1, max-image-preview:large, max-video-preview:-1\" \/>\n<link rel=\"canonical\" href=\"https:\/\/www.runottawa.ca\/fr\/torw\/les-courses\/results\/\" \/>\n<meta name=\"twitter:label1\" content=\"Dur\u00e9e de lecture estim\u00e9e\" \/>\n\t<meta name=\"twitter:data1\" content=\"2 minutes\" \/>\n<script type=\"application\/ld+json\" class=\"yoast-schema-graph\">{\"@context\":\"https:\\\/\\\/schema.org\",\"@graph\":[{\"@type\":\"WebPage\",\"@id\":\"https:\\\/\\\/www.runottawa.ca\\\/fr\\\/torw\\\/les-courses\\\/results\\\/\",\"url\":\"https:\\\/\\\/www.runottawa.ca\\\/fr\\\/torw\\\/les-courses\\\/results\\\/\",\"name\":\"R\u00e9sultats - Run Ottawa\",\"isPartOf\":{\"@id\":\"https:\\\/\\\/www.runottawa.ca\\\/fr\\\/#website\"},\"datePublished\":\"2014-07-11T14:43:09+00:00\",\"dateModified\":\"2015-05-24T16:27:47+00:00\",\"breadcrumb\":{\"@id\":\"https:\\\/\\\/www.runottawa.ca\\\/fr\\\/torw\\\/les-courses\\\/results\\\/#breadcrumb\"},\"inLanguage\":\"fr-FR\",\"potentialAction\":[{\"@type\":\"ReadAction\",\"target\":[\"https:\\\/\\\/www.runottawa.ca\\\/fr\\\/torw\\\/les-courses\\\/results\\\/\"]}]},{\"@type\":\"BreadcrumbList\",\"@id\":\"https:\\\/\\\/www.runottawa.ca\\\/fr\\\/torw\\\/les-courses\\\/results\\\/#breadcrumb\",\"itemListElement\":[{\"@type\":\"ListItem\",\"position\":1,\"name\":\"Home\",\"item\":\"https:\\\/\\\/www.runottawa.ca\\\/fr\\\/\"},{\"@type\":\"ListItem\",\"position\":2,\"name\":\"Fin de semaine des courses Tamarack d\u2019Ottawa\",\"item\":\"https:\\\/\\\/www.runottawa.ca\\\/fr\\\/\"},{\"@type\":\"ListItem\",\"position\":3,\"name\":\"Les courses\",\"item\":\"https:\\\/\\\/www.runottawa.ca\\\/fr\\\/torw\\\/les-courses\\\/\"},{\"@type\":\"ListItem\",\"position\":4,\"name\":\"R\u00e9sultats\"}]},{\"@type\":\"WebSite\",\"@id\":\"https:\\\/\\\/www.runottawa.ca\\\/fr\\\/#website\",\"url\":\"https:\\\/\\\/www.runottawa.ca\\\/fr\\\/\",\"name\":\"Run Ottawa\",\"description\":\"\",\"potentialAction\":[{\"@type\":\"SearchAction\",\"target\":{\"@type\":\"EntryPoint\",\"urlTemplate\":\"https:\\\/\\\/www.runottawa.ca\\\/fr\\\/?s={search_term_string}\"},\"query-input\":{\"@type\":\"PropertyValueSpecification\",\"valueRequired\":true,\"valueName\":\"search_term_string\"}}],\"inLanguage\":\"fr-FR\"}]}<\/script>\n<!-- \/ Yoast SEO plugin. -->","yoast_head_json":{"title":"R\u00e9sultats - Run Ottawa","robots":{"index":"index","follow":"follow","max-snippet":"max-snippet:-1","max-image-preview":"max-image-preview:large","max-video-preview":"max-video-preview:-1"},"canonical":"https:\/\/www.runottawa.ca\/fr\/torw\/les-courses\/results\/","twitter_misc":{"Dur\u00e9e de lecture estim\u00e9e":"2 minutes"},"schema":{"@context":"https:\/\/schema.org","@graph":[{"@type":"WebPage","@id":"https:\/\/www.runottawa.ca\/fr\/torw\/les-courses\/results\/","url":"https:\/\/www.runottawa.ca\/fr\/torw\/les-courses\/results\/","name":"R\u00e9sultats - Run Ottawa","isPartOf":{"@id":"https:\/\/www.runottawa.ca\/fr\/#website"},"datePublished":"2014-07-11T14:43:09+00:00","dateModified":"2015-05-24T16:27:47+00:00","breadcrumb":{"@id":"https:\/\/www.runottawa.ca\/fr\/torw\/les-courses\/results\/#breadcrumb"},"inLanguage":"fr-FR","potentialAction":[{"@type":"ReadAction","target":["https:\/\/www.runottawa.ca\/fr\/torw\/les-courses\/results\/"]}]},{"@type":"BreadcrumbList","@id":"https:\/\/www.runottawa.ca\/fr\/torw\/les-courses\/results\/#breadcrumb","itemListElement":[{"@type":"ListItem","position":1,"name":"Home","item":"https:\/\/www.runottawa.ca\/fr\/"},{"@type":"ListItem","position":2,"name":"Fin de semaine des courses Tamarack d\u2019Ottawa","item":"https:\/\/www.runottawa.ca\/fr\/"},{"@type":"ListItem","position":3,"name":"Les courses","item":"https:\/\/www.runottawa.ca\/fr\/torw\/les-courses\/"},{"@type":"ListItem","position":4,"name":"R\u00e9sultats"}]},{"@type":"WebSite","@id":"https:\/\/www.runottawa.ca\/fr\/#website","url":"https:\/\/www.runottawa.ca\/fr\/","name":"Run Ottawa","description":"","potentialAction":[{"@type":"SearchAction","target":{"@type":"EntryPoint","urlTemplate":"https:\/\/www.runottawa.ca\/fr\/?s={search_term_string}"},"query-input":{"@type":"PropertyValueSpecification","valueRequired":true,"valueName":"search_term_string"}}],"inLanguage":"fr-FR"}]}},"_links":{"self":[{"href":"https:\/\/www.runottawa.ca\/fr\/wp-json\/wp\/v2\/pages\/1674","targetHints":{"allow":["GET"]}}],"collection":[{"href":"https:\/\/www.runottawa.ca\/fr\/wp-json\/wp\/v2\/pages"}],"about":[{"href":"https:\/\/www.runottawa.ca\/fr\/wp-json\/wp\/v2\/types\/page"}],"author":[{"embeddable":true,"href":"https:\/\/www.runottawa.ca\/fr\/wp-json\/wp\/v2\/users\/33"}],"replies":[{"embeddable":true,"href":"https:\/\/www.runottawa.ca\/fr\/wp-json\/wp\/v2\/comments?post=1674"}],"version-history":[{"count":8,"href":"https:\/\/www.runottawa.ca\/fr\/wp-json\/wp\/v2\/pages\/1674\/revisions"}],"predecessor-version":[{"id":6583,"href":"https:\/\/www.runottawa.ca\/fr\/wp-json\/wp\/v2\/pages\/1674\/revisions\/6583"}],"up":[{"embeddable":true,"href":"https:\/\/www.runottawa.ca\/fr\/wp-json\/wp\/v2\/pages\/751"}],"wp:attachment":[{"href":"https:\/\/www.runottawa.ca\/fr\/wp-json\/wp\/v2\/media?parent=1674"}],"curies":[{"name":"wp","href":"https:\/\/api.w.org\/{rel}","templated":true}]}}