{"id":16146,"date":"2018-02-09T11:07:59","date_gmt":"2018-02-09T16:07:59","guid":{"rendered":"http:\/\/www.runottawa.ca?page_id=16146"},"modified":"2019-04-05T15:59:14","modified_gmt":"2019-04-05T19:59:14","slug":"nos-histoires","status":"publish","type":"page","link":"https:\/\/www.runottawa.ca\/fr\/torw\/nos-histoires\/","title":{"rendered":"Nos histoires"},"content":{"rendered":"<p>Nous aimerions conna\u00eetre votre histoire : Pour quelle raison courez-vous? \u00cates-vous responsable d\u2019une \u00e9quipe? S\u2019agit-il de votre premi\u00e8re \u00e9preuve? Pourquoi la course fait-elle partie de votre vie et pourquoi aimez-vous courir \u00e0 Ottawa?<\/p>\n<p>Lisez les histoires de nos coureurs et <a href=\"https:\/\/www.runottawa.ca\/fr\/torw\/racontez-nous-votre-histoire\">partagez le votre<\/a>.<\/p>\n\n\n\n<div id=\"wpv-view-layout-16140\" class=\"js-wpv-view-layout js-wpv-layout-responsive js-wpv-view-layout-16140\" data-viewnumber=\"16140\" data-pagination=\"{&quot;id&quot;:16140,&quot;query&quot;:&quot;normal&quot;,&quot;type&quot;:&quot;disabled&quot;,&quot;effect&quot;:&quot;fade&quot;,&quot;duration&quot;:500,&quot;speed&quot;:5,&quot;pause_on_hover&quot;:&quot;disabled&quot;,&quot;stop_rollover&quot;:&quot;false&quot;,&quot;cache_pages&quot;:&quot;enabled&quot;,&quot;preload_images&quot;:&quot;enabled&quot;,&quot;preload_pages&quot;:&quot;enabled&quot;,&quot;preload_reach&quot;:1,&quot;spinner&quot;:&quot;builtin&quot;,&quot;spinner_image&quot;:&quot;https:\/\/www.runottawa.ca\/wp-content\/plugins\/wp-views\/embedded\/res\/img\/ajax-loader.gif&quot;,&quot;callback_next&quot;:&quot;&quot;,&quot;manage_history&quot;:&quot;enabled&quot;,&quot;has_controls_in_form&quot;:&quot;disabled&quot;,&quot;infinite_tolerance&quot;:0,&quot;max_pages&quot;:0,&quot;page&quot;:1,&quot;base_permalink&quot;:&quot;\/fr\/wp-json\/wp\/v2\/pages\/16146?wpv_view_count=16140&amp;wpv_paged=WPV_PAGE_NUM&quot;,&quot;loop&quot;:{&quot;type&quot;:&quot;&quot;,&quot;name&quot;:&quot;&quot;,&quot;data&quot;:[],&quot;id&quot;:0}}\" data-permalink=\"\/fr\/wp-json\/wp\/v2\/pages\/16146?wpv_view_count=16140\">\n\n\t\n\t\n<div class=\"story_wrapper clearfix\">\n\t\n\t\t<div class=\"story_block\"><h2><a href=\"https:\/\/www.runottawa.ca\/fr\/shared_story\/marie-josee-larocque\/\">L&rsquo;histoire de Marie-Jos\u00e9e<\/a><\/h2><div class=\"story_image\"><img loading=\"lazy\" decoding=\"async\" width=\"200\" height=\"300\" src=\"https:\/\/www.runottawa.ca\/wp-content\/uploads\/2019\/05\/SharedStories2019-Larocque-200x300.jpg\" class=\"attachment-medium\" alt=\"\" title=\"SharedStories2019-Larocque\" style=\"\" srcset=\"https:\/\/www.runottawa.ca\/wp-content\/uploads\/2019\/05\/SharedStories2019-Larocque-200x300.jpg 200w, https:\/\/www.runottawa.ca\/wp-content\/uploads\/2019\/05\/SharedStories2019-Larocque.jpg 333w\" sizes=\"auto, (max-width: 200px) 100vw, 200px\" \/><\/div><div class=\"type-of\"><span><\/span><\/div><div class=\"story_excerpt\">Ce matin, je vous parle de mon objectif! En septembre dernier, j'ai fait un premier demi-marathon (Ottawa Army Run). La semaine avant, le stress a\u2026<\/div><\/div>\n\t\n\t\t<div class=\"story_block\"><h2><a href=\"https:\/\/www.runottawa.ca\/fr\/shared_story\/michel-tarte\/\">L&rsquo;histoire de Michel<\/a><\/h2><div class=\"story_image\"><img loading=\"lazy\" decoding=\"async\" width=\"200\" height=\"300\" src=\"https:\/\/www.runottawa.ca\/wp-content\/uploads\/2019\/05\/SharedStories2018-Tarte-200x300.jpg\" class=\"attachment-medium\" alt=\"\" title=\"SharedStories2018-Tarte\" style=\"\" srcset=\"https:\/\/www.runottawa.ca\/wp-content\/uploads\/2019\/05\/SharedStories2018-Tarte-200x300.jpg 200w, https:\/\/www.runottawa.ca\/wp-content\/uploads\/2019\/05\/SharedStories2018-Tarte.jpg 426w\" sizes=\"auto, (max-width: 200px) 100vw, 200px\" \/><\/div><div class=\"type-of\"><span>\u0152uvre caritative\/collecte de fonds<\/span><\/div><div class=\"story_excerpt\">Bonjour ,je suis Michel Tarte et j'ai 61 ans. J'ai fait mon premier demi marathon a Orlando en 2013. Depuis ,j'ai \u00e0 mon actif 5\u2026<\/div><\/div>\n\t\n\t\t<div class=\"story_block\"><h2><a href=\"https:\/\/www.runottawa.ca\/fr\/shared_story\/christine-danjon\/\">L&rsquo;histoire de Christine<\/a><\/h2><div class=\"story_image\"><img loading=\"lazy\" decoding=\"async\" width=\"300\" height=\"200\" src=\"https:\/\/www.runottawa.ca\/wp-content\/uploads\/2019\/05\/SharedStories2019-Danjon-300x200.jpg\" class=\"attachment-medium\" alt=\"\" title=\"SharedStories2019-Danjon\" style=\"\" srcset=\"https:\/\/www.runottawa.ca\/wp-content\/uploads\/2019\/05\/SharedStories2019-Danjon-300x200.jpg 300w, https:\/\/www.runottawa.ca\/wp-content\/uploads\/2019\/05\/SharedStories2019-Danjon-768x511.jpg 768w, https:\/\/www.runottawa.ca\/wp-content\/uploads\/2019\/05\/SharedStories2019-Danjon-1024x682.jpg 1024w\" sizes=\"auto, (max-width: 300px) 100vw, 300px\" \/><\/div><div class=\"type-of\"><span><\/span><\/div><div class=\"story_excerpt\">Bonjour, je m'appelle Christine, je suis fran\u00e7aise et j'ai d\u00e9cid\u00e9 de courir cette course \u00e0 Ottawa pour plusieurs raisons. Tout d'abord, ma fille s'est install\u00e9e\u2026<\/div><\/div>\n\t\n\t\t<div class=\"story_block\"><h2><a href=\"https:\/\/www.runottawa.ca\/fr\/shared_story\/richard-darveau\/\">L&rsquo;histoire de Richard<\/a><\/h2><div class=\"story_image\"><img loading=\"lazy\" decoding=\"async\" width=\"243\" height=\"300\" src=\"https:\/\/www.runottawa.ca\/wp-content\/uploads\/2019\/03\/SharedSTories_Richard-243x300.jpg\" class=\"attachment-medium\" alt=\"\" title=\"SharedSTories_Richard\" style=\"\" srcset=\"https:\/\/www.runottawa.ca\/wp-content\/uploads\/2019\/03\/SharedSTories_Richard-243x300.jpg 243w, https:\/\/www.runottawa.ca\/wp-content\/uploads\/2019\/03\/SharedSTories_Richard-768x949.jpg 768w, https:\/\/www.runottawa.ca\/wp-content\/uploads\/2019\/03\/SharedSTories_Richard-829x1024.jpg 829w, https:\/\/www.runottawa.ca\/wp-content\/uploads\/2019\/03\/SharedSTories_Richard.jpg 1177w\" sizes=\"auto, (max-width: 243px) 100vw, 243px\" \/><\/div><div class=\"type-of\"><span><\/span><\/div><div class=\"story_excerpt\">En octobre 2018, on m'a diagnostiqu\u00e9 avec l'ost\u00e9oporose au plafond (niveau 4). Je me suis dit que j'allais combattre le feu par le feu: l'impact\u2026<\/div><\/div>\n\t\n\t\t<div class=\"story_block\"><h2><a href=\"https:\/\/www.runottawa.ca\/fr\/shared_story\/cred-auto-draft-2f141aa21bab8cb2c6fa07e0c8a5ded6\/\">L&rsquo;histoire de Gilles<\/a><\/h2><div class=\"story_image\"><img loading=\"lazy\" decoding=\"async\" width=\"300\" height=\"225\" src=\"https:\/\/www.runottawa.ca\/wp-content\/uploads\/2019\/04\/SharedStories_Gilles-300x225.jpg\" class=\"attachment-medium\" alt=\"\" title=\"SharedStories_Gilles\" style=\"\" srcset=\"https:\/\/www.runottawa.ca\/wp-content\/uploads\/2019\/04\/SharedStories_Gilles-300x225.jpg 300w, https:\/\/www.runottawa.ca\/wp-content\/uploads\/2019\/04\/SharedStories_Gilles-768x576.jpg 768w, https:\/\/www.runottawa.ca\/wp-content\/uploads\/2019\/04\/SharedStories_Gilles-1024x768.jpg 1024w\" sizes=\"auto, (max-width: 300px) 100vw, 300px\" \/><\/div><div class=\"type-of\"><span>Historique de course<\/span><\/div><div class=\"story_excerpt\">Je coure depuis 1978...je vais courir mon 228i\u00e8me marathon \u00e0 Ottawa dont mon 33i\u00e8me \u00e0 Ottawa c'est l'endroit que je l'ai couru le plus souvent...j'ai\u2026<\/div><\/div>\n\t\n<\/div>\n\t\n\t\n\t\n<div class=\"story_pagination num_pagination\"><\/div>\n<\/div>\n\n","protected":false},"excerpt":{"rendered":"<p>Nous aimerions conna\u00eetre votre histoire : Pour quelle raison courez-vous? \u00cates-vous responsable d\u2019une \u00e9quipe? S\u2019agit-il de votre premi\u00e8re \u00e9preuve? Pourquoi la course fait-elle partie de votre vie et pourquoi aimez-vous courir \u00e0 Ottawa? Lisez les histoires de nos coureurs et partagez le votre.<\/p>\n","protected":false},"author":33,"featured_media":0,"parent":12592,"menu_order":391,"comment_status":"closed","ping_status":"closed","template":"","meta":{"_acf_changed":false,"footnotes":""},"class_list":["post-16146","page","type-page","status-publish","hentry"],"acf":[],"yoast_head":"<!-- This site is optimized with the Yoast SEO plugin v27.5 - https:\/\/yoast.com\/product\/yoast-seo-wordpress\/ -->\n<title>Nos histoires - Run Ottawa<\/title>\n<meta name=\"robots\" content=\"index, follow, max-snippet:-1, max-image-preview:large, max-video-preview:-1\" \/>\n<link rel=\"canonical\" href=\"https:\/\/www.runottawa.ca\/fr\/torw\/nos-histoires\/\" \/>\n<script type=\"application\/ld+json\" class=\"yoast-schema-graph\">{\"@context\":\"https:\\\/\\\/schema.org\",\"@graph\":[{\"@type\":\"WebPage\",\"@id\":\"https:\\\/\\\/www.runottawa.ca\\\/fr\\\/torw\\\/nos-histoires\\\/\",\"url\":\"https:\\\/\\\/www.runottawa.ca\\\/fr\\\/torw\\\/nos-histoires\\\/\",\"name\":\"Nos histoires - Run Ottawa\",\"isPartOf\":{\"@id\":\"https:\\\/\\\/www.runottawa.ca\\\/fr\\\/#website\"},\"datePublished\":\"2018-02-09T16:07:59+00:00\",\"dateModified\":\"2019-04-05T19:59:14+00:00\",\"breadcrumb\":{\"@id\":\"https:\\\/\\\/www.runottawa.ca\\\/fr\\\/torw\\\/nos-histoires\\\/#breadcrumb\"},\"inLanguage\":\"fr-FR\",\"potentialAction\":[{\"@type\":\"ReadAction\",\"target\":[\"https:\\\/\\\/www.runottawa.ca\\\/fr\\\/torw\\\/nos-histoires\\\/\"]}]},{\"@type\":\"BreadcrumbList\",\"@id\":\"https:\\\/\\\/www.runottawa.ca\\\/fr\\\/torw\\\/nos-histoires\\\/#breadcrumb\",\"itemListElement\":[{\"@type\":\"ListItem\",\"position\":1,\"name\":\"Home\",\"item\":\"https:\\\/\\\/www.runottawa.ca\\\/fr\\\/\"},{\"@type\":\"ListItem\",\"position\":2,\"name\":\"Fin de semaine des courses Tamarack d\u2019Ottawa\",\"item\":\"https:\\\/\\\/www.runottawa.ca\\\/fr\\\/\"},{\"@type\":\"ListItem\",\"position\":3,\"name\":\"Nos histoires\"}]},{\"@type\":\"WebSite\",\"@id\":\"https:\\\/\\\/www.runottawa.ca\\\/fr\\\/#website\",\"url\":\"https:\\\/\\\/www.runottawa.ca\\\/fr\\\/\",\"name\":\"Run Ottawa\",\"description\":\"\",\"potentialAction\":[{\"@type\":\"SearchAction\",\"target\":{\"@type\":\"EntryPoint\",\"urlTemplate\":\"https:\\\/\\\/www.runottawa.ca\\\/fr\\\/?s={search_term_string}\"},\"query-input\":{\"@type\":\"PropertyValueSpecification\",\"valueRequired\":true,\"valueName\":\"search_term_string\"}}],\"inLanguage\":\"fr-FR\"}]}<\/script>\n<!-- \/ Yoast SEO plugin. -->","yoast_head_json":{"title":"Nos histoires - Run Ottawa","robots":{"index":"index","follow":"follow","max-snippet":"max-snippet:-1","max-image-preview":"max-image-preview:large","max-video-preview":"max-video-preview:-1"},"canonical":"https:\/\/www.runottawa.ca\/fr\/torw\/nos-histoires\/","schema":{"@context":"https:\/\/schema.org","@graph":[{"@type":"WebPage","@id":"https:\/\/www.runottawa.ca\/fr\/torw\/nos-histoires\/","url":"https:\/\/www.runottawa.ca\/fr\/torw\/nos-histoires\/","name":"Nos histoires - Run Ottawa","isPartOf":{"@id":"https:\/\/www.runottawa.ca\/fr\/#website"},"datePublished":"2018-02-09T16:07:59+00:00","dateModified":"2019-04-05T19:59:14+00:00","breadcrumb":{"@id":"https:\/\/www.runottawa.ca\/fr\/torw\/nos-histoires\/#breadcrumb"},"inLanguage":"fr-FR","potentialAction":[{"@type":"ReadAction","target":["https:\/\/www.runottawa.ca\/fr\/torw\/nos-histoires\/"]}]},{"@type":"BreadcrumbList","@id":"https:\/\/www.runottawa.ca\/fr\/torw\/nos-histoires\/#breadcrumb","itemListElement":[{"@type":"ListItem","position":1,"name":"Home","item":"https:\/\/www.runottawa.ca\/fr\/"},{"@type":"ListItem","position":2,"name":"Fin de semaine des courses Tamarack d\u2019Ottawa","item":"https:\/\/www.runottawa.ca\/fr\/"},{"@type":"ListItem","position":3,"name":"Nos histoires"}]},{"@type":"WebSite","@id":"https:\/\/www.runottawa.ca\/fr\/#website","url":"https:\/\/www.runottawa.ca\/fr\/","name":"Run Ottawa","description":"","potentialAction":[{"@type":"SearchAction","target":{"@type":"EntryPoint","urlTemplate":"https:\/\/www.runottawa.ca\/fr\/?s={search_term_string}"},"query-input":{"@type":"PropertyValueSpecification","valueRequired":true,"valueName":"search_term_string"}}],"inLanguage":"fr-FR"}]}},"_links":{"self":[{"href":"https:\/\/www.runottawa.ca\/fr\/wp-json\/wp\/v2\/pages\/16146","targetHints":{"allow":["GET"]}}],"collection":[{"href":"https:\/\/www.runottawa.ca\/fr\/wp-json\/wp\/v2\/pages"}],"about":[{"href":"https:\/\/www.runottawa.ca\/fr\/wp-json\/wp\/v2\/types\/page"}],"author":[{"embeddable":true,"href":"https:\/\/www.runottawa.ca\/fr\/wp-json\/wp\/v2\/users\/33"}],"replies":[{"embeddable":true,"href":"https:\/\/www.runottawa.ca\/fr\/wp-json\/wp\/v2\/comments?post=16146"}],"version-history":[{"count":5,"href":"https:\/\/www.runottawa.ca\/fr\/wp-json\/wp\/v2\/pages\/16146\/revisions"}],"predecessor-version":[{"id":21308,"href":"https:\/\/www.runottawa.ca\/fr\/wp-json\/wp\/v2\/pages\/16146\/revisions\/21308"}],"up":[{"embeddable":true,"href":"https:\/\/www.runottawa.ca\/fr\/wp-json\/wp\/v2\/pages\/12592"}],"wp:attachment":[{"href":"https:\/\/www.runottawa.ca\/fr\/wp-json\/wp\/v2\/media?parent=16146"}],"curies":[{"name":"wp","href":"https:\/\/api.w.org\/{rel}","templated":true}]}}