{"id":14405,"date":"2017-08-18T10:01:35","date_gmt":"2017-08-18T14:01:35","guid":{"rendered":"http:\/\/www.runottawa.ca\/?page_id=14405"},"modified":"2017-08-18T10:01:35","modified_gmt":"2017-08-18T14:01:35","slug":"resultats-des-courses","status":"publish","type":"page","link":"https:\/\/www.runottawa.ca\/fr\/ro\/les-courses\/resultats-des-courses\/","title":{"rendered":"R\u00e9sultats des courses"},"content":{"rendered":"<form autocomplete=\"off\" name=\"wpv-filter-14400\" action=\"\/fr\/wp-json\/wp\/v2\/pages\/14405?wpv_view_count=14400\" method=\"get\" class=\"wpv-filter-form js-wpv-filter-form js-wpv-filter-form-14400 js-wpv-form-full\" data-viewnumber=\"14400\" data-viewid=\"14400\" data-viewhash=\"eyJuYW1lIjoicnVuLW90dGF3YS1yYWNlLXJlc3VsdHMifQ==\" data-viewwidgetid=\"0\" data-orderby=\"\" data-order=\"\" data-orderbyas=\"\" data-orderbysecond=\"\" data-ordersecond=\"\" data-parametric=\"{&quot;query&quot;:&quot;normal&quot;,&quot;id&quot;:14400,&quot;view_id&quot;:14400,&quot;widget_id&quot;:0,&quot;view_hash&quot;:&quot;14400&quot;,&quot;action&quot;:&quot;\\\/fr\\\/wp-json\\\/wp\\\/v2\\\/pages\\\/14405?wpv_view_count=14400&quot;,&quot;sort&quot;:{&quot;orderby&quot;:&quot;&quot;,&quot;order&quot;:&quot;&quot;,&quot;orderby_as&quot;:&quot;&quot;,&quot;orderby_second&quot;:&quot;&quot;,&quot;order_second&quot;:&quot;&quot;},&quot;orderby&quot;:&quot;&quot;,&quot;order&quot;:&quot;&quot;,&quot;orderby_as&quot;:&quot;&quot;,&quot;orderby_second&quot;:&quot;&quot;,&quot;order_second&quot;:&quot;&quot;,&quot;ajax_form&quot;:&quot;&quot;,&quot;ajax_results&quot;:&quot;&quot;,&quot;effect&quot;:&quot;fade&quot;,&quot;prebefore&quot;:&quot;&quot;,&quot;before&quot;:&quot;&quot;,&quot;after&quot;:&quot;&quot;,&quot;attributes&quot;:[],&quot;environment&quot;:{&quot;current_post_id&quot;:14405,&quot;parent_post_id&quot;:14405,&quot;parent_term_id&quot;:0,&quot;parent_user_id&quot;:0,&quot;archive&quot;:{&quot;type&quot;:&quot;&quot;,&quot;name&quot;:&quot;&quot;,&quot;data&quot;:[]}},&quot;loop&quot;:{&quot;type&quot;:&quot;&quot;,&quot;name&quot;:&quot;&quot;,&quot;data&quot;:[],&quot;id&quot;:0}}\" data-attributes=\"[]\" data-environment=\"{&quot;current_post_id&quot;:14405,&quot;parent_post_id&quot;:14405,&quot;parent_term_id&quot;:0,&quot;parent_user_id&quot;:0,&quot;archive&quot;:{&quot;type&quot;:&quot;&quot;,&quot;name&quot;:&quot;&quot;,&quot;data&quot;:[]}}\"><input type=\"hidden\" class=\"js-wpv-dps-filter-data js-wpv-filter-data-for-this-form\" data-action=\"\/fr\/wp-json\/wp\/v2\/pages\/14405?wpv_view_count=14400\" data-page=\"1\" data-ajax=\"disable\" data-effect=\"fade\" data-maxpages=\"0\" data-ajaxprebefore=\"\" data-ajaxbefore=\"\" data-ajaxafter=\"\" \/><input class=\"wpv_view_count wpv_view_count-14400\" type=\"hidden\" name=\"wpv_view_count\" value=\"14400\" \/>\n\nEvent: \r\n<select  id=\"wpv_control_select_race-event\" name=\"race-event[]\" style=\"\" class=\"js-wpv-filter-trigger  wpcf-form-select form-select select\">\r\n<option value=\"na\" selected=\"selected\" class=\"js-wpv-filter-trigger wpcf-form-option form-option option\">Veuillez choisir <\/option>\r\n<option value=\"2\" class=\"js-wpv-filter-trigger wpcf-form-option form-option option\">Annuelles de Richmond<\/option>\r\n<option value=\"3\" class=\"js-wpv-filter-trigger wpcf-form-option form-option option\">Les 5K gratuits du samedi<\/option>\r\n<option value=\"4\" class=\"js-wpv-filter-trigger wpcf-form-option form-option option\">La s\u00e9rie de courses Beaver Chase<\/option>\r\n<option value=\"5\" class=\"js-wpv-filter-trigger wpcf-form-option form-option option\">Courses sur route de la journ\u00e9e du Canada Banque Scotia<\/option>\r\n<option value=\"6\" class=\"js-wpv-filter-trigger wpcf-form-option form-option option\">La Course 5\/15 \u00e0 la ferme<\/option>\r\n<option value=\"7\" class=\"js-wpv-filter-trigger wpcf-form-option form-option option\">10-Miler sans fanfreluches et du 5K<\/option>\r\n<option value=\"8\" class=\"js-wpv-filter-trigger wpcf-form-option form-option option\">Elles Courent Ottawa<\/option>\r\n<option value=\"9\" class=\"js-wpv-filter-trigger wpcf-form-option form-option option\">Courses de fond Jim Howe Memorial<\/option>\r\n<option value=\"10\" class=\"js-wpv-filter-trigger wpcf-form-option form-option option\">La Cookie Run<\/option>\r\n<\/select>\r\n\nYear: \r\n<select  id=\"wpv_control_select_race-year\" name=\"race-year[]\" style=\"\" class=\"js-wpv-filter-trigger  wpcf-form-select form-select select\">\r\n<option value=\"\" selected=\"selected\" class=\"js-wpv-filter-trigger wpcf-form-option form-option option\">Any race year<\/option>\r\n<option value=\"2017\" class=\"js-wpv-filter-trigger wpcf-form-option form-option option\">2017<\/option>\r\n<option value=\"2016\" class=\"js-wpv-filter-trigger wpcf-form-option form-option option\">2016<\/option>\r\n<option value=\"2015\" class=\"js-wpv-filter-trigger wpcf-form-option form-option option\">2015<\/option>\r\n<option value=\"2014\" class=\"js-wpv-filter-trigger wpcf-form-option form-option option\">2014<\/option>\r\n<\/select>\r\n\n<input type=\"submit\" class=\"wpv-submit-trigger js-wpv-submit-trigger\" name=\"wpv_filter_submit\" value=\"Soumettre\" \/>\n<div style=\"display:none\" class=\"js-wpv-dps-spinner\"><img decoding=\"async\" src=\"https:\/\/www.runottawa.ca\/wp-content\/plugins\/wp-views\/embedded\/res\/img\/ajax-loader3.gif\" \/><\/div>\n\n<\/form>\n<div class=\"race-result-wrapper\">\n<div id=\"wpv-view-layout-14400\" class=\"js-wpv-view-layout js-wpv-layout-responsive js-wpv-view-layout-14400\" data-viewnumber=\"14400\" data-pagination=\"{&quot;id&quot;:14400,&quot;query&quot;:&quot;normal&quot;,&quot;type&quot;:&quot;disabled&quot;,&quot;effect&quot;:&quot;fade&quot;,&quot;duration&quot;:500,&quot;speed&quot;:5,&quot;pause_on_hover&quot;:&quot;disabled&quot;,&quot;stop_rollover&quot;:&quot;false&quot;,&quot;cache_pages&quot;:&quot;enabled&quot;,&quot;preload_images&quot;:&quot;enabled&quot;,&quot;preload_pages&quot;:&quot;enabled&quot;,&quot;preload_reach&quot;:1,&quot;spinner&quot;:&quot;builtin&quot;,&quot;spinner_image&quot;:&quot;https:\/\/www.runottawa.ca\/wp-content\/plugins\/wp-views\/res\/img\/ajax-loader.gif&quot;,&quot;callback_next&quot;:&quot;&quot;,&quot;manage_history&quot;:&quot;enabled&quot;,&quot;has_controls_in_form&quot;:&quot;disabled&quot;,&quot;infinite_tolerance&quot;:&quot;0&quot;,&quot;max_pages&quot;:0,&quot;page&quot;:1,&quot;base_permalink&quot;:&quot;\/fr\/wp-json\/wp\/v2\/pages\/14405?wpv_view_count=14400&amp;wpv_paged=WPV_PAGE_NUM&quot;,&quot;loop&quot;:{&quot;type&quot;:&quot;&quot;,&quot;name&quot;:&quot;&quot;,&quot;data&quot;:[],&quot;id&quot;:0}}\" data-permalink=\"\/fr\/wp-json\/wp\/v2\/pages\/14405?wpv_view_count=14400\">\n\n\t\n\t\n\t\t<span style=\"padding: 2rem 0; display: block;\"><strong>Pour afficher les r\u00e9sultats, s\u00e9lectionnez une \u00e9preuve et une ann\u00e9e.<\/strong><\/span>\n\t\n<\/div>\n\n<\/div>\n","protected":false},"excerpt":{"rendered":"","protected":false},"author":33,"featured_media":0,"parent":311,"menu_order":444,"comment_status":"closed","ping_status":"closed","template":"","meta":{"_acf_changed":false,"footnotes":""},"class_list":["post-14405","page","type-page","status-publish","hentry"],"acf":[],"yoast_head":"<!-- This site is optimized with the Yoast SEO plugin v27.5 - https:\/\/yoast.com\/product\/yoast-seo-wordpress\/ -->\n<title>R\u00e9sultats des courses - Run Ottawa<\/title>\n<meta name=\"robots\" content=\"index, follow, max-snippet:-1, max-image-preview:large, max-video-preview:-1\" \/>\n<link rel=\"canonical\" href=\"https:\/\/www.runottawa.ca\/fr\/ro\/les-courses\/resultats-des-courses\/\" \/>\n<script type=\"application\/ld+json\" class=\"yoast-schema-graph\">{\"@context\":\"https:\\\/\\\/schema.org\",\"@graph\":[{\"@type\":\"WebPage\",\"@id\":\"https:\\\/\\\/www.runottawa.ca\\\/fr\\\/ro\\\/les-courses\\\/resultats-des-courses\\\/\",\"url\":\"https:\\\/\\\/www.runottawa.ca\\\/fr\\\/ro\\\/les-courses\\\/resultats-des-courses\\\/\",\"name\":\"R\u00e9sultats des courses - Run Ottawa\",\"isPartOf\":{\"@id\":\"https:\\\/\\\/www.runottawa.ca\\\/fr\\\/#website\"},\"datePublished\":\"2017-08-18T14:01:35+00:00\",\"breadcrumb\":{\"@id\":\"https:\\\/\\\/www.runottawa.ca\\\/fr\\\/ro\\\/les-courses\\\/resultats-des-courses\\\/#breadcrumb\"},\"inLanguage\":\"fr-FR\",\"potentialAction\":[{\"@type\":\"ReadAction\",\"target\":[\"https:\\\/\\\/www.runottawa.ca\\\/fr\\\/ro\\\/les-courses\\\/resultats-des-courses\\\/\"]}]},{\"@type\":\"BreadcrumbList\",\"@id\":\"https:\\\/\\\/www.runottawa.ca\\\/fr\\\/ro\\\/les-courses\\\/resultats-des-courses\\\/#breadcrumb\",\"itemListElement\":[{\"@type\":\"ListItem\",\"position\":1,\"name\":\"Home\",\"item\":\"https:\\\/\\\/www.runottawa.ca\\\/fr\\\/\"},{\"@type\":\"ListItem\",\"position\":2,\"name\":\"Courez Ottawa\",\"item\":\"https:\\\/\\\/www.runottawa.ca\\\/fr\\\/ro\\\/\"},{\"@type\":\"ListItem\",\"position\":3,\"name\":\"Les courses\",\"item\":\"https:\\\/\\\/www.runottawa.ca\\\/fr\\\/ro\\\/les-courses\\\/\"},{\"@type\":\"ListItem\",\"position\":4,\"name\":\"R\u00e9sultats des courses\"}]},{\"@type\":\"WebSite\",\"@id\":\"https:\\\/\\\/www.runottawa.ca\\\/fr\\\/#website\",\"url\":\"https:\\\/\\\/www.runottawa.ca\\\/fr\\\/\",\"name\":\"Run Ottawa\",\"description\":\"\",\"potentialAction\":[{\"@type\":\"SearchAction\",\"target\":{\"@type\":\"EntryPoint\",\"urlTemplate\":\"https:\\\/\\\/www.runottawa.ca\\\/fr\\\/?s={search_term_string}\"},\"query-input\":{\"@type\":\"PropertyValueSpecification\",\"valueRequired\":true,\"valueName\":\"search_term_string\"}}],\"inLanguage\":\"fr-FR\"}]}<\/script>\n<!-- \/ Yoast SEO plugin. -->","yoast_head_json":{"title":"R\u00e9sultats des courses - Run Ottawa","robots":{"index":"index","follow":"follow","max-snippet":"max-snippet:-1","max-image-preview":"max-image-preview:large","max-video-preview":"max-video-preview:-1"},"canonical":"https:\/\/www.runottawa.ca\/fr\/ro\/les-courses\/resultats-des-courses\/","schema":{"@context":"https:\/\/schema.org","@graph":[{"@type":"WebPage","@id":"https:\/\/www.runottawa.ca\/fr\/ro\/les-courses\/resultats-des-courses\/","url":"https:\/\/www.runottawa.ca\/fr\/ro\/les-courses\/resultats-des-courses\/","name":"R\u00e9sultats des courses - Run Ottawa","isPartOf":{"@id":"https:\/\/www.runottawa.ca\/fr\/#website"},"datePublished":"2017-08-18T14:01:35+00:00","breadcrumb":{"@id":"https:\/\/www.runottawa.ca\/fr\/ro\/les-courses\/resultats-des-courses\/#breadcrumb"},"inLanguage":"fr-FR","potentialAction":[{"@type":"ReadAction","target":["https:\/\/www.runottawa.ca\/fr\/ro\/les-courses\/resultats-des-courses\/"]}]},{"@type":"BreadcrumbList","@id":"https:\/\/www.runottawa.ca\/fr\/ro\/les-courses\/resultats-des-courses\/#breadcrumb","itemListElement":[{"@type":"ListItem","position":1,"name":"Home","item":"https:\/\/www.runottawa.ca\/fr\/"},{"@type":"ListItem","position":2,"name":"Courez Ottawa","item":"https:\/\/www.runottawa.ca\/fr\/ro\/"},{"@type":"ListItem","position":3,"name":"Les courses","item":"https:\/\/www.runottawa.ca\/fr\/ro\/les-courses\/"},{"@type":"ListItem","position":4,"name":"R\u00e9sultats des courses"}]},{"@type":"WebSite","@id":"https:\/\/www.runottawa.ca\/fr\/#website","url":"https:\/\/www.runottawa.ca\/fr\/","name":"Run Ottawa","description":"","potentialAction":[{"@type":"SearchAction","target":{"@type":"EntryPoint","urlTemplate":"https:\/\/www.runottawa.ca\/fr\/?s={search_term_string}"},"query-input":{"@type":"PropertyValueSpecification","valueRequired":true,"valueName":"search_term_string"}}],"inLanguage":"fr-FR"}]}},"_links":{"self":[{"href":"https:\/\/www.runottawa.ca\/fr\/wp-json\/wp\/v2\/pages\/14405","targetHints":{"allow":["GET"]}}],"collection":[{"href":"https:\/\/www.runottawa.ca\/fr\/wp-json\/wp\/v2\/pages"}],"about":[{"href":"https:\/\/www.runottawa.ca\/fr\/wp-json\/wp\/v2\/types\/page"}],"author":[{"embeddable":true,"href":"https:\/\/www.runottawa.ca\/fr\/wp-json\/wp\/v2\/users\/33"}],"replies":[{"embeddable":true,"href":"https:\/\/www.runottawa.ca\/fr\/wp-json\/wp\/v2\/comments?post=14405"}],"version-history":[{"count":1,"href":"https:\/\/www.runottawa.ca\/fr\/wp-json\/wp\/v2\/pages\/14405\/revisions"}],"predecessor-version":[{"id":14406,"href":"https:\/\/www.runottawa.ca\/fr\/wp-json\/wp\/v2\/pages\/14405\/revisions\/14406"}],"up":[{"embeddable":true,"href":"https:\/\/www.runottawa.ca\/fr\/wp-json\/wp\/v2\/pages\/311"}],"wp:attachment":[{"href":"https:\/\/www.runottawa.ca\/fr\/wp-json\/wp\/v2\/media?parent=14405"}],"curies":[{"name":"wp","href":"https:\/\/api.w.org\/{rel}","templated":true}]}}