{"id":13841,"date":"2017-04-12T10:40:31","date_gmt":"2017-04-12T14:40:31","guid":{"rendered":"http:\/\/www.runottawa.ca\/?page_id=13841"},"modified":"2022-05-29T19:45:56","modified_gmt":"2022-05-29T23:45:56","slug":"resultats-des-courses","status":"publish","type":"page","link":"https:\/\/www.runottawa.ca\/fr\/torw\/coureurs\/resultats-des-courses\/","title":{"rendered":"R\u00e9sultats des courses"},"content":{"rendered":"<h3><strong>Quel r\u00e9union ! F\u00e9licitations \u00e0 tous les participants de la Fin de semaine des courses Tamarack d&rsquo;Ottawa !<\/strong><\/h3>\n<p>Veuillez visiter Sportstats pour tous <strong><a href=\"https:\/\/www.sportstats.ca\/events.xhtml?eventname=tamarack&amp;companies=[1,2,9,8]\">les r\u00e9sultats de la Fin de semaine des courses Tamarack d&rsquo;Ottawa<\/a>. <\/strong>Si vous croyez que votre chrono est erron\u00e9 ou si vous avez d\u2019autres questions \u00e0 ce sujet, faites parvenir un courriel \u00e0 :\u00a0<a href=\"mailto:corrections@sportstats.ca\" target=\"_blank\" rel=\"noopener\"><span class=\"\">corrections<\/span>@sportstats.ca<\/a><\/p>\n<p style=\"text-align: center;\"><strong><em>Merci de courir \u00e0 Ottawa !<\/em><\/strong><\/p>\n","protected":false},"excerpt":{"rendered":"<p>Quel r\u00e9union ! F\u00e9licitations \u00e0 tous les participants de la Fin de semaine des courses Tamarack d&rsquo;Ottawa ! Veuillez visiter Sportstats pour tous les r\u00e9sultats de la Fin de semaine des courses Tamarack d&rsquo;Ottawa. Si vous croyez que votre chrono est erron\u00e9 ou si vous avez d\u2019autres questions \u00e0 ce [&hellip;]<\/p>\n","protected":false},"author":33,"featured_media":0,"parent":13551,"menu_order":422,"comment_status":"closed","ping_status":"closed","template":"","meta":{"_acf_changed":false,"footnotes":""},"class_list":["post-13841","page","type-page","status-publish","hentry"],"acf":[],"yoast_head":"<!-- This site is optimized with the Yoast SEO plugin v27.4 - https:\/\/yoast.com\/product\/yoast-seo-wordpress\/ -->\n<title>R\u00e9sultats des courses - Run Ottawa<\/title>\n<meta name=\"robots\" content=\"index, follow, max-snippet:-1, max-image-preview:large, max-video-preview:-1\" \/>\n<link rel=\"canonical\" href=\"https:\/\/www.runottawa.ca\/fr\/torw\/coureurs\/resultats-des-courses\/\" \/>\n<meta name=\"twitter:label1\" content=\"Dur\u00e9e de lecture estim\u00e9e\" \/>\n\t<meta name=\"twitter:data1\" content=\"1 minute\" \/>\n<script type=\"application\/ld+json\" class=\"yoast-schema-graph\">{\"@context\":\"https:\\\/\\\/schema.org\",\"@graph\":[{\"@type\":\"WebPage\",\"@id\":\"https:\\\/\\\/www.runottawa.ca\\\/fr\\\/torw\\\/coureurs\\\/resultats-des-courses\\\/\",\"url\":\"https:\\\/\\\/www.runottawa.ca\\\/fr\\\/torw\\\/coureurs\\\/resultats-des-courses\\\/\",\"name\":\"R\u00e9sultats des courses - Run Ottawa\",\"isPartOf\":{\"@id\":\"https:\\\/\\\/www.runottawa.ca\\\/fr\\\/#website\"},\"datePublished\":\"2017-04-12T14:40:31+00:00\",\"dateModified\":\"2022-05-29T23:45:56+00:00\",\"breadcrumb\":{\"@id\":\"https:\\\/\\\/www.runottawa.ca\\\/fr\\\/torw\\\/coureurs\\\/resultats-des-courses\\\/#breadcrumb\"},\"inLanguage\":\"fr-FR\",\"potentialAction\":[{\"@type\":\"ReadAction\",\"target\":[\"https:\\\/\\\/www.runottawa.ca\\\/fr\\\/torw\\\/coureurs\\\/resultats-des-courses\\\/\"]}]},{\"@type\":\"BreadcrumbList\",\"@id\":\"https:\\\/\\\/www.runottawa.ca\\\/fr\\\/torw\\\/coureurs\\\/resultats-des-courses\\\/#breadcrumb\",\"itemListElement\":[{\"@type\":\"ListItem\",\"position\":1,\"name\":\"Home\",\"item\":\"https:\\\/\\\/www.runottawa.ca\\\/fr\\\/\"},{\"@type\":\"ListItem\",\"position\":2,\"name\":\"Fin de semaine des courses Tamarack d\u2019Ottawa\",\"item\":\"https:\\\/\\\/www.runottawa.ca\\\/fr\\\/\"},{\"@type\":\"ListItem\",\"position\":3,\"name\":\"Coureurs\",\"item\":\"https:\\\/\\\/www.runottawa.ca\\\/fr\\\/torw\\\/coureurs\\\/\"},{\"@type\":\"ListItem\",\"position\":4,\"name\":\"R\u00e9sultats des courses\"}]},{\"@type\":\"WebSite\",\"@id\":\"https:\\\/\\\/www.runottawa.ca\\\/fr\\\/#website\",\"url\":\"https:\\\/\\\/www.runottawa.ca\\\/fr\\\/\",\"name\":\"Run Ottawa\",\"description\":\"\",\"potentialAction\":[{\"@type\":\"SearchAction\",\"target\":{\"@type\":\"EntryPoint\",\"urlTemplate\":\"https:\\\/\\\/www.runottawa.ca\\\/fr\\\/?s={search_term_string}\"},\"query-input\":{\"@type\":\"PropertyValueSpecification\",\"valueRequired\":true,\"valueName\":\"search_term_string\"}}],\"inLanguage\":\"fr-FR\"}]}<\/script>\n<!-- \/ Yoast SEO plugin. -->","yoast_head_json":{"title":"R\u00e9sultats des courses - Run Ottawa","robots":{"index":"index","follow":"follow","max-snippet":"max-snippet:-1","max-image-preview":"max-image-preview:large","max-video-preview":"max-video-preview:-1"},"canonical":"https:\/\/www.runottawa.ca\/fr\/torw\/coureurs\/resultats-des-courses\/","twitter_misc":{"Dur\u00e9e de lecture estim\u00e9e":"1 minute"},"schema":{"@context":"https:\/\/schema.org","@graph":[{"@type":"WebPage","@id":"https:\/\/www.runottawa.ca\/fr\/torw\/coureurs\/resultats-des-courses\/","url":"https:\/\/www.runottawa.ca\/fr\/torw\/coureurs\/resultats-des-courses\/","name":"R\u00e9sultats des courses - Run Ottawa","isPartOf":{"@id":"https:\/\/www.runottawa.ca\/fr\/#website"},"datePublished":"2017-04-12T14:40:31+00:00","dateModified":"2022-05-29T23:45:56+00:00","breadcrumb":{"@id":"https:\/\/www.runottawa.ca\/fr\/torw\/coureurs\/resultats-des-courses\/#breadcrumb"},"inLanguage":"fr-FR","potentialAction":[{"@type":"ReadAction","target":["https:\/\/www.runottawa.ca\/fr\/torw\/coureurs\/resultats-des-courses\/"]}]},{"@type":"BreadcrumbList","@id":"https:\/\/www.runottawa.ca\/fr\/torw\/coureurs\/resultats-des-courses\/#breadcrumb","itemListElement":[{"@type":"ListItem","position":1,"name":"Home","item":"https:\/\/www.runottawa.ca\/fr\/"},{"@type":"ListItem","position":2,"name":"Fin de semaine des courses Tamarack d\u2019Ottawa","item":"https:\/\/www.runottawa.ca\/fr\/"},{"@type":"ListItem","position":3,"name":"Coureurs","item":"https:\/\/www.runottawa.ca\/fr\/torw\/coureurs\/"},{"@type":"ListItem","position":4,"name":"R\u00e9sultats des courses"}]},{"@type":"WebSite","@id":"https:\/\/www.runottawa.ca\/fr\/#website","url":"https:\/\/www.runottawa.ca\/fr\/","name":"Run Ottawa","description":"","potentialAction":[{"@type":"SearchAction","target":{"@type":"EntryPoint","urlTemplate":"https:\/\/www.runottawa.ca\/fr\/?s={search_term_string}"},"query-input":{"@type":"PropertyValueSpecification","valueRequired":true,"valueName":"search_term_string"}}],"inLanguage":"fr-FR"}]}},"_links":{"self":[{"href":"https:\/\/www.runottawa.ca\/fr\/wp-json\/wp\/v2\/pages\/13841","targetHints":{"allow":["GET"]}}],"collection":[{"href":"https:\/\/www.runottawa.ca\/fr\/wp-json\/wp\/v2\/pages"}],"about":[{"href":"https:\/\/www.runottawa.ca\/fr\/wp-json\/wp\/v2\/types\/page"}],"author":[{"embeddable":true,"href":"https:\/\/www.runottawa.ca\/fr\/wp-json\/wp\/v2\/users\/33"}],"replies":[{"embeddable":true,"href":"https:\/\/www.runottawa.ca\/fr\/wp-json\/wp\/v2\/comments?post=13841"}],"version-history":[{"count":14,"href":"https:\/\/www.runottawa.ca\/fr\/wp-json\/wp\/v2\/pages\/13841\/revisions"}],"predecessor-version":[{"id":33466,"href":"https:\/\/www.runottawa.ca\/fr\/wp-json\/wp\/v2\/pages\/13841\/revisions\/33466"}],"up":[{"embeddable":true,"href":"https:\/\/www.runottawa.ca\/fr\/wp-json\/wp\/v2\/pages\/13551"}],"wp:attachment":[{"href":"https:\/\/www.runottawa.ca\/fr\/wp-json\/wp\/v2\/media?parent=13841"}],"curies":[{"name":"wp","href":"https:\/\/api.w.org\/{rel}","templated":true}]}}