{"id":13781,"date":"2017-04-07T21:33:48","date_gmt":"2017-04-08T01:33:48","guid":{"rendered":"http:\/\/www.runottawa.ca\/?page_id=13781"},"modified":"2024-05-22T19:23:13","modified_gmt":"2024-05-22T23:23:13","slug":"visitor-information","status":"publish","type":"page","link":"https:\/\/www.runottawa.ca\/fr\/torw\/planifier-votre-sejour\/visitor-information\/","title":{"rendered":"Information touristique"},"content":{"rendered":"<p>Ottawa est situ\u00e9 dans la partie nord-est de l\u2019Am\u00e9rique du Nord, dans la province de l\u2019Ontario, au Canada.\u00a0 La ville est bord\u00e9e par la rivi\u00e8re des Outaouais au nord, tandis que l\u2019historique rivi\u00e8re Rideau et le canal Rideau serpentent du sud au nord \u00e0 travers la ville.\u00a0 Directement en face, \u00e0 travers la rivi\u00e8re des Outaouais, on trouve la ville de Gatineau et la pittoresque r\u00e9gion de l\u2019Outaouais, dans la province de Qu\u00e9bec.<\/p>\n<p><a href=\"https:\/\/www.runottawa.ca\/wp-content\/uploads\/2023\/09\/SPC101-12-scaled.jpg\"><img loading=\"lazy\" decoding=\"async\" src=\"https:\/\/www.runottawa.ca\/wp-content\/uploads\/2023\/09\/SPC101-12-1024x681.jpg\" alt=\"\" width=\"1024\" height=\"681\" \/><\/a><\/p>\n<p><strong><img loading=\"lazy\" decoding=\"async\" class=\"alignleft wp-image-25064\" src=\"https:\/\/www.runottawa.ca\/wp-content\/uploads\/2019\/11\/CTA_Ribbon_2019_Laureat_FR.png\" alt=\"\" width=\"220\" height=\"273\" srcset=\"https:\/\/www.runottawa.ca\/wp-content\/uploads\/2019\/11\/CTA_Ribbon_2019_Laureat_FR.png 600w, https:\/\/www.runottawa.ca\/wp-content\/uploads\/2019\/11\/CTA_Ribbon_2019_Laureat_FR-242x300.png 242w\" sizes=\"auto, (max-width: 220px) 100vw, 220px\" \/><\/strong>Ottawa est une ville pittoresque baign\u00e9e de nombreuses voies d\u2019eau, b\u00e2tie d\u2019une architecture historique et parsem\u00e9e d\u2019une abondance de parcs et d\u2019espaces ouverts.\u00a0 Suivez les liens ci-dessous pour voir quelques images vid\u00e9o et fixes d\u2019Ottawa.<\/p>\n<ul>\n<li><a href=\"https:\/\/www.youtube.com\/playlist?list=PLPIle2grlo5QawVVMQqvTSEmaTF6BdJfe\">Une visite guid\u00e9e virtuelle d\u2019Ottawa<\/a><\/li>\n<li><a href=\"https:\/\/www.pc.gc.ca\/fr\/lhn-nhs\/on\/rideau\">Lieu historique national du Canal-Rideau<\/a><\/li>\n<li><a href=\"https:\/\/parliamenthillwebcam.ca\">Prise en direct de la colline du Parlement d\u2019Ottawa<\/a><\/li>\n<\/ul>\n<p>Ottawa est la quatri\u00e8me ville du Canada pour sa population, qui s\u2019\u00e9l\u00e8ve \u00e0 plus de 1 millions d&rsquo;\u00e2mes.\u00a0 La r\u00e9gion d\u2019Ottawa a une superficie de 4 662 kilom\u00e8tres carr\u00e9s (1,800 milles carr\u00e9s), dont plus de 90 % est en milieu rural.\u00a0 Bien qu\u2019elle soit assez grande pour soutenir les commodit\u00e9s les plus fines, comme des lieux de divertissement et des districts de magasinage de calibre mondial, la ville d\u2019Ottawa conserve la chaleur et le charme d\u2019une ville europ\u00e9enne au charme surann\u00e9.<\/p>\n<p><a href=\"https:\/\/www.runottawa.ca\/wp-content\/uploads\/2023\/09\/SPC275-Sunday2-scaled.jpg\"><img loading=\"lazy\" decoding=\"async\" src=\"https:\/\/www.runottawa.ca\/wp-content\/uploads\/2023\/09\/SPC275-Sunday2-1024x681.jpg\" alt=\"\" width=\"1024\" height=\"681\" \/><\/a><\/p>\n<p>Les quatre saisons d\u2019Ottawa offrent une toile de couleurs ennivrantes, de beaut\u00e9 et d\u2019activit\u00e9 r\u00e9cr\u00e9ative.\u00a0 Le printemps, l\u2019\u00e9t\u00e9, l\u2019automne et l\u2019hiver sont bien accueillis, et les saisons changeantes font int\u00e9gralement partie de la vie dans notre ville.\u00a0 Le printemps et l\u2019automne sont frais et les r\u00e9sidents portent habituellement un pull ou une veste l\u00e9g\u00e8re.<\/p>\n<p>Ottawa est une \u00ab\u00a0ville de lumi\u00e8re\u00a0\u00bb.\u00a0 C\u2019est l\u2019une des communaut\u00e9s les plus s\u00fbres et les plus belles o\u00f9 il fait bon vivre, travailler, apprendre, s\u2019amuser et \u00e9lever une famille.\u00a0 La ville s\u2019ennorgueillit de sa qualit\u00e9 de vie.\u00a0 Ses habitants appartiennent \u00e0 une vaste gamme de groupes d\u2019\u00e2ge, des familles avec enfants aux professionnels adultes, aux \u00e9tudiants d\u2019universit\u00e9 et aux a\u00een\u00e9s.\u00a0 Comme une des capitales du G8, Ottawa est la vitrine du Canada sur le monde.\u00a0 Elle est pourvue d\u2019un grand nombre de mus\u00e9es nationaux et d\u2019institutions des arts de la sc\u00e8ne, ainsi que d\u2019un riche tissu culturel et patrimonial local.\u00a0 La ville est avantag\u00e9e par un urbanisme qui met une priorit\u00e9 \u00e9lev\u00e9e sur les espaces verts, les parcs et les piste de randonn\u00e9e, ce qui conf\u00e8re \u00e0 Ottawa un paysage lumineux et magnifique qui fait la joie et le plaisir de tous.<\/p>\n<p><a href=\"https:\/\/www.runottawa.ca\/wp-content\/uploads\/2023\/05\/4-1.png\"><img loading=\"lazy\" decoding=\"async\" src=\"https:\/\/www.runottawa.ca\/wp-content\/uploads\/2023\/05\/4-1-1024x1024.png\" alt=\"\" width=\"1024\" height=\"1024\" \/><\/a><\/p>\n<p>Visitez le\u00a0<a href=\"http:\/\/www.ottawatourism.ca\/\">site Web de Tourisme Ottawa<\/a>\u00a0et vous trouverez que c\u2019est toujours le bon moment pour visiter Ottawa.<\/p>\n<p>Pour savoir quel temps il fera aujourd\u2019hui \u00e0 Ottawa, visitez le site Web d\u2019<a href=\"http:\/\/weatheroffice.ec.gc.ca\/canada_e.html\">Environnement Canada<\/a>\u00a0ou le bureau m\u00e9t\u00e9orologique en ligne\u00a0<a href=\"http:\/\/www.theweathernetwork.com\/weather\/cities\/can\/pages\/CAON0512.htm\">The Weather Network\/M\u00e9t\u00e9o media<\/a>.<\/p>\n","protected":false},"excerpt":{"rendered":"<p>Ottawa est situ\u00e9 dans la partie nord-est de l\u2019Am\u00e9rique du Nord, dans la province de l\u2019Ontario, au Canada.\u00a0 La ville est bord\u00e9e par la rivi\u00e8re des Outaouais au nord, tandis que l\u2019historique rivi\u00e8re Rideau et le canal Rideau serpentent du sud au nord \u00e0 travers la ville.\u00a0 Directement en face, [&hellip;]<\/p>\n","protected":false},"author":33,"featured_media":0,"parent":13540,"menu_order":549,"comment_status":"closed","ping_status":"closed","template":"","meta":{"_acf_changed":false,"footnotes":""},"class_list":["post-13781","page","type-page","status-publish","hentry"],"acf":[],"yoast_head":"<!-- This site is optimized with the Yoast SEO plugin v27.4 - https:\/\/yoast.com\/product\/yoast-seo-wordpress\/ -->\n<title>Information touristique - Run Ottawa<\/title>\n<meta name=\"robots\" content=\"index, follow, max-snippet:-1, max-image-preview:large, max-video-preview:-1\" \/>\n<link rel=\"canonical\" href=\"https:\/\/www.runottawa.ca\/fr\/torw\/planifier-votre-sejour\/visitor-information\/\" \/>\n<meta name=\"twitter:label1\" content=\"Dur\u00e9e de lecture estim\u00e9e\" \/>\n\t<meta name=\"twitter:data1\" content=\"3 minutes\" \/>\n<script type=\"application\/ld+json\" class=\"yoast-schema-graph\">{\"@context\":\"https:\\\/\\\/schema.org\",\"@graph\":[{\"@type\":\"WebPage\",\"@id\":\"https:\\\/\\\/www.runottawa.ca\\\/fr\\\/torw\\\/planifier-votre-sejour\\\/visitor-information\\\/\",\"url\":\"https:\\\/\\\/www.runottawa.ca\\\/fr\\\/torw\\\/planifier-votre-sejour\\\/visitor-information\\\/\",\"name\":\"Information touristique - Run Ottawa\",\"isPartOf\":{\"@id\":\"https:\\\/\\\/www.runottawa.ca\\\/fr\\\/#website\"},\"datePublished\":\"2017-04-08T01:33:48+00:00\",\"dateModified\":\"2024-05-22T23:23:13+00:00\",\"breadcrumb\":{\"@id\":\"https:\\\/\\\/www.runottawa.ca\\\/fr\\\/torw\\\/planifier-votre-sejour\\\/visitor-information\\\/#breadcrumb\"},\"inLanguage\":\"fr-FR\",\"potentialAction\":[{\"@type\":\"ReadAction\",\"target\":[\"https:\\\/\\\/www.runottawa.ca\\\/fr\\\/torw\\\/planifier-votre-sejour\\\/visitor-information\\\/\"]}]},{\"@type\":\"BreadcrumbList\",\"@id\":\"https:\\\/\\\/www.runottawa.ca\\\/fr\\\/torw\\\/planifier-votre-sejour\\\/visitor-information\\\/#breadcrumb\",\"itemListElement\":[{\"@type\":\"ListItem\",\"position\":1,\"name\":\"Home\",\"item\":\"https:\\\/\\\/www.runottawa.ca\\\/fr\\\/\"},{\"@type\":\"ListItem\",\"position\":2,\"name\":\"Fin de semaine des courses Tamarack d\u2019Ottawa\",\"item\":\"https:\\\/\\\/www.runottawa.ca\\\/fr\\\/\"},{\"@type\":\"ListItem\",\"position\":3,\"name\":\"Planifier votre s\u00e9jour\",\"item\":\"https:\\\/\\\/www.runottawa.ca\\\/fr\\\/torw\\\/planifier-votre-sejour\\\/\"},{\"@type\":\"ListItem\",\"position\":4,\"name\":\"Information touristique\"}]},{\"@type\":\"WebSite\",\"@id\":\"https:\\\/\\\/www.runottawa.ca\\\/fr\\\/#website\",\"url\":\"https:\\\/\\\/www.runottawa.ca\\\/fr\\\/\",\"name\":\"Run Ottawa\",\"description\":\"\",\"potentialAction\":[{\"@type\":\"SearchAction\",\"target\":{\"@type\":\"EntryPoint\",\"urlTemplate\":\"https:\\\/\\\/www.runottawa.ca\\\/fr\\\/?s={search_term_string}\"},\"query-input\":{\"@type\":\"PropertyValueSpecification\",\"valueRequired\":true,\"valueName\":\"search_term_string\"}}],\"inLanguage\":\"fr-FR\"}]}<\/script>\n<!-- \/ Yoast SEO plugin. -->","yoast_head_json":{"title":"Information touristique - Run Ottawa","robots":{"index":"index","follow":"follow","max-snippet":"max-snippet:-1","max-image-preview":"max-image-preview:large","max-video-preview":"max-video-preview:-1"},"canonical":"https:\/\/www.runottawa.ca\/fr\/torw\/planifier-votre-sejour\/visitor-information\/","twitter_misc":{"Dur\u00e9e de lecture estim\u00e9e":"3 minutes"},"schema":{"@context":"https:\/\/schema.org","@graph":[{"@type":"WebPage","@id":"https:\/\/www.runottawa.ca\/fr\/torw\/planifier-votre-sejour\/visitor-information\/","url":"https:\/\/www.runottawa.ca\/fr\/torw\/planifier-votre-sejour\/visitor-information\/","name":"Information touristique - Run Ottawa","isPartOf":{"@id":"https:\/\/www.runottawa.ca\/fr\/#website"},"datePublished":"2017-04-08T01:33:48+00:00","dateModified":"2024-05-22T23:23:13+00:00","breadcrumb":{"@id":"https:\/\/www.runottawa.ca\/fr\/torw\/planifier-votre-sejour\/visitor-information\/#breadcrumb"},"inLanguage":"fr-FR","potentialAction":[{"@type":"ReadAction","target":["https:\/\/www.runottawa.ca\/fr\/torw\/planifier-votre-sejour\/visitor-information\/"]}]},{"@type":"BreadcrumbList","@id":"https:\/\/www.runottawa.ca\/fr\/torw\/planifier-votre-sejour\/visitor-information\/#breadcrumb","itemListElement":[{"@type":"ListItem","position":1,"name":"Home","item":"https:\/\/www.runottawa.ca\/fr\/"},{"@type":"ListItem","position":2,"name":"Fin de semaine des courses Tamarack d\u2019Ottawa","item":"https:\/\/www.runottawa.ca\/fr\/"},{"@type":"ListItem","position":3,"name":"Planifier votre s\u00e9jour","item":"https:\/\/www.runottawa.ca\/fr\/torw\/planifier-votre-sejour\/"},{"@type":"ListItem","position":4,"name":"Information touristique"}]},{"@type":"WebSite","@id":"https:\/\/www.runottawa.ca\/fr\/#website","url":"https:\/\/www.runottawa.ca\/fr\/","name":"Run Ottawa","description":"","potentialAction":[{"@type":"SearchAction","target":{"@type":"EntryPoint","urlTemplate":"https:\/\/www.runottawa.ca\/fr\/?s={search_term_string}"},"query-input":{"@type":"PropertyValueSpecification","valueRequired":true,"valueName":"search_term_string"}}],"inLanguage":"fr-FR"}]}},"_links":{"self":[{"href":"https:\/\/www.runottawa.ca\/fr\/wp-json\/wp\/v2\/pages\/13781","targetHints":{"allow":["GET"]}}],"collection":[{"href":"https:\/\/www.runottawa.ca\/fr\/wp-json\/wp\/v2\/pages"}],"about":[{"href":"https:\/\/www.runottawa.ca\/fr\/wp-json\/wp\/v2\/types\/page"}],"author":[{"embeddable":true,"href":"https:\/\/www.runottawa.ca\/fr\/wp-json\/wp\/v2\/users\/33"}],"replies":[{"embeddable":true,"href":"https:\/\/www.runottawa.ca\/fr\/wp-json\/wp\/v2\/comments?post=13781"}],"version-history":[{"count":12,"href":"https:\/\/www.runottawa.ca\/fr\/wp-json\/wp\/v2\/pages\/13781\/revisions"}],"predecessor-version":[{"id":39399,"href":"https:\/\/www.runottawa.ca\/fr\/wp-json\/wp\/v2\/pages\/13781\/revisions\/39399"}],"up":[{"embeddable":true,"href":"https:\/\/www.runottawa.ca\/fr\/wp-json\/wp\/v2\/pages\/13540"}],"wp:attachment":[{"href":"https:\/\/www.runottawa.ca\/fr\/wp-json\/wp\/v2\/media?parent=13781"}],"curies":[{"name":"wp","href":"https:\/\/api.w.org\/{rel}","templated":true}]}}