{"id":13736,"date":"2017-04-06T21:55:20","date_gmt":"2017-04-07T01:55:20","guid":{"rendered":"http:\/\/www.runottawa.ca\/?page_id=13736"},"modified":"2024-11-19T08:56:52","modified_gmt":"2024-11-19T13:56:52","slug":"contactez-nous","status":"publish","type":"page","link":"https:\/\/www.runottawa.ca\/fr\/torw\/information\/contactez-nous\/","title":{"rendered":"Contactez nous"},"content":{"rendered":"<p><strong>Adresse :<\/strong><br \/>\n5450 rue Canotek, Unit\u00e9 45,<br \/>\nOttawa, ON Canada K1J 9G2<\/p>\n<p>T\u00e9l\u00e9phone : 613-234-2221<br \/>\nCourriel: <a href=\"mailto:questions@runottawa.ca\">questions@runottawa.ca<\/a><\/p>\n<p>&nbsp;<\/p>\n","protected":false},"excerpt":{"rendered":"<p>Adresse : 5450 rue Canotek, Unit\u00e9 45, Ottawa, ON Canada K1J 9G2 T\u00e9l\u00e9phone : 613-234-2221 Courriel: questions@runottawa.ca &nbsp;<\/p>\n","protected":false},"author":33,"featured_media":0,"parent":13534,"menu_order":242,"comment_status":"closed","ping_status":"closed","template":"","meta":{"_acf_changed":false,"footnotes":""},"class_list":["post-13736","page","type-page","status-publish","hentry"],"acf":[],"yoast_head":"<!-- This site is optimized with the Yoast SEO plugin v27.4 - https:\/\/yoast.com\/product\/yoast-seo-wordpress\/ -->\n<title>Contactez nous - Run Ottawa<\/title>\n<meta name=\"robots\" content=\"index, follow, max-snippet:-1, max-image-preview:large, max-video-preview:-1\" \/>\n<link rel=\"canonical\" href=\"https:\/\/www.runottawa.ca\/fr\/torw\/information\/contactez-nous\/\" \/>\n<meta name=\"twitter:label1\" content=\"Dur\u00e9e de lecture estim\u00e9e\" \/>\n\t<meta name=\"twitter:data1\" content=\"1 minute\" \/>\n<script type=\"application\/ld+json\" class=\"yoast-schema-graph\">{\"@context\":\"https:\\\/\\\/schema.org\",\"@graph\":[{\"@type\":\"WebPage\",\"@id\":\"https:\\\/\\\/www.runottawa.ca\\\/fr\\\/torw\\\/information\\\/contactez-nous\\\/\",\"url\":\"https:\\\/\\\/www.runottawa.ca\\\/fr\\\/torw\\\/information\\\/contactez-nous\\\/\",\"name\":\"Contactez nous - Run Ottawa\",\"isPartOf\":{\"@id\":\"https:\\\/\\\/www.runottawa.ca\\\/fr\\\/#website\"},\"datePublished\":\"2017-04-07T01:55:20+00:00\",\"dateModified\":\"2024-11-19T13:56:52+00:00\",\"breadcrumb\":{\"@id\":\"https:\\\/\\\/www.runottawa.ca\\\/fr\\\/torw\\\/information\\\/contactez-nous\\\/#breadcrumb\"},\"inLanguage\":\"fr-FR\",\"potentialAction\":[{\"@type\":\"ReadAction\",\"target\":[\"https:\\\/\\\/www.runottawa.ca\\\/fr\\\/torw\\\/information\\\/contactez-nous\\\/\"]}]},{\"@type\":\"BreadcrumbList\",\"@id\":\"https:\\\/\\\/www.runottawa.ca\\\/fr\\\/torw\\\/information\\\/contactez-nous\\\/#breadcrumb\",\"itemListElement\":[{\"@type\":\"ListItem\",\"position\":1,\"name\":\"Home\",\"item\":\"https:\\\/\\\/www.runottawa.ca\\\/fr\\\/\"},{\"@type\":\"ListItem\",\"position\":2,\"name\":\"Fin de semaine des courses Tamarack d\u2019Ottawa\",\"item\":\"https:\\\/\\\/www.runottawa.ca\\\/fr\\\/\"},{\"@type\":\"ListItem\",\"position\":3,\"name\":\"Information\",\"item\":\"https:\\\/\\\/www.runottawa.ca\\\/fr\\\/torw\\\/information\\\/\"},{\"@type\":\"ListItem\",\"position\":4,\"name\":\"Contactez nous\"}]},{\"@type\":\"WebSite\",\"@id\":\"https:\\\/\\\/www.runottawa.ca\\\/fr\\\/#website\",\"url\":\"https:\\\/\\\/www.runottawa.ca\\\/fr\\\/\",\"name\":\"Run Ottawa\",\"description\":\"\",\"potentialAction\":[{\"@type\":\"SearchAction\",\"target\":{\"@type\":\"EntryPoint\",\"urlTemplate\":\"https:\\\/\\\/www.runottawa.ca\\\/fr\\\/?s={search_term_string}\"},\"query-input\":{\"@type\":\"PropertyValueSpecification\",\"valueRequired\":true,\"valueName\":\"search_term_string\"}}],\"inLanguage\":\"fr-FR\"}]}<\/script>\n<!-- \/ Yoast SEO plugin. -->","yoast_head_json":{"title":"Contactez nous - Run Ottawa","robots":{"index":"index","follow":"follow","max-snippet":"max-snippet:-1","max-image-preview":"max-image-preview:large","max-video-preview":"max-video-preview:-1"},"canonical":"https:\/\/www.runottawa.ca\/fr\/torw\/information\/contactez-nous\/","twitter_misc":{"Dur\u00e9e de lecture estim\u00e9e":"1 minute"},"schema":{"@context":"https:\/\/schema.org","@graph":[{"@type":"WebPage","@id":"https:\/\/www.runottawa.ca\/fr\/torw\/information\/contactez-nous\/","url":"https:\/\/www.runottawa.ca\/fr\/torw\/information\/contactez-nous\/","name":"Contactez nous - Run Ottawa","isPartOf":{"@id":"https:\/\/www.runottawa.ca\/fr\/#website"},"datePublished":"2017-04-07T01:55:20+00:00","dateModified":"2024-11-19T13:56:52+00:00","breadcrumb":{"@id":"https:\/\/www.runottawa.ca\/fr\/torw\/information\/contactez-nous\/#breadcrumb"},"inLanguage":"fr-FR","potentialAction":[{"@type":"ReadAction","target":["https:\/\/www.runottawa.ca\/fr\/torw\/information\/contactez-nous\/"]}]},{"@type":"BreadcrumbList","@id":"https:\/\/www.runottawa.ca\/fr\/torw\/information\/contactez-nous\/#breadcrumb","itemListElement":[{"@type":"ListItem","position":1,"name":"Home","item":"https:\/\/www.runottawa.ca\/fr\/"},{"@type":"ListItem","position":2,"name":"Fin de semaine des courses Tamarack d\u2019Ottawa","item":"https:\/\/www.runottawa.ca\/fr\/"},{"@type":"ListItem","position":3,"name":"Information","item":"https:\/\/www.runottawa.ca\/fr\/torw\/information\/"},{"@type":"ListItem","position":4,"name":"Contactez nous"}]},{"@type":"WebSite","@id":"https:\/\/www.runottawa.ca\/fr\/#website","url":"https:\/\/www.runottawa.ca\/fr\/","name":"Run Ottawa","description":"","potentialAction":[{"@type":"SearchAction","target":{"@type":"EntryPoint","urlTemplate":"https:\/\/www.runottawa.ca\/fr\/?s={search_term_string}"},"query-input":{"@type":"PropertyValueSpecification","valueRequired":true,"valueName":"search_term_string"}}],"inLanguage":"fr-FR"}]}},"_links":{"self":[{"href":"https:\/\/www.runottawa.ca\/fr\/wp-json\/wp\/v2\/pages\/13736","targetHints":{"allow":["GET"]}}],"collection":[{"href":"https:\/\/www.runottawa.ca\/fr\/wp-json\/wp\/v2\/pages"}],"about":[{"href":"https:\/\/www.runottawa.ca\/fr\/wp-json\/wp\/v2\/types\/page"}],"author":[{"embeddable":true,"href":"https:\/\/www.runottawa.ca\/fr\/wp-json\/wp\/v2\/users\/33"}],"replies":[{"embeddable":true,"href":"https:\/\/www.runottawa.ca\/fr\/wp-json\/wp\/v2\/comments?post=13736"}],"version-history":[{"count":5,"href":"https:\/\/www.runottawa.ca\/fr\/wp-json\/wp\/v2\/pages\/13736\/revisions"}],"predecessor-version":[{"id":40256,"href":"https:\/\/www.runottawa.ca\/fr\/wp-json\/wp\/v2\/pages\/13736\/revisions\/40256"}],"up":[{"embeddable":true,"href":"https:\/\/www.runottawa.ca\/fr\/wp-json\/wp\/v2\/pages\/13534"}],"wp:attachment":[{"href":"https:\/\/www.runottawa.ca\/fr\/wp-json\/wp\/v2\/media?parent=13736"}],"curies":[{"name":"wp","href":"https:\/\/api.w.org\/{rel}","templated":true}]}}