{"id":13619,"date":"2017-04-06T15:07:09","date_gmt":"2017-04-06T19:07:09","guid":{"rendered":"http:\/\/www.runottawa.ca\/?page_id=13619"},"modified":"2026-04-15T16:37:42","modified_gmt":"2026-04-15T20:37:42","slug":"benevoles","status":"publish","type":"page","link":"https:\/\/www.runottawa.ca\/fr\/ro\/programmes\/benevoles\/","title":{"rendered":"B\u00e9n\u00e9voles"},"content":{"rendered":"<h2>Plus de possibilit\u00e9s de b\u00e9n\u00e9volat !<\/h2>\n<p>Nos possibilit\u00e9s de b\u00e9n\u00e9volat ne se limitent pas \u00e0 la Fin de semaine des courses\u00a0<em>Tamarack<\/em> d\u2019Ottawa. Nous avons besoin de l\u2019aide des b\u00e9n\u00e9voles lors de nos nombreux autres \u00e9v\u00e9nements tout au long de l\u2019ann\u00e9e. Pour savoir s\u2019il existe une possibilit\u00e9 de b\u00e9n\u00e9volat, consultez <a href=\"https:\/\/www.runottawa.ca\/fr\/ro\/les-courses\/calendrier-des-activites\/\">notre calendrier des activit\u00e9s. <\/a>Vous trouverez un contact volontaire au bas de chaque page d&rsquo;\u00e9v\u00e9nement. <strong>Les b\u00e9n\u00e9voles ne doivent pas s&rsquo;inscrire pour des postes qui se d\u00e9roulent en m\u00eame temps.<\/strong><\/p>\n<p>Vous pouvez \u00e9galement envoyer un courriel \u00e0 <a href=\"mailto:volunteer@runottawa.ca\" target=\"_blank\" rel=\"noopener\">volunteer@runottawa.ca<\/a>.<\/p>\n<p>&nbsp;<\/p>\n<p><strong><a href=\"https:\/\/www.letsdothis.com\/ca\/o\/176436\/checkout\/ticket?eventId=261390&amp;login=skipped\">Devenez b\u00e9n\u00e9vole pour L\u2019\u00e9v\u00e9nement de la s\u00e9rie des 5K et des 1K pour enfants du weekend le 26 avril<\/a><\/strong><\/p>\n<p><strong><a href=\"https:\/\/www.letsdothis.com\/ca\/o\/176436\/checkout\/ticket?eventId=244915&amp;login=skipped\">Devenez b\u00e9n\u00e9vole pour L\u2019\u00e9v\u00e9nement Femmes fortes le 2 mai<\/a><\/strong><\/p>\n<p><strong><a href=\"https:\/\/www.runottawa.ca\/fr\/torw\/benevoles\/\">Devenez b\u00e9n\u00e9vole pour la Fin de semaine des courses Tamarack d\u2019Ottawa le 23 &#8211; 24 mai<\/a><\/strong><\/p>\n<p><a href=\"https:\/\/www.letsdothis.com\/ca\/o\/176436\/checkout\/ticket?eventId=267567&amp;login=skipped\"><strong>Devenez b\u00e9n\u00e9vole pour Chase the Pace le 13 juin<\/strong><\/a><\/p>\n<p><strong><a href=\"https:\/\/www.letsdothis.com\/ca\/o\/176436\/checkout\/ticket?eventId=244915&amp;login=skipped\">Devenez b\u00e9n\u00e9vole pour les Courses sur route pour la f\u00eate du Canada d&rsquo;Otto&rsquo;s Ottawa le 1 juillet<\/a><\/strong><\/p>\n<p><strong><a href=\"https:\/\/www.letsdothis.com\/ca\/o\/176436\/checkout\/ticket?eventId=252315&amp;login=skipped\">Devenez b\u00e9n\u00e9vole pour La course 5\/15 \u00e0 la ferme le 15 juillet<\/a><\/strong><\/p>\n<p><strong><a href=\"https:\/\/www.letsdothis.com\/ca\/o\/176436\/checkout\/ticket?eventId=252660&amp;login=skipped\">Devenez b\u00e9n\u00e9vole pour La Course sur sentier Pur et dur : <\/a><a href=\"https:\/\/www.letsdothis.com\/ca\/o\/176436\/checkout\/ticket?eventId=252662&amp;login=skipped\">\u00c9<\/a><a href=\"https:\/\/www.letsdothis.com\/ca\/o\/176436\/checkout\/ticket?eventId=252660&amp;login=skipped\">dition Dunrobin le 29 juillet<\/a><\/strong><\/p>\n<p><strong><a href=\"https:\/\/www.letsdothis.com\/ca\/o\/176436\/checkout\/ticket?eventId=252315&amp;login=skipped\">Devenez b\u00e9n\u00e9vole pour La course 5\/15 \u00e0 la ferme le 15 juillet<\/a><\/strong><\/p>\n<p style=\"text-align: left;\"><a href=\"https:\/\/www.letsdothis.com\/ca\/o\/176436\/checkout\/ticket?eventId=264228&amp;login=skipped\"><strong>Devenez b\u00e9n\u00e9vole pour L\u2019\u00e9v\u00e9nement de la s\u00e9rie des 5K et des 1K pour enfants du weekend le 8 ao\u00fbt<\/strong><\/a><\/p>\n<p><strong><a href=\"https:\/\/www.letsdothis.com\/ca\/o\/176436\/checkout\/ticket?eventId=252662&amp;login=skipped\">Devenez b\u00e9n\u00e9vole pour La Course sur sentier Pur et dur : \u00c9dition Camp Fortune le 30 ao\u00fbt<\/a><\/strong><\/p>\n<p><strong><a href=\"https:\/\/www.letsdothis.com\/ca\/o\/176436\/checkout\/ticket?eventId=254116&amp;login=skipped\">Devenez b\u00e9n\u00e9vole pour La Grande Cookie Run le 24 octobre<\/a><\/strong><\/p>\n<p><strong><a href=\"https:\/\/www.letsdothis.com\/ca\/o\/176436\/checkout\/ticket?eventId=258269&amp;login=skipped\">Devenez b\u00e9n\u00e9vole pour Frost Country le 7 novembre<\/a><\/strong><\/p>\n","protected":false},"excerpt":{"rendered":"<p>Plus de possibilit\u00e9s de b\u00e9n\u00e9volat ! Nos possibilit\u00e9s de b\u00e9n\u00e9volat ne se limitent pas \u00e0 la Fin de semaine des courses\u00a0Tamarack d\u2019Ottawa. Nous avons besoin de l\u2019aide des b\u00e9n\u00e9voles lors de nos nombreux autres \u00e9v\u00e9nements tout au long de l\u2019ann\u00e9e. Pour savoir s\u2019il existe une possibilit\u00e9 de b\u00e9n\u00e9volat, consultez notre [&hellip;]<\/p>\n","protected":false},"author":33,"featured_media":0,"parent":13611,"menu_order":551,"comment_status":"closed","ping_status":"closed","template":"","meta":{"_acf_changed":false,"footnotes":""},"class_list":["post-13619","page","type-page","status-publish","hentry"],"acf":[],"yoast_head":"<!-- This site is optimized with the Yoast SEO plugin v27.4 - https:\/\/yoast.com\/product\/yoast-seo-wordpress\/ -->\n<title>B\u00e9n\u00e9voles - Run Ottawa<\/title>\n<meta name=\"robots\" content=\"index, follow, max-snippet:-1, max-image-preview:large, max-video-preview:-1\" \/>\n<link rel=\"canonical\" href=\"https:\/\/www.runottawa.ca\/fr\/ro\/programmes\/benevoles\/\" \/>\n<meta name=\"twitter:label1\" content=\"Dur\u00e9e de lecture estim\u00e9e\" \/>\n\t<meta name=\"twitter:data1\" content=\"2 minutes\" \/>\n<script type=\"application\/ld+json\" class=\"yoast-schema-graph\">{\"@context\":\"https:\\\/\\\/schema.org\",\"@graph\":[{\"@type\":\"WebPage\",\"@id\":\"https:\\\/\\\/www.runottawa.ca\\\/fr\\\/ro\\\/programmes\\\/benevoles\\\/\",\"url\":\"https:\\\/\\\/www.runottawa.ca\\\/fr\\\/ro\\\/programmes\\\/benevoles\\\/\",\"name\":\"B\u00e9n\u00e9voles - Run Ottawa\",\"isPartOf\":{\"@id\":\"https:\\\/\\\/www.runottawa.ca\\\/fr\\\/#website\"},\"datePublished\":\"2017-04-06T19:07:09+00:00\",\"dateModified\":\"2026-04-15T20:37:42+00:00\",\"breadcrumb\":{\"@id\":\"https:\\\/\\\/www.runottawa.ca\\\/fr\\\/ro\\\/programmes\\\/benevoles\\\/#breadcrumb\"},\"inLanguage\":\"fr-FR\",\"potentialAction\":[{\"@type\":\"ReadAction\",\"target\":[\"https:\\\/\\\/www.runottawa.ca\\\/fr\\\/ro\\\/programmes\\\/benevoles\\\/\"]}]},{\"@type\":\"BreadcrumbList\",\"@id\":\"https:\\\/\\\/www.runottawa.ca\\\/fr\\\/ro\\\/programmes\\\/benevoles\\\/#breadcrumb\",\"itemListElement\":[{\"@type\":\"ListItem\",\"position\":1,\"name\":\"Home\",\"item\":\"https:\\\/\\\/www.runottawa.ca\\\/fr\\\/\"},{\"@type\":\"ListItem\",\"position\":2,\"name\":\"Courez Ottawa\",\"item\":\"https:\\\/\\\/www.runottawa.ca\\\/fr\\\/ro\\\/\"},{\"@type\":\"ListItem\",\"position\":3,\"name\":\"Programmes\",\"item\":\"https:\\\/\\\/www.runottawa.ca\\\/fr\\\/ro\\\/programmes\\\/\"},{\"@type\":\"ListItem\",\"position\":4,\"name\":\"B\u00e9n\u00e9voles\"}]},{\"@type\":\"WebSite\",\"@id\":\"https:\\\/\\\/www.runottawa.ca\\\/fr\\\/#website\",\"url\":\"https:\\\/\\\/www.runottawa.ca\\\/fr\\\/\",\"name\":\"Run Ottawa\",\"description\":\"\",\"potentialAction\":[{\"@type\":\"SearchAction\",\"target\":{\"@type\":\"EntryPoint\",\"urlTemplate\":\"https:\\\/\\\/www.runottawa.ca\\\/fr\\\/?s={search_term_string}\"},\"query-input\":{\"@type\":\"PropertyValueSpecification\",\"valueRequired\":true,\"valueName\":\"search_term_string\"}}],\"inLanguage\":\"fr-FR\"}]}<\/script>\n<!-- \/ Yoast SEO plugin. -->","yoast_head_json":{"title":"B\u00e9n\u00e9voles - Run Ottawa","robots":{"index":"index","follow":"follow","max-snippet":"max-snippet:-1","max-image-preview":"max-image-preview:large","max-video-preview":"max-video-preview:-1"},"canonical":"https:\/\/www.runottawa.ca\/fr\/ro\/programmes\/benevoles\/","twitter_misc":{"Dur\u00e9e de lecture estim\u00e9e":"2 minutes"},"schema":{"@context":"https:\/\/schema.org","@graph":[{"@type":"WebPage","@id":"https:\/\/www.runottawa.ca\/fr\/ro\/programmes\/benevoles\/","url":"https:\/\/www.runottawa.ca\/fr\/ro\/programmes\/benevoles\/","name":"B\u00e9n\u00e9voles - Run Ottawa","isPartOf":{"@id":"https:\/\/www.runottawa.ca\/fr\/#website"},"datePublished":"2017-04-06T19:07:09+00:00","dateModified":"2026-04-15T20:37:42+00:00","breadcrumb":{"@id":"https:\/\/www.runottawa.ca\/fr\/ro\/programmes\/benevoles\/#breadcrumb"},"inLanguage":"fr-FR","potentialAction":[{"@type":"ReadAction","target":["https:\/\/www.runottawa.ca\/fr\/ro\/programmes\/benevoles\/"]}]},{"@type":"BreadcrumbList","@id":"https:\/\/www.runottawa.ca\/fr\/ro\/programmes\/benevoles\/#breadcrumb","itemListElement":[{"@type":"ListItem","position":1,"name":"Home","item":"https:\/\/www.runottawa.ca\/fr\/"},{"@type":"ListItem","position":2,"name":"Courez Ottawa","item":"https:\/\/www.runottawa.ca\/fr\/ro\/"},{"@type":"ListItem","position":3,"name":"Programmes","item":"https:\/\/www.runottawa.ca\/fr\/ro\/programmes\/"},{"@type":"ListItem","position":4,"name":"B\u00e9n\u00e9voles"}]},{"@type":"WebSite","@id":"https:\/\/www.runottawa.ca\/fr\/#website","url":"https:\/\/www.runottawa.ca\/fr\/","name":"Run Ottawa","description":"","potentialAction":[{"@type":"SearchAction","target":{"@type":"EntryPoint","urlTemplate":"https:\/\/www.runottawa.ca\/fr\/?s={search_term_string}"},"query-input":{"@type":"PropertyValueSpecification","valueRequired":true,"valueName":"search_term_string"}}],"inLanguage":"fr-FR"}]}},"_links":{"self":[{"href":"https:\/\/www.runottawa.ca\/fr\/wp-json\/wp\/v2\/pages\/13619","targetHints":{"allow":["GET"]}}],"collection":[{"href":"https:\/\/www.runottawa.ca\/fr\/wp-json\/wp\/v2\/pages"}],"about":[{"href":"https:\/\/www.runottawa.ca\/fr\/wp-json\/wp\/v2\/types\/page"}],"author":[{"embeddable":true,"href":"https:\/\/www.runottawa.ca\/fr\/wp-json\/wp\/v2\/users\/33"}],"replies":[{"embeddable":true,"href":"https:\/\/www.runottawa.ca\/fr\/wp-json\/wp\/v2\/comments?post=13619"}],"version-history":[{"count":13,"href":"https:\/\/www.runottawa.ca\/fr\/wp-json\/wp\/v2\/pages\/13619\/revisions"}],"predecessor-version":[{"id":44816,"href":"https:\/\/www.runottawa.ca\/fr\/wp-json\/wp\/v2\/pages\/13619\/revisions\/44816"}],"up":[{"embeddable":true,"href":"https:\/\/www.runottawa.ca\/fr\/wp-json\/wp\/v2\/pages\/13611"}],"wp:attachment":[{"href":"https:\/\/www.runottawa.ca\/fr\/wp-json\/wp\/v2\/media?parent=13619"}],"curies":[{"name":"wp","href":"https:\/\/api.w.org\/{rel}","templated":true}]}}