{"id":12675,"date":"2017-02-28T13:17:14","date_gmt":"2017-02-28T18:17:14","guid":{"rendered":"http:\/\/www.runottawa.ca\/?page_id=12675"},"modified":"2024-01-17T13:39:02","modified_gmt":"2024-01-17T18:39:02","slug":"politique-et-lignes-directrices-pour-les-athletes-professionnels","status":"publish","type":"page","link":"https:\/\/www.runottawa.ca\/fr\/torw\/coureurs\/politique-et-lignes-directrices-pour-les-athletes-professionnels\/","title":{"rendered":"Politique et lignes directrices pour les athl\u00e8tes professionnels"},"content":{"rendered":"<p><span style=\"font-weight: 400;\">Courez Ottawa accorde une grande importance au traitement juste et transparent de tous les athl\u00e8tes, sans \u00e9gard \u00e0 leur nationalit\u00e9, race, religion ou orientation sexuelle. L\u2019organisme s\u2019attend \u00e0 ce que tous les athl\u00e8tes visiteurs d\u00e9montrent le m\u00eame respect aux autres athl\u00e8tes, agents, b\u00e9n\u00e9voles, commanditaires et organisateurs, et \u00e0 ce qu\u2019ils re\u00e7oivent le m\u00eame respect. Nous respectons \u00e9galement la vie priv\u00e9e de tous les participants. Courez Ottawa accorde \u00e9galement de l\u2019importance au franc-jeu et \u00e0 l\u2019esprit sportif, et s\u2019attend \u00e0 ce que tous les athl\u00e8tes rivalisent conform\u00e9ment aux r\u00e8gles de World Athletics et de l\u2019Agence mondiale antidopage (AMA).<\/span><\/p>\n<p><span style=\"font-weight: 400;\">Par cons\u00e9quent, Courez Ottawa respecte les politiques mentionn\u00e9es lorsqu\u2019il s\u2019agit de traiter avec les athl\u00e8tes professionnels et leurs agents. Ces politiques demeurent en vigueur, sauf s\u2019il existe une entente pr\u00e9alable entre l\u2019organisation et l\u2019athl\u00e8te ou l\u2019agent.<\/span><\/p>\n<h2><b>Attentes \u00e0 l\u2019\u00e9gard des athl\u00e8tes visitant Courez Ottawa<\/b><\/h2>\n<p><span style=\"font-weight: 400;\">Courez Ottawa veillera toujours \u00e0 ce que vous compreniez bien vos obligations et que votre objectif principal, qui est de r\u00e9aliser une bonne course, soit atteint. Les athl\u00e8tes visiteurs qui b\u00e9n\u00e9ficient des offres de Courez Ottawa (notamment le d\u00e9placement, l\u2019h\u00e9bergement, l\u2019inscription aux courses, et dans certains cas, des cachets de pr\u00e9sence) doivent respecter les directives suivantes :<\/span><\/p>\n<ol>\n<li style=\"font-weight: 400;\" aria-level=\"1\"><span style=\"font-weight: 400;\">Agissez de fa\u00e7on collaborative et respectueuse \u00e0 l\u2019\u00e9gard des membres de notre personnel, nos partenaires, nos commanditaires et nos b\u00e9n\u00e9voles qui rendent cet \u00e9v\u00e9nement possible.<\/span><\/li>\n<li style=\"font-weight: 400;\" aria-level=\"1\"><span style=\"font-weight: 400;\">Agissez de fa\u00e7on collaborative et respectueuse avec les autres athl\u00e8tes et leurs agents.<\/span><\/li>\n<li style=\"font-weight: 400;\" aria-level=\"1\"><span style=\"font-weight: 400;\">Faites preuve d\u2019esprit sportif et respectez les r\u00e8glements du sport. Assistez aux r\u00e9unions techniques afin de vous assurer de recevoir tous les renseignements importants sur l\u2019\u00e9v\u00e9nement et qui peuvent vous \u00e9viter la disqualification.<\/span><\/li>\n<li style=\"font-weight: 400;\" aria-level=\"1\"><span style=\"font-weight: 400;\">D\u00e9ployez tous les efforts pour \u00eatre disponible lors des conf\u00e9rences de presse ou des pr\u00e9sences dans les m\u00e9dias.<\/span><\/li>\n<li style=\"font-weight: 400;\" aria-level=\"1\"><span style=\"font-weight: 400;\">D\u00e9ployez tous les efforts pour respecter les demandes des organisateurs lorsqu\u2019il s\u2019agit de participer \u00e0 des activit\u00e9s secondaires, comme des visites dans des \u00e9coles et chez des commanditaires ou la pr\u00e9sence \u00e0 des r\u00e9ceptions VIP.<\/span><\/li>\n<li style=\"font-weight: 400;\" aria-level=\"1\"><span style=\"font-weight: 400;\">Vous ne devez en aucun cas exercer des fonctions ou participer \u00e0 des activit\u00e9s qui procurent des avantages commerciaux ou politiques \u00e0 d\u2019autres organismes ou entreprises. Nous avons assur\u00e9 votre pr\u00e9sence \u00e0 notre \u00e9v\u00e9nement, donc nous devons toujours \u00eatre au courant des responsabilit\u00e9s publiques ou priv\u00e9es dont vous devez vous acquitter, ainsi que des raisons pour lesquelles vous devez le faire.<\/span><\/li>\n<\/ol>\n<p><span style=\"font-weight: 400;\">Le refus de vous conformer \u00e0 ces directives peut annuler vos invitations aux \u00e9v\u00e9nements futurs, et m\u00eame compromettre la remise des sommes qui vous ont \u00e9t\u00e9 offertes.<\/span><\/p>\n<h2><b>R\u00e9servations et remboursement des frais de d\u00e9placement<\/b><\/h2>\n<p><span style=\"font-weight: 400;\">Lorsque Courez Ottawa assume les frais de d\u00e9placement (vol, h\u00f4tel, train, taxi, etc.) d\u2019un athl\u00e8te ou d\u2019un agent, l\u2019organisme s\u2019attend \u00e0 ce que les r\u00e8gles suivantes soient respect\u00e9es :<\/span><\/p>\n<ol>\n<li style=\"font-weight: 400;\" aria-level=\"1\"><span style=\"font-weight: 400;\">Il incombe aux athl\u00e8tes ou aux agents d\u2019organiser leurs d\u00e9placements et de faire les r\u00e9servations n\u00e9cessaires, selon leur horaire.<\/span><\/li>\n<li style=\"font-weight: 400;\" aria-level=\"1\"><span style=\"font-weight: 400;\">Il faut absolument s\u00e9lectionner le niveau d&rsquo;assurance annulation le plus \u00e9lev\u00e9 pour tous les d\u00e9placements. Courez Ottawa ne remboursera PAS les frais de d\u00e9placements si ce niveau n&rsquo;a pas \u00e9t\u00e9 s\u00e9lectionn\u00e9.<\/span><\/li>\n<li style=\"font-weight: 400;\" aria-level=\"1\"><span style=\"font-weight: 400;\">Tous les d\u00e9placements seront toujours effectu\u00e9s en classe \u00e9conomique, au meilleur prix offert.<\/span><\/li>\n<li style=\"font-weight: 400;\" aria-level=\"1\"><span style=\"font-weight: 400;\">Il n\u2019existe aucune restriction quant \u00e0 la compagnie a\u00e9rienne \u00e0 utiliser.<\/span><\/li>\n<li style=\"font-weight: 400;\" aria-level=\"1\"><span style=\"font-weight: 400;\">Il faut toujours aviser Courez Ottawa d\u00e8s que possible dans l\u2019\u00e9ventualit\u00e9 o\u00f9 des modifications du d\u00e9placement ou des retards ont lieu, afin de nous permettre d\u2019assurer votre transport local et vos pr\u00e9sences dans les m\u00e9dias (s\u2019il y a lieu).<\/span><\/li>\n<li style=\"font-weight: 400;\" aria-level=\"1\"><span style=\"font-weight: 400;\">Lorsque Courez Ottawa offre un remboursement total des frais de d\u00e9placement, l\u2019athl\u00e8te ou l\u2019agent doit pr\u00e9senter les d\u00e9tails des r\u00e9servations, aux fins d\u2019approbation, avant que le paiement soit vers\u00e9.<\/span><\/li>\n<li style=\"font-weight: 400;\" aria-level=\"1\"><span style=\"font-weight: 400;\">Lorsque Courez Ottawa offre un remboursement partiel (par exemple, lorsque des frais fixes sont \u00e9tablis) ou n\u2019offre aucun remboursement, aucune approbation n\u2019est n\u00e9cessaire.<\/span><\/li>\n<li style=\"font-weight: 400;\" aria-level=\"1\"><span style=\"font-weight: 400;\">Le remboursement des frais de d\u00e9placement s\u2019effectuera au moment de la remise des prix en argent pour la performance ou la pr\u00e9sence (environ trois ou quatre semaines apr\u00e8s l\u2019\u00e9v\u00e9nement; les contr\u00f4les antidopage \u00e9ventuels peuvent prolonger cette p\u00e9riode).<\/span><\/li>\n<\/ol>\n<h2><b>H\u00e9bergement<\/b><\/h2>\n<p><span style=\"font-weight: 400;\">Lorsque Courez Ottawa accepte d\u2019assurer l\u2019h\u00e9bergement d\u2019un athl\u00e8te ou d\u2019un agent pendant son s\u00e9jour, les r\u00e8gles suivantes s\u2019appliquent :<\/span><\/p>\n<ol>\n<li style=\"font-weight: 400;\" aria-level=\"1\"><span style=\"font-weight: 400;\">Les chambres sont r\u00e9serv\u00e9es pour deux personnes, et si aucune autre entente n\u2019est conclue, deux athl\u00e8tes professionnels partageront une chambre.<\/span><\/li>\n<li style=\"font-weight: 400;\" aria-level=\"1\"><span style=\"font-weight: 400;\">\u00c0 l\u2019arriv\u00e9e, chaque athl\u00e8te doit fournir une carte de cr\u00e9dit ou un acompte de 200 $ pour les frais accessoires, comme l\u2019utilisation du t\u00e9l\u00e9phone ou d\u2019Internet, la location de films, etc. Les frais accessoires qui ne sont pas pay\u00e9s seront d\u00e9duits des sommes remises \u00e0 l\u2019athl\u00e8te pour sa pr\u00e9sence ou pour ses performances, ou seront factur\u00e9s \u00e0 l\u2019athl\u00e8te ou \u00e0 l\u2019agent.<\/span><\/li>\n<li style=\"font-weight: 400;\" aria-level=\"1\"><span style=\"font-weight: 400;\">Si l\u2019athl\u00e8te ou l\u2019agent cause des dommages \u00e0 l\u2019h\u00f4tel, les frais de d\u00e9dommagement seront d\u00e9duits des prix en argent remis pour la performance ou la pr\u00e9sence. Les athl\u00e8tes doivent faire preuve de respect et de courtoisie \u00e0 l\u2019\u00e9gard des autres occupants et des membres du personnel de l\u2019h\u00f4tel.<\/span><\/li>\n<li aria-level=\"1\">L&rsquo;heure de d\u00e9part de l&rsquo;h\u00f4tel doit \u00eatre respect\u00e9e et est g\u00e9n\u00e9ralement fix\u00e9e \u00e0 midi le jour du d\u00e9part. Si l&rsquo;athl\u00e8te part tard le dimanche, il pourra attendre dans la suite r\u00e9serv\u00e9e aux athl\u00e8tes d&rsquo;\u00e9lite jusqu&rsquo;\u00e0 18 heures.<\/li>\n<\/ol>\n<h2><b>Politique en mati\u00e8re de dopage<\/b><\/h2>\n<p><span style=\"font-weight: 400;\">Courez Ottawa suit et respecte enti\u00e8rement les programmes mis en place par Athl\u00e9tisme Canada, le Centre canadien pour l\u2019\u00e9thique dans le sport (CCES), World Athletics et l\u2019Agence mondiale anti-dopage (AMA). On s\u2019attend \u00e0 ce que tous les athl\u00e8tes fassent \u00e9galement preuve d\u2019esprit sportif. Les athl\u00e8tes qui font face \u00e0 toute suspension impos\u00e9e par ces organes directeurs n\u2019auront pas la permission de participer aux \u00e9preuves, toutefois Courez Ottawa n\u2019impose aux athl\u00e8tes aucune suspension suppl\u00e9mentaire qui d\u00e9passe les interdictions impos\u00e9es par le CCES, le Court of Arbitration for Sport (CAS) et l\u2019AMA.<\/span><\/p>\n<h2><b>Remise des cachets de pr\u00e9sence<\/b><\/h2>\n<p><span style=\"font-weight: 400;\">Si une entente est conclue entre l\u2019athl\u00e8te ou l\u2019agent pour sa pr\u00e9sence ou pour une prime en raison du temps au chronom\u00e8tre, les r\u00e8gles suivantes s\u2019appliquent au paiement :<\/span><\/p>\n<ol>\n<li style=\"font-weight: 400;\" aria-level=\"1\"><span style=\"font-weight: 400;\">Les cachets de pr\u00e9sence ne sont pas vers\u00e9s avant l\u2019\u00e9v\u00e9nement, mais lorsque Courez Ottawa envoie les prix en argent que les athl\u00e8tes emportent. Cet envoi est effectu\u00e9 habituellement trois ou quatre semaines apr\u00e8s l\u2019\u00e9v\u00e9nement, sauf pour les athl\u00e8tes qui doivent subir un contr\u00f4le antidopage conform\u00e9ment \u00e0 la demande de World Athletics. Dans ce cas, le paiement est envoy\u00e9 lorsque nous recevons la confirmation que les r\u00e9sultats des tests sont conformes aux r\u00e8glements. En g\u00e9n\u00e9ral, le cycle de contr\u00f4le antidopage dure environ cinq semaines.<\/span><\/li>\n<li style=\"font-weight: 400;\" aria-level=\"1\"><span style=\"font-weight: 400;\">Si l\u2019athl\u00e8te ne commence pas la course pour quelconque raison (maladie, blessure, etc.), aucun cachet de pr\u00e9sence ne sera remis.<\/span><\/li>\n<li style=\"font-weight: 400;\" aria-level=\"1\"><span style=\"font-weight: 400;\">Si Courez Ottawa doit annuler une \u00e9preuve pour des raisons ind\u00e9pendantes de sa volont\u00e9, les paiements s\u2019effectueront comme suit :<\/span><\/li>\n<\/ol>\n<ul>\n<li style=\"font-weight: 400;\" aria-level=\"1\"><span style=\"font-weight: 400;\">Si l\u2019annulation se produit avant le d\u00e9part de l\u2019athl\u00e8te, aucun paiement ne sera effectu\u00e9.<\/span><\/li>\n<li style=\"font-weight: 400;\" aria-level=\"1\"><span style=\"font-weight: 400;\">Si l\u2019annulation se produit apr\u00e8s le d\u00e9part de l\u2019athl\u00e8te, mais plus de 24 heures avant le d\u00e9but de l\u2019\u00e9preuve, alors 50 % du cachet de pr\u00e9sence sera remis.<\/span><\/li>\n<li style=\"font-weight: 400;\" aria-level=\"1\"><span style=\"font-weight: 400;\">Si l\u2019annulation se produit moins de 24 heures avant l\u2019\u00e9preuve, alors 100 % du cachet de pr\u00e9sence sera remis.<\/span><\/li>\n<\/ul>\n<h2><strong>Politique relative \u00e0 la remise des prix en argent<\/strong><\/h2>\n<p><span style=\"font-weight: 400;\">Tous les prix en argent de Courez Ottawa sont remis approximativement trois \u00e0 quatre semaines apr\u00e8s l\u2019\u00e9v\u00e9nement, sauf pour les athl\u00e8tes qui doivent subir des contr\u00f4les antidopage conform\u00e9ment \u00e0 la demande de World Athletics. Dans ce cas, le paiement est envoy\u00e9 lorsque Courez Ottawa re\u00e7oit la confirmation que les r\u00e9sultats des tests sont conformes aux r\u00e8glements. En g\u00e9n\u00e9ral, le cycle de contr\u00f4le antidopage dure environ cinq semaines.<\/span><\/p>\n<p><span style=\"font-weight: 400;\">Les paiements sont habituellement faits par ch\u00e8que (surtout pour les athl\u00e8tes des \u00c9tats-Unis et du Canada). Toutefois, l\u2019organisme peut effectuer un virement bancaire si on lui en fait la demande et si les renseignements bancaires n\u00e9cessaires lui sont fournis.<\/span><\/p>\n<h2><b>Autres conseils pratiques :<\/b><\/h2>\n<ol>\n<li style=\"font-weight: 400;\" aria-level=\"1\"><span style=\"font-weight: 400;\">Pr\u00e9senter une demande de visa<\/span><span style=\"font-weight: 400;\"> : assurez-vous d\u2019avoir en votre possession votre invitation de l\u2019organisme. Veillez \u00e9galement \u00e0 ce que tous les d\u00e9placements internationaux pr\u00e9c\u00e9dents de chaque athl\u00e8te soient mentionn\u00e9s dans leurs demandes respectives.<\/span><\/li>\n<li style=\"font-weight: 400;\" aria-level=\"1\"><span style=\"font-weight: 400;\">Transport<\/span><span style=\"font-weight: 400;\"> : certaines compagnies a\u00e9riennes n\u2019offrent plus gratuitement de repas dans leur forfait de vol. Les repas sont offerts s\u00e9par\u00e9ment et doivent \u00eatre pay\u00e9s par carte de cr\u00e9dit. Si vous vous trouvez dans cette situation, assurez-vous d\u2019avoir de l\u2019argent pour vous acheter de la nourriture \u00e0 l\u2019a\u00e9roport, d\u2019avoir une carte de cr\u00e9dit pour payer votre repas dans l\u2019avion ou d\u2019avoir inclus un repas dans votre forfait de vol.<\/span><\/li>\n<li style=\"font-weight: 400;\" aria-level=\"1\"><span style=\"font-weight: 400;\">Agence des services frontaliers du Canada (ASFC)<\/span><span style=\"font-weight: 400;\"> :<\/span><\/li>\n<\/ol>\n<ul>\n<li style=\"font-weight: 400;\" aria-level=\"1\"><span style=\"font-weight: 400;\">Depuis le 15 mars 2016, les \u00e9trangers dispens\u00e9s de visa doivent obtenir une<\/span><a href=\"http:\/\/www.cic.gc.ca\/francais\/visiter\/ave.asp\"> <span style=\"font-weight: 400;\">autorisation de voyage \u00e9lectronique<\/span><\/a><span style=\"font-weight: 400;\"> (AVE) pour utiliser le transport a\u00e9rien ou faire une escale au Canada. Parmi les exceptions, on compte les citoyens des \u00c9tats-Unis et les voyageurs qui poss\u00e8dent un visa canadien valide. Les citoyens canadiens, notamment ceux qui d\u00e9tiennent une double citoyennet\u00e9, ainsi que les r\u00e9sidents permanents du Canada ne sont pas admissibles aux AVE.<\/span><\/li>\n<li style=\"font-weight: 400;\" aria-level=\"1\"><span style=\"font-weight: 400;\">Avant le voyage, lisez attentivement<\/span><a href=\"http:\/\/www.cbsa-asfc.gc.ca\/menu-fra.html\"> <span style=\"font-weight: 400;\">les r\u00e8gles de l\u2019ASFC.<\/span><\/a><\/li>\n<li style=\"font-weight: 400;\" aria-level=\"1\"><span style=\"font-weight: 400;\">Veillez \u00e0 ce que chaque athl\u00e8te ait en sa possession l\u2019invitation de l\u2019organisation, car les douaniers la demandent souvent afin de confirmer que les athl\u00e8tes sont log\u00e9s, que leurs frais de voyage sont assur\u00e9s, etc. Le simple fait de d\u00e9tenir un visa ne suffit pas toujours.<\/span><\/li>\n<li style=\"font-weight: 400;\" aria-level=\"1\"><span style=\"font-weight: 400;\">Veillez \u00e0 ce que vos chaussures de course NE SOIENT PAS tach\u00e9es de boue. Si c\u2019est le cas, les douaniers peuvent les confisquer ou les faire nettoyer (\u00e0 vos frais).<\/span><\/li>\n<li style=\"font-weight: 400;\" aria-level=\"1\"><span style=\"font-weight: 400;\">\u00c9vitez de transporter de la nourriture lorsque vous voyagez. Si vous choisissez d\u2019en transporter, vous devez la d\u00e9clarer, et elle risque d\u2019\u00eatre confisqu\u00e9e.<\/span><\/li>\n<\/ul>\n<p><span style=\"font-weight: 400;\">Si vous avez des questions, veuillez envoyer un courriel au coordinateur des \u00e9lites, <a href=\"mailto: stephen.athleterep@gmail.com\">Stephen Andersen<\/a>.<\/span><\/p>\n","protected":false},"excerpt":{"rendered":"<p>Courez Ottawa accorde une grande importance au traitement juste et transparent de tous les athl\u00e8tes, sans \u00e9gard \u00e0 leur nationalit\u00e9, race, religion ou orientation sexuelle. L\u2019organisme s\u2019attend \u00e0 ce que tous les athl\u00e8tes visiteurs d\u00e9montrent le m\u00eame respect aux autres athl\u00e8tes, agents, b\u00e9n\u00e9voles, commanditaires et organisateurs, et \u00e0 ce qu\u2019ils [&hellip;]<\/p>\n","protected":false},"author":33,"featured_media":0,"parent":13551,"menu_order":263,"comment_status":"closed","ping_status":"open","template":"template-race-weekend.php","meta":{"_acf_changed":false,"footnotes":""},"class_list":["post-12675","page","type-page","status-publish","hentry"],"acf":[],"yoast_head":"<!-- This site is optimized with the Yoast SEO plugin v27.4 - https:\/\/yoast.com\/product\/yoast-seo-wordpress\/ -->\n<title>Politique et lignes directrices pour les athl\u00e8tes professionnels - Run Ottawa<\/title>\n<meta name=\"robots\" content=\"index, follow, max-snippet:-1, max-image-preview:large, max-video-preview:-1\" \/>\n<link rel=\"canonical\" href=\"https:\/\/www.runottawa.ca\/fr\/torw\/coureurs\/politique-et-lignes-directrices-pour-les-athletes-professionnels\/\" \/>\n<meta name=\"twitter:label1\" content=\"Dur\u00e9e de lecture estim\u00e9e\" \/>\n\t<meta name=\"twitter:data1\" content=\"7 minutes\" \/>\n<script type=\"application\/ld+json\" class=\"yoast-schema-graph\">{\"@context\":\"https:\\\/\\\/schema.org\",\"@graph\":[{\"@type\":\"WebPage\",\"@id\":\"https:\\\/\\\/www.runottawa.ca\\\/fr\\\/torw\\\/coureurs\\\/politique-et-lignes-directrices-pour-les-athletes-professionnels\\\/\",\"url\":\"https:\\\/\\\/www.runottawa.ca\\\/fr\\\/torw\\\/coureurs\\\/politique-et-lignes-directrices-pour-les-athletes-professionnels\\\/\",\"name\":\"Politique et lignes directrices pour les athl\u00e8tes professionnels - Run Ottawa\",\"isPartOf\":{\"@id\":\"https:\\\/\\\/www.runottawa.ca\\\/fr\\\/#website\"},\"datePublished\":\"2017-02-28T18:17:14+00:00\",\"dateModified\":\"2024-01-17T18:39:02+00:00\",\"breadcrumb\":{\"@id\":\"https:\\\/\\\/www.runottawa.ca\\\/fr\\\/torw\\\/coureurs\\\/politique-et-lignes-directrices-pour-les-athletes-professionnels\\\/#breadcrumb\"},\"inLanguage\":\"fr-FR\",\"potentialAction\":[{\"@type\":\"ReadAction\",\"target\":[\"https:\\\/\\\/www.runottawa.ca\\\/fr\\\/torw\\\/coureurs\\\/politique-et-lignes-directrices-pour-les-athletes-professionnels\\\/\"]}]},{\"@type\":\"BreadcrumbList\",\"@id\":\"https:\\\/\\\/www.runottawa.ca\\\/fr\\\/torw\\\/coureurs\\\/politique-et-lignes-directrices-pour-les-athletes-professionnels\\\/#breadcrumb\",\"itemListElement\":[{\"@type\":\"ListItem\",\"position\":1,\"name\":\"Home\",\"item\":\"https:\\\/\\\/www.runottawa.ca\\\/fr\\\/\"},{\"@type\":\"ListItem\",\"position\":2,\"name\":\"Fin de semaine des courses Tamarack d\u2019Ottawa\",\"item\":\"https:\\\/\\\/www.runottawa.ca\\\/fr\\\/\"},{\"@type\":\"ListItem\",\"position\":3,\"name\":\"Coureurs\",\"item\":\"https:\\\/\\\/www.runottawa.ca\\\/fr\\\/torw\\\/coureurs\\\/\"},{\"@type\":\"ListItem\",\"position\":4,\"name\":\"Politique et lignes directrices pour les athl\u00e8tes professionnels\"}]},{\"@type\":\"WebSite\",\"@id\":\"https:\\\/\\\/www.runottawa.ca\\\/fr\\\/#website\",\"url\":\"https:\\\/\\\/www.runottawa.ca\\\/fr\\\/\",\"name\":\"Run Ottawa\",\"description\":\"\",\"potentialAction\":[{\"@type\":\"SearchAction\",\"target\":{\"@type\":\"EntryPoint\",\"urlTemplate\":\"https:\\\/\\\/www.runottawa.ca\\\/fr\\\/?s={search_term_string}\"},\"query-input\":{\"@type\":\"PropertyValueSpecification\",\"valueRequired\":true,\"valueName\":\"search_term_string\"}}],\"inLanguage\":\"fr-FR\"}]}<\/script>\n<!-- \/ Yoast SEO plugin. -->","yoast_head_json":{"title":"Politique et lignes directrices pour les athl\u00e8tes professionnels - Run Ottawa","robots":{"index":"index","follow":"follow","max-snippet":"max-snippet:-1","max-image-preview":"max-image-preview:large","max-video-preview":"max-video-preview:-1"},"canonical":"https:\/\/www.runottawa.ca\/fr\/torw\/coureurs\/politique-et-lignes-directrices-pour-les-athletes-professionnels\/","twitter_misc":{"Dur\u00e9e de lecture estim\u00e9e":"7 minutes"},"schema":{"@context":"https:\/\/schema.org","@graph":[{"@type":"WebPage","@id":"https:\/\/www.runottawa.ca\/fr\/torw\/coureurs\/politique-et-lignes-directrices-pour-les-athletes-professionnels\/","url":"https:\/\/www.runottawa.ca\/fr\/torw\/coureurs\/politique-et-lignes-directrices-pour-les-athletes-professionnels\/","name":"Politique et lignes directrices pour les athl\u00e8tes professionnels - Run Ottawa","isPartOf":{"@id":"https:\/\/www.runottawa.ca\/fr\/#website"},"datePublished":"2017-02-28T18:17:14+00:00","dateModified":"2024-01-17T18:39:02+00:00","breadcrumb":{"@id":"https:\/\/www.runottawa.ca\/fr\/torw\/coureurs\/politique-et-lignes-directrices-pour-les-athletes-professionnels\/#breadcrumb"},"inLanguage":"fr-FR","potentialAction":[{"@type":"ReadAction","target":["https:\/\/www.runottawa.ca\/fr\/torw\/coureurs\/politique-et-lignes-directrices-pour-les-athletes-professionnels\/"]}]},{"@type":"BreadcrumbList","@id":"https:\/\/www.runottawa.ca\/fr\/torw\/coureurs\/politique-et-lignes-directrices-pour-les-athletes-professionnels\/#breadcrumb","itemListElement":[{"@type":"ListItem","position":1,"name":"Home","item":"https:\/\/www.runottawa.ca\/fr\/"},{"@type":"ListItem","position":2,"name":"Fin de semaine des courses Tamarack d\u2019Ottawa","item":"https:\/\/www.runottawa.ca\/fr\/"},{"@type":"ListItem","position":3,"name":"Coureurs","item":"https:\/\/www.runottawa.ca\/fr\/torw\/coureurs\/"},{"@type":"ListItem","position":4,"name":"Politique et lignes directrices pour les athl\u00e8tes professionnels"}]},{"@type":"WebSite","@id":"https:\/\/www.runottawa.ca\/fr\/#website","url":"https:\/\/www.runottawa.ca\/fr\/","name":"Run Ottawa","description":"","potentialAction":[{"@type":"SearchAction","target":{"@type":"EntryPoint","urlTemplate":"https:\/\/www.runottawa.ca\/fr\/?s={search_term_string}"},"query-input":{"@type":"PropertyValueSpecification","valueRequired":true,"valueName":"search_term_string"}}],"inLanguage":"fr-FR"}]}},"_links":{"self":[{"href":"https:\/\/www.runottawa.ca\/fr\/wp-json\/wp\/v2\/pages\/12675","targetHints":{"allow":["GET"]}}],"collection":[{"href":"https:\/\/www.runottawa.ca\/fr\/wp-json\/wp\/v2\/pages"}],"about":[{"href":"https:\/\/www.runottawa.ca\/fr\/wp-json\/wp\/v2\/types\/page"}],"author":[{"embeddable":true,"href":"https:\/\/www.runottawa.ca\/fr\/wp-json\/wp\/v2\/users\/33"}],"replies":[{"embeddable":true,"href":"https:\/\/www.runottawa.ca\/fr\/wp-json\/wp\/v2\/comments?post=12675"}],"version-history":[{"count":11,"href":"https:\/\/www.runottawa.ca\/fr\/wp-json\/wp\/v2\/pages\/12675\/revisions"}],"predecessor-version":[{"id":37862,"href":"https:\/\/www.runottawa.ca\/fr\/wp-json\/wp\/v2\/pages\/12675\/revisions\/37862"}],"up":[{"embeddable":true,"href":"https:\/\/www.runottawa.ca\/fr\/wp-json\/wp\/v2\/pages\/13551"}],"wp:attachment":[{"href":"https:\/\/www.runottawa.ca\/fr\/wp-json\/wp\/v2\/media?parent=12675"}],"curies":[{"name":"wp","href":"https:\/\/api.w.org\/{rel}","templated":true}]}}