{"id":12592,"date":"2017-02-16T12:28:54","date_gmt":"2017-02-16T17:28:54","guid":{"rendered":"http:\/\/www.runottawa.ca\/?page_id=12592"},"modified":"2026-04-13T08:30:00","modified_gmt":"2026-04-13T12:30:00","slug":"torw","status":"publish","type":"page","link":"https:\/\/www.runottawa.ca\/fr\/","title":{"rendered":"Fin de semaine des courses Tamarack d\u2019Ottawa"},"content":{"rendered":"\n<h1>\n\t\t\tla Fin de semaine des courses Tamarack d&rsquo;Ottawa 2026\t<\/h1>\n\t<b>Location <\/b>Ottawa, Ontario, Canada<br \/>\n<strong>Date<\/strong> 23 et 24 mai 2026\n\t\t\t<a href=\"https:\/\/www.letsdothis.com\/ca\/checkout\/ticket?eventId=248331&#038;occurrenceId=21111155598&#038;preferred=true&#038;utm_organiser_id=176436&#038;login=skipped\"  target=\"_blank\" rel=\"noopener\"    rel=\"noopener\">\n\t\t\t\t\t\t\tINSCRIVEZ-VOUS POUR 2026!\n\t\t\t\t\t<\/a>\n\t\t\t<a href=\"https:\/\/www.runottawa.ca\/fr\/torw\/benevoles\/\"  target=\"_blank\" rel=\"noopener\"    rel=\"noopener\">\n\t\t\t\t\t\t\tDEVENEZ B\u00c9N\u00c9VOLE POUR 2026!\n\t\t\t\t\t<\/a>\n<h4>\n\t\t<a href=\"https:\/\/www.runottawa.ca\/fr\/les-courses\/marathon-ottawa\/\" title=\"Le Marathon international d'Ottawa Tamarack Homes\"  target=\"_self\">\n\t\t\tLe Marathon international d&rsquo;Ottawa Tamarack Homes\t\t<\/a>\n\t<\/h4>\n<figure itemscope itemtype=\"https:\/\/schema.org\/ImageObject\">\n\t\t\t\t<a href=\"https:\/\/www.runottawa.ca\/fr\/les-courses\/marathon-ottawa\/\"  target=\"_self\" itemprop=\"url\">\n\t\t\t\t<img decoding=\"async\" src=\"https:\/\/www.runottawa.ca\/wp-content\/uploads\/2014\/12\/TORW2026-Web-Banner_42.2.png\" alt=\"TORW2026-Web-Banner_42.2\" height=\"460\" width=\"1115\" title=\"TORW2026-Web-Banner_42.2\" onerror=\"this.style.display='none'\" loading=\"lazy\" \/>\n\t\t\t\t<\/a>\n\t<\/figure>\n\t\t\t<a href=\"\"  target=\"_self\">\n\t\t\t\t\t\t\tCOMPLET!\n\t\t\t\t\t<\/a>\n<h4>\n\t\t<a href=\"https:\/\/www.runottawa.ca\/fr\/les-courses\/le-demi-marathon-dottawa\/\" title=\"Le Demi-marathon d'Ottawa pr\u00e9sent\u00e9 par Desjardins\"  target=\"_self\">\n\t\t\tLe Demi-marathon d&rsquo;Ottawa pr\u00e9sent\u00e9 par Desjardins\t\t<\/a>\n\t<\/h4>\n<figure itemscope itemtype=\"https:\/\/schema.org\/ImageObject\">\n\t\t\t\t<a href=\"https:\/\/www.runottawa.ca\/fr\/les-courses\/le-demi-marathon-dottawa\/\"  target=\"_self\" itemprop=\"url\">\n\t\t\t\t<img decoding=\"async\" src=\"https:\/\/www.runottawa.ca\/wp-content\/uploads\/2015\/02\/TORW2026-Web-Banner_21.1.png\" alt=\"TORW2026-Web-Banner_21.1\" height=\"460\" width=\"1115\" title=\"TORW2026-Web-Banner_21.1\" onerror=\"this.style.display='none'\" loading=\"lazy\" \/>\n\t\t\t\t<\/a>\n\t<\/figure>\n\t\t\t<a href=\"\"  target=\"_self\">\n\t\t\t\t\t\t\tCOMPLET!\n\t\t\t\t\t<\/a>\n<h4>\n\t\t<a href=\"https:\/\/www.runottawa.ca\/fr\/les-courses\/le-10k-dottawa\/\" title=\"Le 10K d'Ottawa pr\u00e9sent\u00e9 par Otto's Ottawa\"  target=\"_self\">\n\t\t\tLe 10K d&rsquo;Ottawa pr\u00e9sent\u00e9 par Otto&rsquo;s Ottawa\t\t<\/a>\n\t<\/h4>\n<figure itemscope itemtype=\"https:\/\/schema.org\/ImageObject\">\n\t\t\t\t<a href=\"https:\/\/www.runottawa.ca\/fr\/les-courses\/le-10k-dottawa\/\"  target=\"_self\" itemprop=\"url\">\n\t\t\t\t<img decoding=\"async\" src=\"https:\/\/www.runottawa.ca\/wp-content\/uploads\/2024\/11\/10K.png\" alt=\"10K\" height=\"461\" width=\"1116\" title=\"10K\" onerror=\"this.style.display='none'\" loading=\"lazy\" \/>\n\t\t\t\t<\/a>\n\t<\/figure>\n\t\t\t<a href=\"\"  target=\"_self\">\n\t\t\t\t\t\t\tPLUS DE 85 % COMPLET !\n\t\t\t\t\t<\/a>\n<h4>\n\t\t<a href=\"https:\/\/www.runottawa.ca\/fr\/les-courses\/le-5k-dottawa\/\" title=\"Le 5K d'Ottawa\"  target=\"_self\">\n\t\t\tLe 5K d&rsquo;Ottawa\t\t<\/a>\n\t<\/h4>\n<figure itemscope itemtype=\"https:\/\/schema.org\/ImageObject\">\n\t\t\t\t<a href=\"https:\/\/www.runottawa.ca\/fr\/les-courses\/le-5k-dottawa\/\"  target=\"_self\" itemprop=\"url\">\n\t\t\t\t<img decoding=\"async\" src=\"https:\/\/www.runottawa.ca\/wp-content\/uploads\/2024\/11\/5K.png\" alt=\"5K\" height=\"460\" width=\"1116\" title=\"5K\" onerror=\"this.style.display='none'\" loading=\"lazy\" \/>\n\t\t\t\t<\/a>\n\t<\/figure>\n\t\t\t<a href=\"\"  target=\"_self\">\n\t\t\t\t\t\t\t\t<\/a>\n<h4>\n\t\t<a href=\"https:\/\/www.runottawa.ca\/fr\/les-courses\/le-2k-dottawa\/\" title=\"Le 2K d'Ottawa\"  target=\"_self\">\n\t\t\tLe 2K d&rsquo;Ottawa\t\t<\/a>\n\t<\/h4>\n<figure itemscope itemtype=\"https:\/\/schema.org\/ImageObject\">\n\t\t\t\t<a href=\"https:\/\/www.runottawa.ca\/fr\/les-courses\/le-2k-dottawa\/\"  target=\"_self\" itemprop=\"url\">\n\t\t\t\t<img decoding=\"async\" src=\"https:\/\/www.runottawa.ca\/wp-content\/uploads\/2024\/11\/2K.png\" alt=\"2K\" height=\"461\" width=\"1116\" title=\"2K\" onerror=\"this.style.display='none'\" loading=\"lazy\" \/>\n\t\t\t\t<\/a>\n\t<\/figure>\n\t\t\t<a href=\"\"  target=\"_self\">\n\t\t\t\t\t\t\t\t<\/a>\n<h4>\n\t\t<a href=\"https:\/\/www.runottawa.ca\/fr\/les-courses\/le-marathon-dottawa-pour-les-enfants\/\" title=\"Le Marathon d'Ottawa pour les enfants\"  target=\"_self\">\n\t\t\tLe Marathon d&rsquo;Ottawa pour les enfants\t\t<\/a>\n\t<\/h4>\n<figure itemscope itemtype=\"https:\/\/schema.org\/ImageObject\">\n\t\t\t\t<a href=\"https:\/\/www.runottawa.ca\/fr\/les-courses\/le-marathon-dottawa-pour-les-enfants\/\"  target=\"_self\" itemprop=\"url\">\n\t\t\t\t<img decoding=\"async\" src=\"https:\/\/www.runottawa.ca\/wp-content\/uploads\/2024\/11\/KIDS.png\" alt=\"KIDS\" height=\"461\" width=\"1116\" title=\"KIDS\" onerror=\"this.style.display='none'\" loading=\"lazy\" \/>\n\t\t\t\t<\/a>\n\t<\/figure>\n\t\t\t<a href=\"\"  target=\"_self\">\n\t\t\t\t\t\t\t\t<\/a>\n\t\t<meta itemprop=\"url\" content=\"https:\/\/www.runottawa.ca\/wp-content\/uploads\/2026\/02\/Big-Race.-Big-Energy.-RUN-OTTAWA-2026.mp4\" \/><div style=\"width: 640px;\" class=\"wp-video\"><video class=\"wp-video-shortcode\" id=\"video-12592-1\" width=\"640\" height=\"360\" preload=\"metadata\" controls=\"controls\"><source type=\"video\/mp4\" src=\"https:\/\/www.runottawa.ca\/wp-content\/uploads\/2026\/02\/Big-Race.-Big-Energy.-RUN-OTTAWA-2026.mp4?_=1\" \/><source type=\"video\/mp4\" src=\"https:\/\/www.runottawa.ca\/wp-content\/uploads\/2026\/02\/Big-Race.-Big-Energy.-RUN-OTTAWA-2026.mp4?_=1\" \/><a href=\"https:\/\/www.runottawa.ca\/wp-content\/uploads\/2026\/02\/Big-Race.-Big-Energy.-RUN-OTTAWA-2026.mp4\">https:\/\/www.runottawa.ca\/wp-content\/uploads\/2026\/02\/Big-Race.-Big-Energy.-RUN-OTTAWA-2026.mp4<\/a><\/video><\/div>\t\n<h4>\n\t\t<a href=\"https:\/\/www.runottawa.ca\/fr\/torw\/coureurs\/information-concernant-les-inscriptions\" title=\"Questions fr\u00e9quemment pos\u00e9es\"  target=\"_self\">\n\t\t\tQuestions fr\u00e9quemment pos\u00e9es\t\t<\/a>\n\t<\/h4>\n<figure itemscope itemtype=\"https:\/\/schema.org\/ImageObject\">\n\t\t\t\t<a href=\"https:\/\/www.runottawa.ca\/fr\/torw\/coureurs\/information-concernant-les-inscriptions\"  target=\"_self\" itemprop=\"url\">\n\t\t\t\t<img decoding=\"async\" src=\"https:\/\/www.runottawa.ca\/wp-content\/uploads\/2024\/12\/RO-blo-g-impact-imag-es-39.png\" alt=\"RO blo g impact imag es (39)\" height=\"460\" width=\"1115\" title=\"RO blo g impact imag es (39)\" onerror=\"this.style.display='none'\" loading=\"lazy\" \/>\n\t\t\t\t<\/a>\n\t<\/figure>\n\t\t\t<a href=\"https:\/\/www.runottawa.ca\/fr\/torw\/coureurs\/information-concernant-les-inscriptions\"  target=\"_self\">\n\t\t\t\t\t\t\tTrouvez les r\u00e9ponses ici!\n\t\t\t\t\t<\/a>\n<h4>\n\t\t<a href=\"https:\/\/www.runottawa.ca\/fr\/news-item\/beyond-the-pale-brewing-company-devient-le-fournisseur-de-biere-officiel-de-la-fin-de-semaine-des-courses-tamarack-dottawa-de-2025\/\" title=\"Derni\u00e8res nouvelles\"  target=\"_self\">\n\t\t\tDerni\u00e8res nouvelles\t\t<\/a>\n\t<\/h4>\n<figure itemscope itemtype=\"https:\/\/schema.org\/ImageObject\">\n\t\t\t\t<a href=\"https:\/\/www.runottawa.ca\/fr\/news-item\/beyond-the-pale-brewing-company-devient-le-fournisseur-de-biere-officiel-de-la-fin-de-semaine-des-courses-tamarack-dottawa-de-2025\/\"  target=\"_self\" itemprop=\"url\">\n\t\t\t\t<img decoding=\"async\" src=\"https:\/\/www.runottawa.ca\/wp-content\/uploads\/2025\/05\/T6_9470-8-scaled.jpg\" alt=\"_T6_9470 (8)\" height=\"1707\" width=\"2560\" title=\"_T6_9470 (8)\" onerror=\"this.style.display='none'\" loading=\"lazy\" \/>\n\t\t\t\t<\/a>\n\t<\/figure>\n\t\t\t<a href=\"https:\/\/www.runottawa.ca\/fr\/news-item\/beyond-the-pale-brewing-company-devient-le-fournisseur-de-biere-officiel-de-la-fin-de-semaine-des-courses-tamarack-dottawa-de-2025\/\"  target=\"_self\">\n\t\t\t\t\t\t\tRestez inform\u00e9!\n\t\t\t\t\t<\/a>\n<h4>\n\t\t<a href=\"https:\/\/www.runottawa.ca\/fr\/ro\/les-courses\/calendrier-des-activites\/\" title=\"Plus de courses organis\u00e9es par Courez Ottawa\"  target=\"_self\">\n\t\t\tPlus de courses organis\u00e9es par Courez Ottawa\t\t<\/a>\n\t<\/h4>\n<figure itemscope itemtype=\"https:\/\/schema.org\/ImageObject\">\n\t\t\t\t<a href=\"https:\/\/www.runottawa.ca\/fr\/ro\/les-courses\/calendrier-des-activites\/\"  target=\"_self\" itemprop=\"url\">\n\t\t\t\t<img decoding=\"async\" src=\"https:\/\/www.runottawa.ca\/wp-content\/uploads\/2026\/01\/web-silder-9.png\" alt=\"web silder (9)\" height=\"442\" width=\"1310\" title=\"web silder (9)\" onerror=\"this.style.display='none'\" loading=\"lazy\" \/>\n\t\t\t\t<\/a>\n\t<\/figure>\n\t\t\t<a href=\"https:\/\/www.runottawa.ca\/fr\/ro\/les-courses\/calendrier-des-activites\/\"  target=\"_self\">\n\t\t\t\t\t\t\tLacez vos chaussures et c&rsquo;est parti!\n\t\t\t\t\t<\/a>\n\n","protected":false},"excerpt":{"rendered":"<p>la Fin de semaine des courses Tamarack d&rsquo;Ottawa 2026 Location Ottawa, Ontario, Canada Date 23 et 24 mai 2026 INSCRIVEZ-VOUS POUR 2026! DEVENEZ B\u00c9N\u00c9VOLE POUR 2026! Le Marathon international d&rsquo;Ottawa Tamarack Homes COMPLET! Le Demi-marathon d&rsquo;Ottawa pr\u00e9sent\u00e9 par Desjardins COMPLET! Le 10K d&rsquo;Ottawa pr\u00e9sent\u00e9 par Otto&rsquo;s Ottawa PLUS DE 85 [&hellip;]<\/p>\n","protected":false},"author":33,"featured_media":0,"parent":0,"menu_order":508,"comment_status":"closed","ping_status":"closed","template":"template-homepage-bb.php","meta":{"_acf_changed":false,"footnotes":""},"class_list":["post-12592","page","type-page","status-publish","hentry"],"acf":[],"yoast_head":"<!-- This site is optimized with the Yoast SEO plugin v27.4 - https:\/\/yoast.com\/product\/yoast-seo-wordpress\/ -->\n<title>Fin de semaine des courses Tamarack d\u2019Ottawa - Run Ottawa<\/title>\n<meta name=\"robots\" content=\"index, follow, max-snippet:-1, max-image-preview:large, max-video-preview:-1\" \/>\n<link rel=\"canonical\" href=\"https:\/\/www.runottawa.ca\/fr\/\" \/>\n<meta name=\"twitter:label1\" content=\"Dur\u00e9e de lecture estim\u00e9e\" \/>\n\t<meta name=\"twitter:data1\" content=\"3 minutes\" \/>\n<script type=\"application\/ld+json\" class=\"yoast-schema-graph\">{\"@context\":\"https:\\\/\\\/schema.org\",\"@graph\":[{\"@type\":\"WebPage\",\"@id\":\"https:\\\/\\\/www.runottawa.ca\\\/fr\\\/\",\"url\":\"https:\\\/\\\/www.runottawa.ca\\\/fr\\\/\",\"name\":\"Fin de semaine des courses Tamarack d\u2019Ottawa - Run Ottawa\",\"isPartOf\":{\"@id\":\"https:\\\/\\\/www.runottawa.ca\\\/fr\\\/#website\"},\"datePublished\":\"2017-02-16T17:28:54+00:00\",\"dateModified\":\"2026-04-13T12:30:00+00:00\",\"breadcrumb\":{\"@id\":\"https:\\\/\\\/www.runottawa.ca\\\/fr\\\/#breadcrumb\"},\"inLanguage\":\"fr-FR\",\"potentialAction\":[{\"@type\":\"ReadAction\",\"target\":[\"https:\\\/\\\/www.runottawa.ca\\\/fr\\\/\"]}]},{\"@type\":\"BreadcrumbList\",\"@id\":\"https:\\\/\\\/www.runottawa.ca\\\/fr\\\/#breadcrumb\",\"itemListElement\":[{\"@type\":\"ListItem\",\"position\":1,\"name\":\"Home\",\"item\":\"https:\\\/\\\/www.runottawa.ca\\\/fr\\\/\"},{\"@type\":\"ListItem\",\"position\":2,\"name\":\"Fin de semaine des courses Tamarack d\u2019Ottawa\"}]},{\"@type\":\"WebSite\",\"@id\":\"https:\\\/\\\/www.runottawa.ca\\\/fr\\\/#website\",\"url\":\"https:\\\/\\\/www.runottawa.ca\\\/fr\\\/\",\"name\":\"Run Ottawa\",\"description\":\"\",\"potentialAction\":[{\"@type\":\"SearchAction\",\"target\":{\"@type\":\"EntryPoint\",\"urlTemplate\":\"https:\\\/\\\/www.runottawa.ca\\\/fr\\\/?s={search_term_string}\"},\"query-input\":{\"@type\":\"PropertyValueSpecification\",\"valueRequired\":true,\"valueName\":\"search_term_string\"}}],\"inLanguage\":\"fr-FR\"}]}<\/script>\n<!-- \/ Yoast SEO plugin. -->","yoast_head_json":{"title":"Fin de semaine des courses Tamarack d\u2019Ottawa - Run Ottawa","robots":{"index":"index","follow":"follow","max-snippet":"max-snippet:-1","max-image-preview":"max-image-preview:large","max-video-preview":"max-video-preview:-1"},"canonical":"https:\/\/www.runottawa.ca\/fr\/","twitter_misc":{"Dur\u00e9e de lecture estim\u00e9e":"3 minutes"},"schema":{"@context":"https:\/\/schema.org","@graph":[{"@type":"WebPage","@id":"https:\/\/www.runottawa.ca\/fr\/","url":"https:\/\/www.runottawa.ca\/fr\/","name":"Fin de semaine des courses Tamarack d\u2019Ottawa - Run Ottawa","isPartOf":{"@id":"https:\/\/www.runottawa.ca\/fr\/#website"},"datePublished":"2017-02-16T17:28:54+00:00","dateModified":"2026-04-13T12:30:00+00:00","breadcrumb":{"@id":"https:\/\/www.runottawa.ca\/fr\/#breadcrumb"},"inLanguage":"fr-FR","potentialAction":[{"@type":"ReadAction","target":["https:\/\/www.runottawa.ca\/fr\/"]}]},{"@type":"BreadcrumbList","@id":"https:\/\/www.runottawa.ca\/fr\/#breadcrumb","itemListElement":[{"@type":"ListItem","position":1,"name":"Home","item":"https:\/\/www.runottawa.ca\/fr\/"},{"@type":"ListItem","position":2,"name":"Fin de semaine des courses Tamarack d\u2019Ottawa"}]},{"@type":"WebSite","@id":"https:\/\/www.runottawa.ca\/fr\/#website","url":"https:\/\/www.runottawa.ca\/fr\/","name":"Run Ottawa","description":"","potentialAction":[{"@type":"SearchAction","target":{"@type":"EntryPoint","urlTemplate":"https:\/\/www.runottawa.ca\/fr\/?s={search_term_string}"},"query-input":{"@type":"PropertyValueSpecification","valueRequired":true,"valueName":"search_term_string"}}],"inLanguage":"fr-FR"}]}},"_links":{"self":[{"href":"https:\/\/www.runottawa.ca\/fr\/wp-json\/wp\/v2\/pages\/12592","targetHints":{"allow":["GET"]}}],"collection":[{"href":"https:\/\/www.runottawa.ca\/fr\/wp-json\/wp\/v2\/pages"}],"about":[{"href":"https:\/\/www.runottawa.ca\/fr\/wp-json\/wp\/v2\/types\/page"}],"author":[{"embeddable":true,"href":"https:\/\/www.runottawa.ca\/fr\/wp-json\/wp\/v2\/users\/33"}],"replies":[{"embeddable":true,"href":"https:\/\/www.runottawa.ca\/fr\/wp-json\/wp\/v2\/comments?post=12592"}],"version-history":[{"count":12,"href":"https:\/\/www.runottawa.ca\/fr\/wp-json\/wp\/v2\/pages\/12592\/revisions"}],"predecessor-version":[{"id":44763,"href":"https:\/\/www.runottawa.ca\/fr\/wp-json\/wp\/v2\/pages\/12592\/revisions\/44763"}],"wp:attachment":[{"href":"https:\/\/www.runottawa.ca\/fr\/wp-json\/wp\/v2\/media?parent=12592"}],"curies":[{"name":"wp","href":"https:\/\/api.w.org\/{rel}","templated":true}]}}