{"id":12170,"date":"2017-01-11T12:09:00","date_gmt":"2017-01-11T17:09:00","guid":{"rendered":"http:\/\/www.runottawa.ca\/?page_id=12170"},"modified":"2026-02-03T09:46:08","modified_gmt":"2026-02-03T14:46:08","slug":"courez-ottawa-pour-enfants-1","status":"publish","type":"page","link":"https:\/\/www.runottawa.ca\/fr\/ro\/programmes\/courez-ottawa-pour-enfants-1\/","title":{"rendered":"Courez Ottawa pour enfants"},"content":{"rendered":"<p><a href=\"https:\/\/www.runottawa.ca\/fr\/a-propos-du-programme-courez-ottawa-pour-enfants\/\">Le programme Courez Ottawa pour enfants<\/a> est une initiative communautaire d\u00e9velopp\u00e9e pour mettre les enfants sur pied et encourager un mode de vie sain et actif d\u00e8s leur plus jeune \u00e2ge.<\/p>\n<p>Tous les \u00e9v\u00e9nements suivants de Courez Ottawa s&rsquo;adressent sp\u00e9cifiquement aux enfants \u00e2g\u00e9s de 6 \u00e0 12 ans, afin qu&rsquo;ils puissent profiter du sentiment d&rsquo;accomplissement et de fiert\u00e9 qui accompagne le franchissement de la ligne d&rsquo;arriv\u00e9e d&rsquo;une \u00e9preuve de course.<\/p>\n<h2>S\u00e9rie de courses Courez Ottawa pour enfants<\/h2>\n<ul>\n<li><a href=\"https:\/\/www.runottawa.ca\/fr\/les-courses\/fin-de-semaine-des-courses-tamarack-dottawa\/scotiabank-ottawa-kids-marathon\"><span style=\"font-weight: 400;\">Marathon d\u2019Ottawa pour les enfants<\/span><\/a><\/li>\n<li><a href=\"https:\/\/www.runottawa.ca\/fr\/les-courses\/courses-courez-ottawa\/emilies-run-5k\"><span style=\"font-weight: 400;\">Course d&rsquo;enfants des petits champions 1K<\/span><\/a><\/li>\n<li><a href=\"https:\/\/www.runottawa.ca\/fr\/les-courses\/courses-courez-ottawa\/scotiabank-canada-day-road-races\"><span style=\"font-weight: 400;\">Les Courses sur route pour la f\u00eate du Canada d\u2019Otto\u2019s Ottawa<\/span><\/a><\/li>\n<li><span style=\"font-weight: 400;\"><a href=\"https:\/\/www.runottawa.ca\/fr\/les-courses\/courses-courez-ottawa\/cookie-run\">La Grande Cookie Run Desjardins<\/a><\/span><\/li>\n<\/ul>\n<h3>Parents et enseignants, nous sommes tr\u00e8s heureux de vous pr\u00e9senter un tout nouveau <a href=\"https:\/\/www.runottawa.ca\/fr\/ro\/programmes\/courez-ottawa-pour-enfants\/\">programme pour le Marathon d\u2019Ottawa pour les enfants<\/a>!<\/h3>\n\n<p><span style=\"font-weight: 400;\"><a href=\"https:\/\/www.runottawa.ca\/wp-content\/uploads\/2026\/01\/KRO-.png\"><img loading=\"lazy\" decoding=\"async\" class=\"aligncenter wp-image-43919 \" src=\"https:\/\/www.runottawa.ca\/wp-content\/uploads\/2026\/01\/KRO--300x300.png\" alt=\"\" width=\"416\" height=\"416\" srcset=\"https:\/\/www.runottawa.ca\/wp-content\/uploads\/2026\/01\/KRO--300x300.png 300w, https:\/\/www.runottawa.ca\/wp-content\/uploads\/2026\/01\/KRO--1024x1024.png 1024w, https:\/\/www.runottawa.ca\/wp-content\/uploads\/2026\/01\/KRO--150x150.png 150w, https:\/\/www.runottawa.ca\/wp-content\/uploads\/2026\/01\/KRO--768x768.png 768w, https:\/\/www.runottawa.ca\/wp-content\/uploads\/2026\/01\/KRO--590x590.png 590w, https:\/\/www.runottawa.ca\/wp-content\/uploads\/2026\/01\/KRO-.png 1080w\" sizes=\"auto, (max-width: 416px) 100vw, 416px\" \/><\/a><\/span><\/p>\n","protected":false},"excerpt":{"rendered":"<p>Le programme Courez Ottawa pour enfants est une initiative communautaire d\u00e9velopp\u00e9e pour mettre les enfants sur pied et encourager un mode de vie sain et actif d\u00e8s leur plus jeune \u00e2ge. Tous les \u00e9v\u00e9nements suivants de Courez Ottawa s&rsquo;adressent sp\u00e9cifiquement aux enfants \u00e2g\u00e9s de 6 \u00e0 12 ans, afin qu&rsquo;ils [&hellip;]<\/p>\n","protected":false},"author":33,"featured_media":0,"parent":13611,"menu_order":462,"comment_status":"closed","ping_status":"closed","template":"template-page.php","meta":{"_acf_changed":false,"footnotes":""},"class_list":["post-12170","page","type-page","status-publish","hentry"],"acf":[],"yoast_head":"<!-- This site is optimized with the Yoast SEO plugin v27.4 - https:\/\/yoast.com\/product\/yoast-seo-wordpress\/ -->\n<title>Courez Ottawa pour enfants - Run Ottawa<\/title>\n<meta name=\"robots\" content=\"index, follow, max-snippet:-1, max-image-preview:large, max-video-preview:-1\" \/>\n<link rel=\"canonical\" href=\"https:\/\/www.runottawa.ca\/fr\/ro\/programmes\/courez-ottawa-pour-enfants-1\/\" \/>\n<meta name=\"twitter:label1\" content=\"Dur\u00e9e de lecture estim\u00e9e\" \/>\n\t<meta name=\"twitter:data1\" content=\"1 minute\" \/>\n<script type=\"application\/ld+json\" class=\"yoast-schema-graph\">{\"@context\":\"https:\\\/\\\/schema.org\",\"@graph\":[{\"@type\":\"WebPage\",\"@id\":\"https:\\\/\\\/www.runottawa.ca\\\/fr\\\/ro\\\/programmes\\\/courez-ottawa-pour-enfants-1\\\/\",\"url\":\"https:\\\/\\\/www.runottawa.ca\\\/fr\\\/ro\\\/programmes\\\/courez-ottawa-pour-enfants-1\\\/\",\"name\":\"Courez Ottawa pour enfants - Run Ottawa\",\"isPartOf\":{\"@id\":\"https:\\\/\\\/www.runottawa.ca\\\/fr\\\/#website\"},\"datePublished\":\"2017-01-11T17:09:00+00:00\",\"dateModified\":\"2026-02-03T14:46:08+00:00\",\"breadcrumb\":{\"@id\":\"https:\\\/\\\/www.runottawa.ca\\\/fr\\\/ro\\\/programmes\\\/courez-ottawa-pour-enfants-1\\\/#breadcrumb\"},\"inLanguage\":\"fr-FR\",\"potentialAction\":[{\"@type\":\"ReadAction\",\"target\":[\"https:\\\/\\\/www.runottawa.ca\\\/fr\\\/ro\\\/programmes\\\/courez-ottawa-pour-enfants-1\\\/\"]}]},{\"@type\":\"BreadcrumbList\",\"@id\":\"https:\\\/\\\/www.runottawa.ca\\\/fr\\\/ro\\\/programmes\\\/courez-ottawa-pour-enfants-1\\\/#breadcrumb\",\"itemListElement\":[{\"@type\":\"ListItem\",\"position\":1,\"name\":\"Home\",\"item\":\"https:\\\/\\\/www.runottawa.ca\\\/fr\\\/\"},{\"@type\":\"ListItem\",\"position\":2,\"name\":\"Courez Ottawa\",\"item\":\"https:\\\/\\\/www.runottawa.ca\\\/fr\\\/ro\\\/\"},{\"@type\":\"ListItem\",\"position\":3,\"name\":\"Programmes\",\"item\":\"https:\\\/\\\/www.runottawa.ca\\\/fr\\\/ro\\\/programmes\\\/\"},{\"@type\":\"ListItem\",\"position\":4,\"name\":\"Courez Ottawa pour enfants\"}]},{\"@type\":\"WebSite\",\"@id\":\"https:\\\/\\\/www.runottawa.ca\\\/fr\\\/#website\",\"url\":\"https:\\\/\\\/www.runottawa.ca\\\/fr\\\/\",\"name\":\"Run Ottawa\",\"description\":\"\",\"potentialAction\":[{\"@type\":\"SearchAction\",\"target\":{\"@type\":\"EntryPoint\",\"urlTemplate\":\"https:\\\/\\\/www.runottawa.ca\\\/fr\\\/?s={search_term_string}\"},\"query-input\":{\"@type\":\"PropertyValueSpecification\",\"valueRequired\":true,\"valueName\":\"search_term_string\"}}],\"inLanguage\":\"fr-FR\"}]}<\/script>\n<!-- \/ Yoast SEO plugin. -->","yoast_head_json":{"title":"Courez Ottawa pour enfants - Run Ottawa","robots":{"index":"index","follow":"follow","max-snippet":"max-snippet:-1","max-image-preview":"max-image-preview:large","max-video-preview":"max-video-preview:-1"},"canonical":"https:\/\/www.runottawa.ca\/fr\/ro\/programmes\/courez-ottawa-pour-enfants-1\/","twitter_misc":{"Dur\u00e9e de lecture estim\u00e9e":"1 minute"},"schema":{"@context":"https:\/\/schema.org","@graph":[{"@type":"WebPage","@id":"https:\/\/www.runottawa.ca\/fr\/ro\/programmes\/courez-ottawa-pour-enfants-1\/","url":"https:\/\/www.runottawa.ca\/fr\/ro\/programmes\/courez-ottawa-pour-enfants-1\/","name":"Courez Ottawa pour enfants - Run Ottawa","isPartOf":{"@id":"https:\/\/www.runottawa.ca\/fr\/#website"},"datePublished":"2017-01-11T17:09:00+00:00","dateModified":"2026-02-03T14:46:08+00:00","breadcrumb":{"@id":"https:\/\/www.runottawa.ca\/fr\/ro\/programmes\/courez-ottawa-pour-enfants-1\/#breadcrumb"},"inLanguage":"fr-FR","potentialAction":[{"@type":"ReadAction","target":["https:\/\/www.runottawa.ca\/fr\/ro\/programmes\/courez-ottawa-pour-enfants-1\/"]}]},{"@type":"BreadcrumbList","@id":"https:\/\/www.runottawa.ca\/fr\/ro\/programmes\/courez-ottawa-pour-enfants-1\/#breadcrumb","itemListElement":[{"@type":"ListItem","position":1,"name":"Home","item":"https:\/\/www.runottawa.ca\/fr\/"},{"@type":"ListItem","position":2,"name":"Courez Ottawa","item":"https:\/\/www.runottawa.ca\/fr\/ro\/"},{"@type":"ListItem","position":3,"name":"Programmes","item":"https:\/\/www.runottawa.ca\/fr\/ro\/programmes\/"},{"@type":"ListItem","position":4,"name":"Courez Ottawa pour enfants"}]},{"@type":"WebSite","@id":"https:\/\/www.runottawa.ca\/fr\/#website","url":"https:\/\/www.runottawa.ca\/fr\/","name":"Run Ottawa","description":"","potentialAction":[{"@type":"SearchAction","target":{"@type":"EntryPoint","urlTemplate":"https:\/\/www.runottawa.ca\/fr\/?s={search_term_string}"},"query-input":{"@type":"PropertyValueSpecification","valueRequired":true,"valueName":"search_term_string"}}],"inLanguage":"fr-FR"}]}},"_links":{"self":[{"href":"https:\/\/www.runottawa.ca\/fr\/wp-json\/wp\/v2\/pages\/12170","targetHints":{"allow":["GET"]}}],"collection":[{"href":"https:\/\/www.runottawa.ca\/fr\/wp-json\/wp\/v2\/pages"}],"about":[{"href":"https:\/\/www.runottawa.ca\/fr\/wp-json\/wp\/v2\/types\/page"}],"author":[{"embeddable":true,"href":"https:\/\/www.runottawa.ca\/fr\/wp-json\/wp\/v2\/users\/33"}],"replies":[{"embeddable":true,"href":"https:\/\/www.runottawa.ca\/fr\/wp-json\/wp\/v2\/comments?post=12170"}],"version-history":[{"count":12,"href":"https:\/\/www.runottawa.ca\/fr\/wp-json\/wp\/v2\/pages\/12170\/revisions"}],"predecessor-version":[{"id":44096,"href":"https:\/\/www.runottawa.ca\/fr\/wp-json\/wp\/v2\/pages\/12170\/revisions\/44096"}],"up":[{"embeddable":true,"href":"https:\/\/www.runottawa.ca\/fr\/wp-json\/wp\/v2\/pages\/13611"}],"wp:attachment":[{"href":"https:\/\/www.runottawa.ca\/fr\/wp-json\/wp\/v2\/media?parent=12170"}],"curies":[{"name":"wp","href":"https:\/\/api.w.org\/{rel}","templated":true}]}}