{"id":1106,"date":"2014-03-11T10:29:44","date_gmt":"2014-03-11T14:29:44","guid":{"rendered":"http:\/\/www.runottawa.ca\/les-courses\/run-ottawa-races\/"},"modified":"2016-09-19T09:23:41","modified_gmt":"2016-09-19T13:23:41","slug":"courses-courez-ottawa","status":"publish","type":"page","link":"https:\/\/www.runottawa.ca\/fr\/ro\/les-courses\/courses-courez-ottawa\/","title":{"rendered":"Les courses Courez Ottawa"},"content":{"rendered":"<p>Chaque ann\u00e9e Courez Ottawa organise plusieurs belles activit\u00e9s de course, dont certaines se poursuivent maintenant depuis une trentaine d\u2019ann\u00e9es.\u00a0 Chaque course a sa personnalit\u00e9 propre qui tient \u00e0 l\u2019emplacement, \u00e0 la saison, aux distances et \u00e0 l\u2019histoire de la course.\u00a0 Nous vous invitons \u00e0 venir les essayer toutes et \u00e0 faire de votre pr\u00e9f\u00e9r\u00e9e une tradition annuelle.<\/p>\n<ul>\n<li><a title=\"Annuelles de Richmond\" href=\"https:\/\/www.runottawa.ca\/fr\/les-courses\/courses-courez-ottawa\/annuelles-de-richmond\/\">Annuelles de Richmond\u00a0pr\u00e9sent\u00e9es par Bushtukah<\/a><\/li>\n<li><a href=\"https:\/\/www.runottawa.ca\/fr\/les-courses\/courses-courez-ottawa\/emilies-run-5k\">Sports 4 \u00c9milie&rsquo;s Run 5K<\/a><\/li>\n<li><a title=\"Courses sur route de la journ\u00e9e du Canada Banque Scotia\" href=\"https:\/\/www.runottawa.ca\/fr\/les-courses\/courses-courez-ottawa\/scotiabank-canada-day-road-races\/\">Courses sur route de la journ\u00e9e du Canada Banque Scotia\u00a0pr\u00e9sent\u00e9es par Bushtukah<\/a><\/li>\n<li><a href=\"https:\/\/www.runottawa.ca\/fr\/les-courses\/courses-courez-ottawa\/the-515-farm-run\">La course 5\/15 \u00e0 la ferme<\/a><\/li>\n<li><a href=\"https:\/\/www.runottawa.ca\/fr\/les-courses\/courses-courez-ottawa\/run-for-the-animals\">Run for the Animals<\/a><\/li>\n<li><a href=\"https:\/\/www.runottawa.ca\/fr\/elles-courent-ottawa\">Elles Courent Ottawa 5K<\/a><\/li>\n<li><a title=\"Courses de fond Jim Howe Memorial\" href=\"https:\/\/www.runottawa.ca\/fr\/les-courses\/courses-courez-ottawa\/courses-de-fond-jim-howe\/\">Courses de fond Jim Howe Memorial<\/a><\/li>\n<li><a title=\"La Cookie Run\" href=\"https:\/\/www.runottawa.ca\/fr\/les-courses\/courses-courez-ottawa\/cookie-run\/\">La Cookie Run\u00a0pr\u00e9sent\u00e9 par\u00a0Running Room<\/a><\/li>\n<\/ul>\n<p>&nbsp;<\/p>\n","protected":false},"excerpt":{"rendered":"<p>Chaque ann\u00e9e Courez Ottawa organise plusieurs belles activit\u00e9s de course, dont certaines se poursuivent maintenant depuis une trentaine d\u2019ann\u00e9es.\u00a0 Chaque course a sa personnalit\u00e9 propre qui tient \u00e0 l\u2019emplacement, \u00e0 la saison, aux distances et \u00e0 l\u2019histoire de la course.\u00a0 Nous vous invitons \u00e0 venir les essayer toutes et \u00e0 [&hellip;]<\/p>\n","protected":false},"author":10,"featured_media":0,"parent":311,"menu_order":344,"comment_status":"closed","ping_status":"open","template":"template-page.php","meta":{"_acf_changed":false,"footnotes":""},"class_list":["post-1106","page","type-page","status-publish","hentry"],"acf":[],"yoast_head":"<!-- This site is optimized with the Yoast SEO plugin v27.5 - https:\/\/yoast.com\/product\/yoast-seo-wordpress\/ -->\n<title>Les courses Courez Ottawa - Run Ottawa<\/title>\n<meta name=\"robots\" content=\"index, follow, max-snippet:-1, max-image-preview:large, max-video-preview:-1\" \/>\n<link rel=\"canonical\" href=\"https:\/\/www.runottawa.ca\/fr\/ro\/les-courses\/courses-courez-ottawa\/\" \/>\n<meta name=\"twitter:label1\" content=\"Dur\u00e9e de lecture estim\u00e9e\" \/>\n\t<meta name=\"twitter:data1\" content=\"1 minute\" \/>\n<script type=\"application\/ld+json\" class=\"yoast-schema-graph\">{\"@context\":\"https:\\\/\\\/schema.org\",\"@graph\":[{\"@type\":\"WebPage\",\"@id\":\"https:\\\/\\\/www.runottawa.ca\\\/fr\\\/ro\\\/les-courses\\\/courses-courez-ottawa\\\/\",\"url\":\"https:\\\/\\\/www.runottawa.ca\\\/fr\\\/ro\\\/les-courses\\\/courses-courez-ottawa\\\/\",\"name\":\"Les courses Courez Ottawa - Run Ottawa\",\"isPartOf\":{\"@id\":\"https:\\\/\\\/www.runottawa.ca\\\/fr\\\/#website\"},\"datePublished\":\"2014-03-11T14:29:44+00:00\",\"dateModified\":\"2016-09-19T13:23:41+00:00\",\"breadcrumb\":{\"@id\":\"https:\\\/\\\/www.runottawa.ca\\\/fr\\\/ro\\\/les-courses\\\/courses-courez-ottawa\\\/#breadcrumb\"},\"inLanguage\":\"fr-FR\",\"potentialAction\":[{\"@type\":\"ReadAction\",\"target\":[\"https:\\\/\\\/www.runottawa.ca\\\/fr\\\/ro\\\/les-courses\\\/courses-courez-ottawa\\\/\"]}]},{\"@type\":\"BreadcrumbList\",\"@id\":\"https:\\\/\\\/www.runottawa.ca\\\/fr\\\/ro\\\/les-courses\\\/courses-courez-ottawa\\\/#breadcrumb\",\"itemListElement\":[{\"@type\":\"ListItem\",\"position\":1,\"name\":\"Home\",\"item\":\"https:\\\/\\\/www.runottawa.ca\\\/fr\\\/\"},{\"@type\":\"ListItem\",\"position\":2,\"name\":\"Courez Ottawa\",\"item\":\"https:\\\/\\\/www.runottawa.ca\\\/fr\\\/ro\\\/\"},{\"@type\":\"ListItem\",\"position\":3,\"name\":\"Les courses\",\"item\":\"https:\\\/\\\/www.runottawa.ca\\\/fr\\\/ro\\\/les-courses\\\/\"},{\"@type\":\"ListItem\",\"position\":4,\"name\":\"Les courses Courez Ottawa\"}]},{\"@type\":\"WebSite\",\"@id\":\"https:\\\/\\\/www.runottawa.ca\\\/fr\\\/#website\",\"url\":\"https:\\\/\\\/www.runottawa.ca\\\/fr\\\/\",\"name\":\"Run Ottawa\",\"description\":\"\",\"potentialAction\":[{\"@type\":\"SearchAction\",\"target\":{\"@type\":\"EntryPoint\",\"urlTemplate\":\"https:\\\/\\\/www.runottawa.ca\\\/fr\\\/?s={search_term_string}\"},\"query-input\":{\"@type\":\"PropertyValueSpecification\",\"valueRequired\":true,\"valueName\":\"search_term_string\"}}],\"inLanguage\":\"fr-FR\"}]}<\/script>\n<!-- \/ Yoast SEO plugin. -->","yoast_head_json":{"title":"Les courses Courez Ottawa - Run Ottawa","robots":{"index":"index","follow":"follow","max-snippet":"max-snippet:-1","max-image-preview":"max-image-preview:large","max-video-preview":"max-video-preview:-1"},"canonical":"https:\/\/www.runottawa.ca\/fr\/ro\/les-courses\/courses-courez-ottawa\/","twitter_misc":{"Dur\u00e9e de lecture estim\u00e9e":"1 minute"},"schema":{"@context":"https:\/\/schema.org","@graph":[{"@type":"WebPage","@id":"https:\/\/www.runottawa.ca\/fr\/ro\/les-courses\/courses-courez-ottawa\/","url":"https:\/\/www.runottawa.ca\/fr\/ro\/les-courses\/courses-courez-ottawa\/","name":"Les courses Courez Ottawa - Run Ottawa","isPartOf":{"@id":"https:\/\/www.runottawa.ca\/fr\/#website"},"datePublished":"2014-03-11T14:29:44+00:00","dateModified":"2016-09-19T13:23:41+00:00","breadcrumb":{"@id":"https:\/\/www.runottawa.ca\/fr\/ro\/les-courses\/courses-courez-ottawa\/#breadcrumb"},"inLanguage":"fr-FR","potentialAction":[{"@type":"ReadAction","target":["https:\/\/www.runottawa.ca\/fr\/ro\/les-courses\/courses-courez-ottawa\/"]}]},{"@type":"BreadcrumbList","@id":"https:\/\/www.runottawa.ca\/fr\/ro\/les-courses\/courses-courez-ottawa\/#breadcrumb","itemListElement":[{"@type":"ListItem","position":1,"name":"Home","item":"https:\/\/www.runottawa.ca\/fr\/"},{"@type":"ListItem","position":2,"name":"Courez Ottawa","item":"https:\/\/www.runottawa.ca\/fr\/ro\/"},{"@type":"ListItem","position":3,"name":"Les courses","item":"https:\/\/www.runottawa.ca\/fr\/ro\/les-courses\/"},{"@type":"ListItem","position":4,"name":"Les courses Courez Ottawa"}]},{"@type":"WebSite","@id":"https:\/\/www.runottawa.ca\/fr\/#website","url":"https:\/\/www.runottawa.ca\/fr\/","name":"Run Ottawa","description":"","potentialAction":[{"@type":"SearchAction","target":{"@type":"EntryPoint","urlTemplate":"https:\/\/www.runottawa.ca\/fr\/?s={search_term_string}"},"query-input":{"@type":"PropertyValueSpecification","valueRequired":true,"valueName":"search_term_string"}}],"inLanguage":"fr-FR"}]}},"_links":{"self":[{"href":"https:\/\/www.runottawa.ca\/fr\/wp-json\/wp\/v2\/pages\/1106","targetHints":{"allow":["GET"]}}],"collection":[{"href":"https:\/\/www.runottawa.ca\/fr\/wp-json\/wp\/v2\/pages"}],"about":[{"href":"https:\/\/www.runottawa.ca\/fr\/wp-json\/wp\/v2\/types\/page"}],"author":[{"embeddable":true,"href":"https:\/\/www.runottawa.ca\/fr\/wp-json\/wp\/v2\/users\/10"}],"replies":[{"embeddable":true,"href":"https:\/\/www.runottawa.ca\/fr\/wp-json\/wp\/v2\/comments?post=1106"}],"version-history":[{"count":11,"href":"https:\/\/www.runottawa.ca\/fr\/wp-json\/wp\/v2\/pages\/1106\/revisions"}],"predecessor-version":[{"id":11292,"href":"https:\/\/www.runottawa.ca\/fr\/wp-json\/wp\/v2\/pages\/1106\/revisions\/11292"}],"up":[{"embeddable":true,"href":"https:\/\/www.runottawa.ca\/fr\/wp-json\/wp\/v2\/pages\/311"}],"wp:attachment":[{"href":"https:\/\/www.runottawa.ca\/fr\/wp-json\/wp\/v2\/media?parent=1106"}],"curies":[{"name":"wp","href":"https:\/\/api.w.org\/{rel}","templated":true}]}}