{"id":1078,"date":"2014-07-06T14:41:53","date_gmt":"2014-07-06T18:41:53","guid":{"rendered":"http:\/\/www.runottawa.ca\/information-standards\/"},"modified":"2024-01-17T13:33:00","modified_gmt":"2024-01-17T18:33:00","slug":"standards-athletiques","status":"publish","type":"page","link":"https:\/\/www.runottawa.ca\/fr\/torw\/coureurs\/standards-athletiques\/","title":{"rendered":"Standards athl\u00e9tiques"},"content":{"rendered":"<p><span style=\"font-weight: 400;\">La Fin de semaine des courses d\u2019Ottawa Tamarack soutient le d\u00e9vouement et l\u2019engagement des athl\u00e8tes \u00e9lites qui sont en comp\u00e9tition dans le <a href=\"https:\/\/www.runottawa.ca\/fr\/les-courses\/marathon-ottawa\">Marathon International d\u2019Ottawa Tartan<\/a> 2024 et les <a href=\"https:\/\/www.runottawa.ca\/fr\/les-courses\/le-10k-dottawa\">Championnats canadiens 10 km d&rsquo;Athl\u00e9tisme Canada<\/a> 2024 en offrant<\/span><a href=\"https:\/\/www.runottawa.ca\/fr\/torw\/coureurs\/recompenses-et-prix\"> <span style=\"font-weight: 400;\">une structure attrayante de prix en argent<\/span><\/a><span style=\"font-weight: 400;\"> attrayante.<\/span><\/p>\n<p>Les prix en argent pour le Marathon international Tartan d&rsquo;Ottawa 2024 et les Championnats canadiens du 10K d&rsquo;Athl\u00e9tisme Canada 2024 ne sont disponibles que pour les athl\u00e8tes qui s&rsquo;inscrivent et sont accept\u00e9s dans le Programme des athl\u00e8tes d&rsquo;\u00e9lite, par l&rsquo;entremise du <a href=\"https:\/\/www.runottawa.ca\/fr\/torw\/coureurs\/application\">formulaire d&rsquo;inscription des athl\u00e8tes d&rsquo;\u00e9lite.<\/a> Les athl\u00e8tes qui s&rsquo;inscrivent par le processus d&rsquo;inscription ouvert ne seront pas admissibles.<\/p>\n<h2><b>ATHL\u00c8TES INTERNATIONAUX<\/b><\/h2>\n<p><span style=\"font-weight: 400;\">Le<\/span><a href=\"https:\/\/www.runottawa.ca\/fr\/les-courses\/marathon-ottawa\"> <span style=\"font-weight: 400;\">Marathon International d\u2019Ottawa Tartan<\/span><\/a> 2<span style=\"font-weight: 400;\">024 est une course du label World Athletics. Nous recrutons des athl\u00e8tes s\u00e9lectionn\u00e9s pour notre champ d&rsquo;\u00e9lite. Les autres athl\u00e8tes internationaux int\u00e9ress\u00e9s doivent remplir le formulaire de demande. <\/span><\/p>\n<p><span style=\"font-weight: 400;\">Comme<\/span><a href=\"https:\/\/www.runottawa.ca\/fr\/les-courses\/le-10k-dottawa\"> <span style=\"font-weight: 400;\">le 10K d\u2019Ottawa present\u00e9 par Otto&rsquo;s Ottawa<\/span><\/a><span style=\"font-weight: 400;\"> ne sera pas une \u00e9preuve label World Athletics en 2024, donc nous ne recruterons pas d&rsquo;athl\u00e8tes internationaux pour la course de cette ann\u00e9e. Si vous \u00eates un athl\u00e8te international, veuillez ne pas demander le statut d&rsquo;\u00e9lite pour le 10 km d&rsquo;Ottawa.<\/span><\/p>\n<h2><b>STATUT D\u2019ATHL\u00c8TE PROFESSIONNEL CANADIEN<\/b><\/h2>\n<p><span style=\"font-weight: 400;\">Les athl\u00e8tes professionnels canadiens doivent maintenant r\u00e9pondre aux normes d\u2019athl\u00e9tisme d\u00e9crites pour \u00eatre admissibles au statut d\u2019athl\u00e8te \u00e9lite.<\/span><\/p>\n<p>L&rsquo;athl\u00e8te d&rsquo;\u00e9lite standard re\u00e7oit une entr\u00e9e gratuite et un acc\u00e8s en premi\u00e8re ligne.<\/p>\n<p><strong>REMARQUE :<\/strong> Toute aide au voyage, indemnit\u00e9 journali\u00e8re ou aide \u00e0 l&rsquo;h\u00e9bergement est laiss\u00e9e \u00e0 la discr\u00e9tion de l&rsquo;organisation de la course.<\/p>\n<h2><b>Standards Athl\u00e9tiques<\/b><\/h2>\n<h2><b>Homme<\/b><\/h2>\n<h2><b>Male<\/b><\/h2>\n<table>\n<tbody>\n<tr>\n<td colspan=\"2\"><span style=\"font-weight: 400;\">\u00a0<\/span><\/td>\n<td><b>Standards Athl\u00e9tiques<\/b><\/td>\n<td><b>Notes<\/b><\/td>\n<\/tr>\n<tr>\n<td rowspan=\"2\"><span style=\"font-weight: 400;\">Qualification du 10K<\/span><\/td>\n<td><span style=\"font-weight: 400;\">5 K<\/span><\/td>\n<td><span style=\"font-weight: 400;\">sub 15:15<\/span><\/td>\n<td>Doivent avoir ex\u00e9cut\u00e9 la standard depuis le 26 mai 2021.<\/td>\n<\/tr>\n<tr>\n<td><span style=\"font-weight: 400;\">10 K<\/span><\/td>\n<td><span style=\"font-weight: 400;\">sub 32:10<\/span><\/td>\n<td>Doivent avoir ex\u00e9cut\u00e9 la standard depuis le 26 mai 2021.<\/td>\n<\/tr>\n<tr>\n<td rowspan=\"2\"><span style=\"font-weight: 400;\">Qualification du Marathon<\/span><\/td>\n<td><span style=\"font-weight: 400;\">1\/2 marathon<\/span><\/td>\n<td><span style=\"font-weight: 400;\">sub 1:08:30<\/span><\/td>\n<td>Doivent avoir ex\u00e9cut\u00e9 la standard depuis le 26 mai 2021.<\/td>\n<\/tr>\n<tr>\n<td><span style=\"font-weight: 400;\">Marathon<\/span><\/td>\n<td><span style=\"font-weight: 400;\">sub 2:28:00<\/span><\/td>\n<td><span style=\"font-weight: 400;\">Doivent avoir ex\u00e9cut\u00e9 la standard depuis le 1 janvier 2021.\u00a0<\/span><\/p>\n<p><span style=\"font-weight: 400;\">\u00a0<\/span><\/td>\n<\/tr>\n<\/tbody>\n<\/table>\n<h2><b>Femme<\/b><\/h2>\n<table>\n<tbody>\n<tr>\n<td colspan=\"2\"><span style=\"font-weight: 400;\">\u00a0<\/span><\/td>\n<td><b>Standards Athl\u00e9tiques<\/b><\/td>\n<td><b>Notes<\/b><\/td>\n<\/tr>\n<tr>\n<td rowspan=\"2\"><span style=\"font-weight: 400;\">Qualification du 10K<\/span><\/td>\n<td><span style=\"font-weight: 400;\">5 K<\/span><\/td>\n<td><span style=\"font-weight: 400;\">Sub 18:30<\/span><\/td>\n<td>Doivent avoir ex\u00e9cut\u00e9 la standard depuis le 26 mai 2021.<\/td>\n<\/tr>\n<tr>\n<td><span style=\"font-weight: 400;\">10 K<\/span><\/td>\n<td><span style=\"font-weight: 400;\">sub 39:00<\/span><\/td>\n<td>Doivent avoir ex\u00e9cut\u00e9 la standard depuis le 26 mai 2021.<\/td>\n<\/tr>\n<tr>\n<td rowspan=\"2\"><span style=\"font-weight: 400;\">Qualification du Marathon<\/span><\/td>\n<td><span style=\"font-weight: 400;\">1\/2 marathon<\/span><\/td>\n<td><span style=\"font-weight: 400;\">sub 1:22:00<\/span><\/td>\n<td>Doivent avoir ex\u00e9cut\u00e9 la standard depuis le 26 mai 2021.<\/td>\n<\/tr>\n<tr>\n<td><span style=\"font-weight: 400;\">Marathon<\/span><\/td>\n<td><span style=\"font-weight: 400;\">sub 3:00:00<\/span><\/td>\n<td><span style=\"font-weight: 400;\">Doivent avoir ex\u00e9cut\u00e9 la standard depuis le 1 janvier 2021.\u00a0<\/span><\/p>\n<p><span style=\"font-weight: 400;\">\u00a0<\/span><\/td>\n<\/tr>\n<\/tbody>\n<\/table>\n<p><strong>Nouveau pour 2024 : Programme d&rsquo;h\u00e9bergement des athl\u00e8tes d&rsquo;\u00e9lite<\/strong><\/p>\n<p><em>En raison des changements apport\u00e9s au programme des athl\u00e8tes d&rsquo;\u00e9lite, seuls certains athl\u00e8tes b\u00e9n\u00e9ficieront d&rsquo;une aide \u00e0 l&rsquo;h\u00e9bergement. Les athl\u00e8tes d&rsquo;\u00e9lite standard peuvent demander un logement local. Les billets seront d&rsquo;abord fournis aux athl\u00e8tes canadiens, par ordre de priorit\u00e9 en fonction du temps de semence. Si un athl\u00e8te est int\u00e9ress\u00e9 par un billet, il peut s\u00e9lectionner l&rsquo;option sur le formulaire de demande. <\/em><\/p>\n<h3>Date limite d&rsquo;inscription<\/h3>\n<p><strong>Pour une participation garantie et sur la base des normes de temps ci-dessous, la date limite de candidature est le 16 avril 2024.<\/strong><\/p>\n<h3>Formulaire de candidature<\/h3>\n<p>Veuillez utiliser le <a href=\"https:\/\/www.runottawa.ca\/fr\/torw\/coureurs\/application\">formulaire de candidature \u00e9lite<\/a>.<\/p>\n<p><b><\/b>Si vous avez des questions, veuillez envoyer un courriel au coordinateur des \u00e9lites, <a href=\"mailto: stephen.athleterep@gmail.com\">Stephen Andersen<\/a>.<\/p>\n","protected":false},"excerpt":{"rendered":"<p>La Fin de semaine des courses d\u2019Ottawa Tamarack soutient le d\u00e9vouement et l\u2019engagement des athl\u00e8tes \u00e9lites qui sont en comp\u00e9tition dans le Marathon International d\u2019Ottawa Tartan 2024 et les Championnats canadiens 10 km d&rsquo;Athl\u00e9tisme Canada 2024 en offrant une structure attrayante de prix en argent attrayante. Les prix en argent [&hellip;]<\/p>\n","protected":false},"author":33,"featured_media":0,"parent":13551,"menu_order":200,"comment_status":"closed","ping_status":"open","template":"template-race-weekend.php","meta":{"_acf_changed":false,"footnotes":""},"class_list":["post-1078","page","type-page","status-publish","hentry"],"acf":[],"yoast_head":"<!-- This site is optimized with the Yoast SEO plugin v27.4 - https:\/\/yoast.com\/product\/yoast-seo-wordpress\/ -->\n<title>Standards athl\u00e9tiques - Run Ottawa<\/title>\n<meta name=\"robots\" content=\"index, follow, max-snippet:-1, max-image-preview:large, max-video-preview:-1\" \/>\n<link rel=\"canonical\" href=\"https:\/\/www.runottawa.ca\/fr\/torw\/coureurs\/standards-athletiques\/\" \/>\n<meta name=\"twitter:label1\" content=\"Dur\u00e9e de lecture estim\u00e9e\" \/>\n\t<meta name=\"twitter:data1\" content=\"3 minutes\" \/>\n<script type=\"application\/ld+json\" class=\"yoast-schema-graph\">{\"@context\":\"https:\\\/\\\/schema.org\",\"@graph\":[{\"@type\":\"WebPage\",\"@id\":\"https:\\\/\\\/www.runottawa.ca\\\/fr\\\/torw\\\/coureurs\\\/standards-athletiques\\\/\",\"url\":\"https:\\\/\\\/www.runottawa.ca\\\/fr\\\/torw\\\/coureurs\\\/standards-athletiques\\\/\",\"name\":\"Standards athl\u00e9tiques - Run Ottawa\",\"isPartOf\":{\"@id\":\"https:\\\/\\\/www.runottawa.ca\\\/fr\\\/#website\"},\"datePublished\":\"2014-07-06T18:41:53+00:00\",\"dateModified\":\"2024-01-17T18:33:00+00:00\",\"breadcrumb\":{\"@id\":\"https:\\\/\\\/www.runottawa.ca\\\/fr\\\/torw\\\/coureurs\\\/standards-athletiques\\\/#breadcrumb\"},\"inLanguage\":\"fr-FR\",\"potentialAction\":[{\"@type\":\"ReadAction\",\"target\":[\"https:\\\/\\\/www.runottawa.ca\\\/fr\\\/torw\\\/coureurs\\\/standards-athletiques\\\/\"]}]},{\"@type\":\"BreadcrumbList\",\"@id\":\"https:\\\/\\\/www.runottawa.ca\\\/fr\\\/torw\\\/coureurs\\\/standards-athletiques\\\/#breadcrumb\",\"itemListElement\":[{\"@type\":\"ListItem\",\"position\":1,\"name\":\"Home\",\"item\":\"https:\\\/\\\/www.runottawa.ca\\\/fr\\\/\"},{\"@type\":\"ListItem\",\"position\":2,\"name\":\"Fin de semaine des courses Tamarack d\u2019Ottawa\",\"item\":\"https:\\\/\\\/www.runottawa.ca\\\/fr\\\/\"},{\"@type\":\"ListItem\",\"position\":3,\"name\":\"Coureurs\",\"item\":\"https:\\\/\\\/www.runottawa.ca\\\/fr\\\/torw\\\/coureurs\\\/\"},{\"@type\":\"ListItem\",\"position\":4,\"name\":\"Standards athl\u00e9tiques\"}]},{\"@type\":\"WebSite\",\"@id\":\"https:\\\/\\\/www.runottawa.ca\\\/fr\\\/#website\",\"url\":\"https:\\\/\\\/www.runottawa.ca\\\/fr\\\/\",\"name\":\"Run Ottawa\",\"description\":\"\",\"potentialAction\":[{\"@type\":\"SearchAction\",\"target\":{\"@type\":\"EntryPoint\",\"urlTemplate\":\"https:\\\/\\\/www.runottawa.ca\\\/fr\\\/?s={search_term_string}\"},\"query-input\":{\"@type\":\"PropertyValueSpecification\",\"valueRequired\":true,\"valueName\":\"search_term_string\"}}],\"inLanguage\":\"fr-FR\"}]}<\/script>\n<!-- \/ Yoast SEO plugin. -->","yoast_head_json":{"title":"Standards athl\u00e9tiques - Run Ottawa","robots":{"index":"index","follow":"follow","max-snippet":"max-snippet:-1","max-image-preview":"max-image-preview:large","max-video-preview":"max-video-preview:-1"},"canonical":"https:\/\/www.runottawa.ca\/fr\/torw\/coureurs\/standards-athletiques\/","twitter_misc":{"Dur\u00e9e de lecture estim\u00e9e":"3 minutes"},"schema":{"@context":"https:\/\/schema.org","@graph":[{"@type":"WebPage","@id":"https:\/\/www.runottawa.ca\/fr\/torw\/coureurs\/standards-athletiques\/","url":"https:\/\/www.runottawa.ca\/fr\/torw\/coureurs\/standards-athletiques\/","name":"Standards athl\u00e9tiques - Run Ottawa","isPartOf":{"@id":"https:\/\/www.runottawa.ca\/fr\/#website"},"datePublished":"2014-07-06T18:41:53+00:00","dateModified":"2024-01-17T18:33:00+00:00","breadcrumb":{"@id":"https:\/\/www.runottawa.ca\/fr\/torw\/coureurs\/standards-athletiques\/#breadcrumb"},"inLanguage":"fr-FR","potentialAction":[{"@type":"ReadAction","target":["https:\/\/www.runottawa.ca\/fr\/torw\/coureurs\/standards-athletiques\/"]}]},{"@type":"BreadcrumbList","@id":"https:\/\/www.runottawa.ca\/fr\/torw\/coureurs\/standards-athletiques\/#breadcrumb","itemListElement":[{"@type":"ListItem","position":1,"name":"Home","item":"https:\/\/www.runottawa.ca\/fr\/"},{"@type":"ListItem","position":2,"name":"Fin de semaine des courses Tamarack d\u2019Ottawa","item":"https:\/\/www.runottawa.ca\/fr\/"},{"@type":"ListItem","position":3,"name":"Coureurs","item":"https:\/\/www.runottawa.ca\/fr\/torw\/coureurs\/"},{"@type":"ListItem","position":4,"name":"Standards athl\u00e9tiques"}]},{"@type":"WebSite","@id":"https:\/\/www.runottawa.ca\/fr\/#website","url":"https:\/\/www.runottawa.ca\/fr\/","name":"Run Ottawa","description":"","potentialAction":[{"@type":"SearchAction","target":{"@type":"EntryPoint","urlTemplate":"https:\/\/www.runottawa.ca\/fr\/?s={search_term_string}"},"query-input":{"@type":"PropertyValueSpecification","valueRequired":true,"valueName":"search_term_string"}}],"inLanguage":"fr-FR"}]}},"_links":{"self":[{"href":"https:\/\/www.runottawa.ca\/fr\/wp-json\/wp\/v2\/pages\/1078","targetHints":{"allow":["GET"]}}],"collection":[{"href":"https:\/\/www.runottawa.ca\/fr\/wp-json\/wp\/v2\/pages"}],"about":[{"href":"https:\/\/www.runottawa.ca\/fr\/wp-json\/wp\/v2\/types\/page"}],"author":[{"embeddable":true,"href":"https:\/\/www.runottawa.ca\/fr\/wp-json\/wp\/v2\/users\/33"}],"replies":[{"embeddable":true,"href":"https:\/\/www.runottawa.ca\/fr\/wp-json\/wp\/v2\/comments?post=1078"}],"version-history":[{"count":14,"href":"https:\/\/www.runottawa.ca\/fr\/wp-json\/wp\/v2\/pages\/1078\/revisions"}],"predecessor-version":[{"id":37859,"href":"https:\/\/www.runottawa.ca\/fr\/wp-json\/wp\/v2\/pages\/1078\/revisions\/37859"}],"up":[{"embeddable":true,"href":"https:\/\/www.runottawa.ca\/fr\/wp-json\/wp\/v2\/pages\/13551"}],"wp:attachment":[{"href":"https:\/\/www.runottawa.ca\/fr\/wp-json\/wp\/v2\/media?parent=1078"}],"curies":[{"name":"wp","href":"https:\/\/api.w.org\/{rel}","templated":true}]}}