{"id":10005,"date":"2016-04-20T11:06:45","date_gmt":"2016-04-20T15:06:45","guid":{"rendered":"http:\/\/www.runottawa.ca\/fr\/?page_id=10005"},"modified":"2017-08-08T09:49:15","modified_gmt":"2017-08-08T13:49:15","slug":"postes-dencouragement","status":"publish","type":"page","link":"https:\/\/www.runottawa.ca\/fr\/torw\/spectateurs\/postes-dencouragement\/","title":{"rendered":"Postes d\u2019encouragement"},"content":{"rendered":"<p>La participation communautaire est un \u00e9l\u00e9ment important de la Fin de semaine des courses Tamarack d&rsquo;Ottawa.<\/p>\n<p>\u00ab\u00a0Beaucoup de gens ne r\u00e9alisent pas l\u2019impact positif que cette participation peut avoir sur nos coureurs, d\u2019avoir des spectateurs qui les encouragent \u00e0 poursuivre leur route\u00a0\u00bb, dit le directeur des courses, John Halvorsen, lui-m\u00eame ancien athl\u00e8te d\u2019\u00e9lite.\u00a0 \u00ab\u00a0Cet appui impressionne les participants.\u00a0\u00bb<\/p>\n<h3>De quoi s\u2019agit-il<\/h3>\n<ul>\n<li>R\u00e9unissez un groupe de gens pour encourager tous les marathoniens et demi-marathoniens \u00e0 un endroit donn\u00e9 le long du parcours\u00a0;<\/li>\n<li>L\u2019endroit choisi d\u00e9terminera le moment o\u00f9 vous devrez vous installer pour \u00eatre pr\u00eats \u00e0 encourager les coureurs\u00a0;<\/li>\n<li>Nous fournirons \u00e0 chaque groupe des trucs de base pour faire du bruit.<\/li>\n<\/ul>\n<p>On attribuera des prix aux 3 postes d\u2019encouragement qui se seront class\u00e9s premiers.\u00a0 3 juges passeront pas tous les postes d\u2019encouragement pour les \u00e9valuer sur\u00a0:<\/p>\n<ul>\n<li>le nombre de personnes,<\/li>\n<li>la vivacit\u00e9 et l\u2019\u00e9nergie,<\/li>\n<li>l\u2019originalit\u00e9 (musique, accessoires, costumes, enseignes),<\/li>\n<li>l\u2019impression d\u2019ensemble (le facteur WOW).<\/li>\n<\/ul>\n<p>Les prix seront de 2\u00a0000\u00a0$ pour le premier prix, 1\u00a0500\u00a0$ pour le deuxi\u00e8me et 500\u00a0$ pour le troisi\u00e8me\u00a0; chaque groupe peut utiliser ce prix pour am\u00e9liorer des initiatives locales dans son quartier.<\/p>\n<p>&nbsp;<\/p>\n<p>Venez pour le plaisir.\u00a0 Contactez <a href=\"mailto:jenn.white10@gmail.com\">Jenn White<\/a>, notre coordonnatrice des postes d\u2019encouragement, si vous avez besoin de plus amples renseignements ou si vous voulez vous inscrire comme un des postes d\u2019encouragement officiels et \u00eatre admissibles aux \u00ab\u00a0prix d\u2019Esprit communautaire\u00a0\u00bb.<\/p>\n","protected":false},"excerpt":{"rendered":"<p>La participation communautaire est un \u00e9l\u00e9ment important de la Fin de semaine des courses Tamarack d&rsquo;Ottawa. \u00ab\u00a0Beaucoup de gens ne r\u00e9alisent pas l\u2019impact positif que cette participation peut avoir sur nos coureurs, d\u2019avoir des spectateurs qui les encouragent \u00e0 poursuivre leur route\u00a0\u00bb, dit le directeur des courses, John Halvorsen, lui-m\u00eame [&hellip;]<\/p>\n","protected":false},"author":33,"featured_media":0,"parent":2474,"menu_order":233,"comment_status":"closed","ping_status":"closed","template":"template-page.php","meta":{"_acf_changed":false,"footnotes":""},"class_list":["post-10005","page","type-page","status-publish","hentry"],"acf":[],"yoast_head":"<!-- This site is optimized with the Yoast SEO plugin v27.4 - https:\/\/yoast.com\/product\/yoast-seo-wordpress\/ -->\n<title>Postes d\u2019encouragement - Run Ottawa<\/title>\n<meta name=\"robots\" content=\"index, follow, max-snippet:-1, max-image-preview:large, max-video-preview:-1\" \/>\n<link rel=\"canonical\" href=\"https:\/\/www.runottawa.ca\/fr\/torw\/spectateurs\/postes-dencouragement\/\" \/>\n<meta name=\"twitter:label1\" content=\"Dur\u00e9e de lecture estim\u00e9e\" \/>\n\t<meta name=\"twitter:data1\" content=\"1 minute\" \/>\n<script type=\"application\/ld+json\" class=\"yoast-schema-graph\">{\"@context\":\"https:\\\/\\\/schema.org\",\"@graph\":[{\"@type\":\"WebPage\",\"@id\":\"https:\\\/\\\/www.runottawa.ca\\\/fr\\\/torw\\\/spectateurs\\\/postes-dencouragement\\\/\",\"url\":\"https:\\\/\\\/www.runottawa.ca\\\/fr\\\/torw\\\/spectateurs\\\/postes-dencouragement\\\/\",\"name\":\"Postes d\u2019encouragement - Run Ottawa\",\"isPartOf\":{\"@id\":\"https:\\\/\\\/www.runottawa.ca\\\/fr\\\/#website\"},\"datePublished\":\"2016-04-20T15:06:45+00:00\",\"dateModified\":\"2017-08-08T13:49:15+00:00\",\"breadcrumb\":{\"@id\":\"https:\\\/\\\/www.runottawa.ca\\\/fr\\\/torw\\\/spectateurs\\\/postes-dencouragement\\\/#breadcrumb\"},\"inLanguage\":\"fr-FR\",\"potentialAction\":[{\"@type\":\"ReadAction\",\"target\":[\"https:\\\/\\\/www.runottawa.ca\\\/fr\\\/torw\\\/spectateurs\\\/postes-dencouragement\\\/\"]}]},{\"@type\":\"BreadcrumbList\",\"@id\":\"https:\\\/\\\/www.runottawa.ca\\\/fr\\\/torw\\\/spectateurs\\\/postes-dencouragement\\\/#breadcrumb\",\"itemListElement\":[{\"@type\":\"ListItem\",\"position\":1,\"name\":\"Home\",\"item\":\"https:\\\/\\\/www.runottawa.ca\\\/fr\\\/\"},{\"@type\":\"ListItem\",\"position\":2,\"name\":\"Fin de semaine des courses Tamarack d\u2019Ottawa\",\"item\":\"https:\\\/\\\/www.runottawa.ca\\\/fr\\\/\"},{\"@type\":\"ListItem\",\"position\":3,\"name\":\"Spectateurs\",\"item\":\"https:\\\/\\\/www.runottawa.ca\\\/fr\\\/torw\\\/spectateurs\\\/\"},{\"@type\":\"ListItem\",\"position\":4,\"name\":\"Postes d\u2019encouragement\"}]},{\"@type\":\"WebSite\",\"@id\":\"https:\\\/\\\/www.runottawa.ca\\\/fr\\\/#website\",\"url\":\"https:\\\/\\\/www.runottawa.ca\\\/fr\\\/\",\"name\":\"Run Ottawa\",\"description\":\"\",\"potentialAction\":[{\"@type\":\"SearchAction\",\"target\":{\"@type\":\"EntryPoint\",\"urlTemplate\":\"https:\\\/\\\/www.runottawa.ca\\\/fr\\\/?s={search_term_string}\"},\"query-input\":{\"@type\":\"PropertyValueSpecification\",\"valueRequired\":true,\"valueName\":\"search_term_string\"}}],\"inLanguage\":\"fr-FR\"}]}<\/script>\n<!-- \/ Yoast SEO plugin. -->","yoast_head_json":{"title":"Postes d\u2019encouragement - Run Ottawa","robots":{"index":"index","follow":"follow","max-snippet":"max-snippet:-1","max-image-preview":"max-image-preview:large","max-video-preview":"max-video-preview:-1"},"canonical":"https:\/\/www.runottawa.ca\/fr\/torw\/spectateurs\/postes-dencouragement\/","twitter_misc":{"Dur\u00e9e de lecture estim\u00e9e":"1 minute"},"schema":{"@context":"https:\/\/schema.org","@graph":[{"@type":"WebPage","@id":"https:\/\/www.runottawa.ca\/fr\/torw\/spectateurs\/postes-dencouragement\/","url":"https:\/\/www.runottawa.ca\/fr\/torw\/spectateurs\/postes-dencouragement\/","name":"Postes d\u2019encouragement - Run Ottawa","isPartOf":{"@id":"https:\/\/www.runottawa.ca\/fr\/#website"},"datePublished":"2016-04-20T15:06:45+00:00","dateModified":"2017-08-08T13:49:15+00:00","breadcrumb":{"@id":"https:\/\/www.runottawa.ca\/fr\/torw\/spectateurs\/postes-dencouragement\/#breadcrumb"},"inLanguage":"fr-FR","potentialAction":[{"@type":"ReadAction","target":["https:\/\/www.runottawa.ca\/fr\/torw\/spectateurs\/postes-dencouragement\/"]}]},{"@type":"BreadcrumbList","@id":"https:\/\/www.runottawa.ca\/fr\/torw\/spectateurs\/postes-dencouragement\/#breadcrumb","itemListElement":[{"@type":"ListItem","position":1,"name":"Home","item":"https:\/\/www.runottawa.ca\/fr\/"},{"@type":"ListItem","position":2,"name":"Fin de semaine des courses Tamarack d\u2019Ottawa","item":"https:\/\/www.runottawa.ca\/fr\/"},{"@type":"ListItem","position":3,"name":"Spectateurs","item":"https:\/\/www.runottawa.ca\/fr\/torw\/spectateurs\/"},{"@type":"ListItem","position":4,"name":"Postes d\u2019encouragement"}]},{"@type":"WebSite","@id":"https:\/\/www.runottawa.ca\/fr\/#website","url":"https:\/\/www.runottawa.ca\/fr\/","name":"Run Ottawa","description":"","potentialAction":[{"@type":"SearchAction","target":{"@type":"EntryPoint","urlTemplate":"https:\/\/www.runottawa.ca\/fr\/?s={search_term_string}"},"query-input":{"@type":"PropertyValueSpecification","valueRequired":true,"valueName":"search_term_string"}}],"inLanguage":"fr-FR"}]}},"_links":{"self":[{"href":"https:\/\/www.runottawa.ca\/fr\/wp-json\/wp\/v2\/pages\/10005","targetHints":{"allow":["GET"]}}],"collection":[{"href":"https:\/\/www.runottawa.ca\/fr\/wp-json\/wp\/v2\/pages"}],"about":[{"href":"https:\/\/www.runottawa.ca\/fr\/wp-json\/wp\/v2\/types\/page"}],"author":[{"embeddable":true,"href":"https:\/\/www.runottawa.ca\/fr\/wp-json\/wp\/v2\/users\/33"}],"replies":[{"embeddable":true,"href":"https:\/\/www.runottawa.ca\/fr\/wp-json\/wp\/v2\/comments?post=10005"}],"version-history":[{"count":4,"href":"https:\/\/www.runottawa.ca\/fr\/wp-json\/wp\/v2\/pages\/10005\/revisions"}],"predecessor-version":[{"id":14326,"href":"https:\/\/www.runottawa.ca\/fr\/wp-json\/wp\/v2\/pages\/10005\/revisions\/14326"}],"up":[{"embeddable":true,"href":"https:\/\/www.runottawa.ca\/fr\/wp-json\/wp\/v2\/pages\/2474"}],"wp:attachment":[{"href":"https:\/\/www.runottawa.ca\/fr\/wp-json\/wp\/v2\/media?parent=10005"}],"curies":[{"name":"wp","href":"https:\/\/api.w.org\/{rel}","templated":true}]}}